{"id":100890,"date":"2021-02-21T22:38:38","date_gmt":"2021-02-21T22:38:38","guid":{"rendered":"https:\/\/www.autonvaraosahaku.fi\/?product=bosch-0-242-236-599-sytytystulpat"},"modified":"2021-02-21T22:38:38","modified_gmt":"2021-02-21T22:38:38","slug":"bosch-0-242-236-599-sytytystulpat","status":"publish","type":"product","link":"https:\/\/www.autonvaraosahaku.fi\/?product=bosch-0-242-236-599-sytytystulpat","title":{"rendered":"Bosch 0 242 236 599 Sytytystulpat"},"content":{"rendered":"<p>K\u00e4rkiv\u00e4li (mm): 1,0; Kiristysmomentti: 28; Kiristyskulma [Grad]: 90; Ulkokierre [mm]: 14; Kierrenousu (mm): 1,25; Kierteen pituus (mm): 19; Avainv\u00e4li: 16; Kipin\u00e4et\u00e4isyys [mm]: 4; Napojen m\u00e4\u00e4r\u00e4: 1; Rakennemalli: ; BMW: 3 E46,3 Touring E91,3 E90,5 E60,1 E87,3 Coupe E46,X1 E84,1 E81,X5 E70,X5 E53,3 Coupe E92,3 Cabriolet E93,7 E65, E66, E67,1 Cabriolet E88,6 E63; NISSAN: PATHFINDER R50,ALMERA I N15,100 NX B13,200 SX S14,300 ZX Z32,MAXIMA QX A32,MAXIMA II J30,NAVARA Pritsche\/Fahrgestell D21,SENTRA B15,PATHFINDER,SENTRA B13; KIA: CARNIVAL II GQ,CARNIVAL I UP; LEXUS: RX MHU3_, GSU3_, MCU3_,IS I JCE1_, GXE1_,GS GRS19_, UZS19_, GWS19_,GS UZS161, JZS160,IS SportCross,RX MCU15,LS UCF20,SC UZZ40_,LS UCF30,LX UZJ100,GX _J12_,ES F1, F2,ES MCV_, VZV_; HONDA: CIVIC VI Coupe EJ, EM1; HYUNDAI: GETZ TB; VOLVO: XC90 I,S80 II AS; SUZUKI: SWIFT III MZ, EZ,GRAND VITARA II JT,SX4 EY, GY,GRAND VITARA I FT; MERCEDES-BENZ: C-CLASS W203,C-CLASS T-Model S203,SLK R170,C-CLASS Coupe CL203,SLK R171,CLK C209,CLK Cabriolet A209,SLK R172; SUBARU: OUTBACK BL, BP,LEGACY V Station Wagon BM, BR,OUTBACK BM, BR,LEGACY V BM, BR; 05159713AA, 5159713AA, 9091901210, 0031599703, A0031599703, 19185432, 22401AA731, 9091901210, 948200550, 9008091180, 9091901210; Tulpat,Sytytystulppa<\/p>\n","protected":false},"excerpt":{"rendered":"<p>BOSCH Sytytystulpat 0 242 236 599 Tulpat,Sytytystulppa BMW,NISSAN,KIA,3 E46,3 Touring E91,3 E90,5 E60,1 E87,3 Coupe E46,X1 E84,1 E81,X5 E70,X5 E53<\/p>\n","protected":false},"featured_media":0,"template":"","meta":{"site-sidebar-layout":"default","site-content-layout":"default","ast-global-header-display":"","ast-main-header-display":"","ast-hfb-above-header-display":"","ast-hfb-below-header-display":"","ast-hfb-mobile-header-display":"","site-post-title":"","ast-breadcrumbs-content":"","ast-featured-img":"","footer-sml-layout":"","theme-transparent-header-meta":"","adv-header-id-meta":"","stick-header-meta":"","header-above-stick-meta":"","header-main-stick-meta":"","header-below-stick-meta":""},"pwb-brand":[534],"product_cat":[165],"product_tag":[],"class_list":{"0":"post-100890","1":"product","2":"type-product","3":"status-publish","5":"pwb-brand-bosch","6":"product_cat-sytytystulpat","7":"desktop-align-left","8":"tablet-align-left","9":"mobile-align-left","11":"first","12":"instock","13":"product-type-external"},"brands":[{"id":534,"name":"Bosch","slug":"bosch"}],"_links":{"self":[{"href":"https:\/\/www.autonvaraosahaku.fi\/index.php?rest_route=\/wp\/v2\/product\/100890","targetHints":{"allow":["GET"]}}],"collection":[{"href":"https:\/\/www.autonvaraosahaku.fi\/index.php?rest_route=\/wp\/v2\/product"}],"about":[{"href":"https:\/\/www.autonvaraosahaku.fi\/index.php?rest_route=\/wp\/v2\/types\/product"}],"wp:attachment":[{"href":"https:\/\/www.autonvaraosahaku.fi\/index.php?rest_route=%2Fwp%2Fv2%2Fmedia&parent=100890"}],"wp:term":[{"taxonomy":"pwb-brand","embeddable":true,"href":"https:\/\/www.autonvaraosahaku.fi\/index.php?rest_route=%2Fwp%2Fv2%2Fpwb-brand&post=100890"},{"taxonomy":"product_cat","embeddable":true,"href":"https:\/\/www.autonvaraosahaku.fi\/index.php?rest_route=%2Fwp%2Fv2%2Fproduct_cat&post=100890"},{"taxonomy":"product_tag","embeddable":true,"href":"https:\/\/www.autonvaraosahaku.fi\/index.php?rest_route=%2Fwp%2Fv2%2Fproduct_tag&post=100890"}],"curies":[{"name":"wp","href":"https:\/\/api.w.org\/{rel}","templated":true}]}}