{"id":100926,"date":"2021-02-21T22:38:47","date_gmt":"2021-02-21T22:38:47","guid":{"rendered":"https:\/\/www.autonvaraosahaku.fi\/?product=bosch-0-242-236-593-sytytystulpat"},"modified":"2021-02-21T22:38:53","modified_gmt":"2021-02-21T22:38:53","slug":"bosch-0-242-236-593-sytytystulpat","status":"publish","type":"product","link":"https:\/\/www.autonvaraosahaku.fi\/?product=bosch-0-242-236-593-sytytystulpat","title":{"rendered":"Bosch 0 242 236 593 Sytytystulpat"},"content":{"rendered":"<p>K\u00e4rkiv\u00e4li (mm): 1,0; Kiristysmomentti: 28; Kiristyskulma [Grad]: 90; Ulkokierre [mm]: 14; Kierrenousu (mm): 1,25; Kierteen pituus (mm): 26,5; Avainv\u00e4li: 16; Kipin\u00e4et\u00e4isyys [mm]: 4; Napojen m\u00e4\u00e4r\u00e4: 1; S\u00e4\u00e4dett\u00e4va k\u00e4rkiv\u00e4li [mm]: 1,1; FIAT: SEDICI; TOYOTA: YARIS NHP13_, NSP13_, NCP13_, KSP13_, NLP13_,LAND CRUISER KDJ12_, GRJ12_,HILUX III Pick-up TGN1_, GGN2_, GGN1_, KUN2_, KUN1_,LAND CRUISER 150 KDJ15_, GRJ15_,HILUX III Pritsche\/Fahrgestell KUN1_, TGN3_, TGN2_, TGN1_,,LAND CRUISER VDJ20_, UZJ20_,TUNDRA Pick-up _K5_,FJ CRUISER GSJ1_,HIACE IV Kasten TRH2_, KDH2_,4 RUNNER UZN21_, KZN21_, GRN21_,HIACE \/ COMMUTER IV TRH2_, KDH2_,TACOMA Pick-up TRN2_, GRN2_,4 RUNNER TRN28_, GRN28_; NISSAN: NAVARA D40,350 Z Z33,MURANO Z50,PATHFINDER R50,350 Z Roadster Z33,MAXIMA QX A33,ALTIMA,SENTRA B15,TEANA I J31; HONDA: CIVIC VIII Stufenheck FD, FA; SUZUKI: SWIFT IV FZ, NZ,GRAND VITARA II JT,SX4 EY, GY,SX4 S-Cross,KIZASHI FR,SX4 Stufenheck GY,VITARA LY; SUBARU: FORESTER SH,IMPREZA Schr\u00e4gheck GR, GH, G3,JUSTY IV,LEGACY V Station Wagon BM, BR,OUTBACK BM, BR,TRIBECA B9,LEGACY V BM, BR,OUTBACK BS; DAIHATSU: SIRION M3_,CUORE VIII; LEXUS: LS UVF4_, USF4_,LX URJ201,GX URJ15_; INFINITI: FX,QX56; 9004851185000, 9091901191000, 71750223, 12290RMX003, 12290RMX013, 9091901191, 22401AA720, 22401AA750, 22401AA751, 0948200606, 9004851185, 9091901191, 9091901237, 9091901266; Tulpat,Sytytystulppa<\/p>\n","protected":false},"excerpt":{"rendered":"<p>BOSCH Sytytystulpat 0 242 236 593 Tulpat,Sytytystulppa FIAT,TOYOTA,NISSAN,SEDICI,YARIS NHP13_, NSP13_, NCP13_, KSP13_, NLP13_<\/p>\n","protected":false},"featured_media":0,"template":"","meta":{"site-sidebar-layout":"default","site-content-layout":"default","ast-global-header-display":"","ast-main-header-display":"","ast-hfb-above-header-display":"","ast-hfb-below-header-display":"","ast-hfb-mobile-header-display":"","site-post-title":"","ast-breadcrumbs-content":"","ast-featured-img":"","footer-sml-layout":"","theme-transparent-header-meta":"","adv-header-id-meta":"","stick-header-meta":"","header-above-stick-meta":"","header-main-stick-meta":"","header-below-stick-meta":""},"pwb-brand":[534],"product_cat":[165],"product_tag":[],"class_list":{"0":"post-100926","1":"product","2":"type-product","3":"status-publish","5":"pwb-brand-bosch","6":"product_cat-sytytystulpat","7":"desktop-align-left","8":"tablet-align-left","9":"mobile-align-left","11":"first","12":"instock","13":"product-type-external"},"brands":[{"id":534,"name":"Bosch","slug":"bosch"}],"_links":{"self":[{"href":"https:\/\/www.autonvaraosahaku.fi\/index.php?rest_route=\/wp\/v2\/product\/100926","targetHints":{"allow":["GET"]}}],"collection":[{"href":"https:\/\/www.autonvaraosahaku.fi\/index.php?rest_route=\/wp\/v2\/product"}],"about":[{"href":"https:\/\/www.autonvaraosahaku.fi\/index.php?rest_route=\/wp\/v2\/types\/product"}],"wp:attachment":[{"href":"https:\/\/www.autonvaraosahaku.fi\/index.php?rest_route=%2Fwp%2Fv2%2Fmedia&parent=100926"}],"wp:term":[{"taxonomy":"pwb-brand","embeddable":true,"href":"https:\/\/www.autonvaraosahaku.fi\/index.php?rest_route=%2Fwp%2Fv2%2Fpwb-brand&post=100926"},{"taxonomy":"product_cat","embeddable":true,"href":"https:\/\/www.autonvaraosahaku.fi\/index.php?rest_route=%2Fwp%2Fv2%2Fproduct_cat&post=100926"},{"taxonomy":"product_tag","embeddable":true,"href":"https:\/\/www.autonvaraosahaku.fi\/index.php?rest_route=%2Fwp%2Fv2%2Fproduct_tag&post=100926"}],"curies":[{"name":"wp","href":"https:\/\/api.w.org\/{rel}","templated":true}]}}