{"id":100929,"date":"2021-02-21T22:38:47","date_gmt":"2021-02-21T22:38:47","guid":{"rendered":"https:\/\/www.autonvaraosahaku.fi\/?product=bosch-0-242-145-537-sytytystulpat"},"modified":"2021-02-21T22:38:54","modified_gmt":"2021-02-21T22:38:54","slug":"bosch-0-242-145-537-sytytystulpat","status":"publish","type":"product","link":"https:\/\/www.autonvaraosahaku.fi\/?product=bosch-0-242-145-537-sytytystulpat","title":{"rendered":"Bosch 0 242 145 537 Sytytystulpat"},"content":{"rendered":"<p>K\u00e4rkiv\u00e4li (mm): 0,8; Kiristysmomentti: 23; Kiristyskulma [Grad]: 90; Ulkokierre [mm]: 12; Kierrenousu (mm): 1,25; Kierteen pituus (mm): 26,5; Avainv\u00e4li: 14; Kipin\u00e4et\u00e4isyys [mm]: 5; Napojen m\u00e4\u00e4r\u00e4: 1; Valmistusvuoteen: 06\/2014; MINI: MINI R56,MINI CLUBMAN R55,MINI Cabriolet R57,MINI COUNTRYMAN R60,MINI Coupe R58,MINI Roadster R59,MINI PACEMAN R61; BMW: 1 F20,3 Touring F31,3 F30, F35, F80,1 F21; CITRO\u00cbN: DS3,C4 Grand Picasso II,C4 Picasso II,DS4,DS5,DS3 Cabriolet; PEUGEOT: 208,5008,3008,2008,508,308 II,308 SW II,3008 SUV,5008 II; DS: DS 3,DS5,DS7 Crossback,DS 4 \/ DS 4 CROSSBACK,DS 3 Cabriolet; 12122163332, 12122293697, 9805021880, 9808465980, 12122293697, 3648899, 9805021880, 9808465980; Tulpat,Sytytystulppa<\/p>\n","protected":false},"excerpt":{"rendered":"<p>BOSCH Sytytystulpat 0 242 145 537 Tulpat,Sytytystulppa MINI,BMW,CITRO\u00cbN,MINI R56,MINI CLUBMAN R55,MINI Cabriolet R57,MINI COUNTRYMAN R60<\/p>\n","protected":false},"featured_media":0,"template":"","meta":{"site-sidebar-layout":"default","site-content-layout":"default","ast-global-header-display":"","ast-main-header-display":"","ast-hfb-above-header-display":"","ast-hfb-below-header-display":"","ast-hfb-mobile-header-display":"","site-post-title":"","ast-breadcrumbs-content":"","ast-featured-img":"","footer-sml-layout":"","theme-transparent-header-meta":"","adv-header-id-meta":"","stick-header-meta":"","header-above-stick-meta":"","header-main-stick-meta":"","header-below-stick-meta":""},"pwb-brand":[534],"product_cat":[165],"product_tag":[],"class_list":{"0":"post-100929","1":"product","2":"type-product","3":"status-publish","5":"pwb-brand-bosch","6":"product_cat-sytytystulpat","7":"desktop-align-left","8":"tablet-align-left","9":"mobile-align-left","11":"first","12":"instock","13":"product-type-external"},"brands":[{"id":534,"name":"Bosch","slug":"bosch"}],"_links":{"self":[{"href":"https:\/\/www.autonvaraosahaku.fi\/index.php?rest_route=\/wp\/v2\/product\/100929","targetHints":{"allow":["GET"]}}],"collection":[{"href":"https:\/\/www.autonvaraosahaku.fi\/index.php?rest_route=\/wp\/v2\/product"}],"about":[{"href":"https:\/\/www.autonvaraosahaku.fi\/index.php?rest_route=\/wp\/v2\/types\/product"}],"wp:attachment":[{"href":"https:\/\/www.autonvaraosahaku.fi\/index.php?rest_route=%2Fwp%2Fv2%2Fmedia&parent=100929"}],"wp:term":[{"taxonomy":"pwb-brand","embeddable":true,"href":"https:\/\/www.autonvaraosahaku.fi\/index.php?rest_route=%2Fwp%2Fv2%2Fpwb-brand&post=100929"},{"taxonomy":"product_cat","embeddable":true,"href":"https:\/\/www.autonvaraosahaku.fi\/index.php?rest_route=%2Fwp%2Fv2%2Fproduct_cat&post=100929"},{"taxonomy":"product_tag","embeddable":true,"href":"https:\/\/www.autonvaraosahaku.fi\/index.php?rest_route=%2Fwp%2Fv2%2Fproduct_tag&post=100929"}],"curies":[{"name":"wp","href":"https:\/\/api.w.org\/{rel}","templated":true}]}}