{"id":101038,"date":"2021-02-21T22:39:39","date_gmt":"2021-02-21T22:39:39","guid":{"rendered":"https:\/\/www.autonvaraosahaku.fi\/?product=bosch-0-280-130-026-jaahdytysnesteen-lampotila-anturi"},"modified":"2021-02-21T22:39:42","modified_gmt":"2021-02-21T22:39:42","slug":"bosch-0-280-130-026-jaahdytysnesteen-lampotila-anturi","status":"publish","type":"product","link":"https:\/\/www.autonvaraosahaku.fi\/?product=bosch-0-280-130-026-jaahdytysnesteen-lampotila-anturi","title":{"rendered":"Bosch 0 280 130 026 J\u00e4\u00e4hdytysnesteen l\u00e4mp\u00f6tila anturi"},"content":{"rendered":"<p>Valmistusvuosi alkaen: 09\/1988; VW: TRANSPORTER III Bus,TRANSPORTER III Kasten,TRANSPORTER III Pritsche\/Fahrgestell,CADDY II Pick-up 9U7; NISSAN: SUNNY II Hatchback N13; SKODA: FELICIA I Fun 797,FAVORIT 781,FAVORIT Forman 785,FAVORIT Pick-up 787; SEAT: IBIZA I 021A,MALAGA 023A; CHEVROLET: BLAZER S10,S10 Pick-up; HONDA: CIVIC VI Hatchback EJ, EK,ACCORD VI CG, CK,CIVIC VI Fastback MA, MB,CIVIC VI Aerodeck MB, MC,ACCORD VI Hatchback CH,ACCORD V CE, CF; LAND ROVER: FREELANDER LN,DEFENDER Station Wagon LD,DISCOVERY II LJ, LT,FREELANDER Soft Top,DEFENDER Pick-up LD_,DEFENDER Cabrio LD,DISCOVERY I LJ, LG,RANGE ROVER I AE, AN, HAA, HAB, HAM, HBM, RE, RN; LANCIA: Y 840A,KAPPA 838A,THEMA 834,DELTA II 836,KAPPA SW 838B,KAPPA Coupe 838,DEDRA 835,Y10 156,THEMA SW 834; OPEL: KADETT C Coupe,MANTA B 58_, 59_,MONZA A 22_,ASCONA B 81_, 86_, 87_, 88_,REKORD E 17_-19_, 11_, 14_, 16_,SENATOR A 29_,KADETT D 31_-34_, 41_-44_,KADETT E 39_, 49_,MANTA B CC 53_, 55_,COMMODORE C 14_, 19_,REKORD E Caravan 61_, 66_, 67_,COMMODORE C Caravan 61; IVECO: DAILY II Kasten\/Kombi; 0000060523383, 119111101000, 195321101000, 5972332, 60513205, 605132050, 60523383, 5972332, 13621284397, 13621357414, 13621401945, 13621709966, 13621709967, 90080939, 024246, 5502644, 91040370, 91414549, 0280130026, 125769, 172750, 0000004393601, 0046125769, 0060513205, 0060800167, 0060808142, 4393601, 46125769, 46477022, 5972332, 60513205, 60523383, 60800167, 60808142, 7547977, K0046125769, K0060513205, K0060800167, K0060808142, 1639283, 94720065561, 30523666, 92017805, 37870P5TG00, 3922022000, 3922022010, 5972332, 0000098424793, 4393601, 5972332, 98424793, UKC2525, 0K73718840, 125769, 4393601, 5972332, 60523383, ERR2081, AW311467, 92017805, 08983631, 1338443, 1338444, 90018835, 90080939, 024246, 5502644, 91040370, 91414549, 92860612501, 94460612500, 9966062239A, 7700267388, 7700582688, UE71610, ERR2081, 09357021, 935702, 9357021, 6U0919501, 9141454980, 9151454980, A51454980, 0003952640, 025906041, 026906161, 02690616112, 6U0919501, X03952640; J\u00e4\u00e4hdytysnestel\u00e4mp\u00f6tilan Sensori<\/p>\n","protected":false},"excerpt":{"rendered":"<p>BOSCH J\u00e4\u00e4hdytysnesteen L\u00e4mp\u00f6tila Anturi 0 280 130 026 J\u00e4\u00e4hdytysnestel\u00e4mp\u00f6tilan Sensori VW,NISSAN,SKODA,TRANSPORTER III Bus,TRANSPORTER III Kasten<\/p>\n","protected":false},"featured_media":0,"template":"","meta":{"site-sidebar-layout":"default","site-content-layout":"default","ast-global-header-display":"","ast-main-header-display":"","ast-hfb-above-header-display":"","ast-hfb-below-header-display":"","ast-hfb-mobile-header-display":"","site-post-title":"","ast-breadcrumbs-content":"","ast-featured-img":"","footer-sml-layout":"","theme-transparent-header-meta":"","adv-header-id-meta":"","stick-header-meta":"","header-above-stick-meta":"","header-main-stick-meta":"","header-below-stick-meta":""},"pwb-brand":[534],"product_cat":[200],"product_tag":[],"class_list":{"0":"post-101038","1":"product","2":"type-product","3":"status-publish","5":"pwb-brand-bosch","6":"product_cat-jaahdytysnesteen-lampotila-anturi","7":"desktop-align-left","8":"tablet-align-left","9":"mobile-align-left","11":"first","12":"instock","13":"product-type-external"},"brands":[{"id":534,"name":"Bosch","slug":"bosch"}],"_links":{"self":[{"href":"https:\/\/www.autonvaraosahaku.fi\/index.php?rest_route=\/wp\/v2\/product\/101038","targetHints":{"allow":["GET"]}}],"collection":[{"href":"https:\/\/www.autonvaraosahaku.fi\/index.php?rest_route=\/wp\/v2\/product"}],"about":[{"href":"https:\/\/www.autonvaraosahaku.fi\/index.php?rest_route=\/wp\/v2\/types\/product"}],"wp:attachment":[{"href":"https:\/\/www.autonvaraosahaku.fi\/index.php?rest_route=%2Fwp%2Fv2%2Fmedia&parent=101038"}],"wp:term":[{"taxonomy":"pwb-brand","embeddable":true,"href":"https:\/\/www.autonvaraosahaku.fi\/index.php?rest_route=%2Fwp%2Fv2%2Fpwb-brand&post=101038"},{"taxonomy":"product_cat","embeddable":true,"href":"https:\/\/www.autonvaraosahaku.fi\/index.php?rest_route=%2Fwp%2Fv2%2Fproduct_cat&post=101038"},{"taxonomy":"product_tag","embeddable":true,"href":"https:\/\/www.autonvaraosahaku.fi\/index.php?rest_route=%2Fwp%2Fv2%2Fproduct_tag&post=101038"}],"curies":[{"name":"wp","href":"https:\/\/api.w.org\/{rel}","templated":true}]}}