{"id":10106,"date":"2021-02-21T14:07:50","date_gmt":"2021-02-21T14:07:50","guid":{"rendered":"https:\/\/www.autonvaraosahaku.fi\/?product=febi-bilstein-100497-kierretulppa"},"modified":"2021-02-21T14:07:51","modified_gmt":"2021-02-21T14:07:51","slug":"febi-bilstein-100497-kierretulppa","status":"publish","type":"product","link":"https:\/\/www.autonvaraosahaku.fi\/?product=febi-bilstein-100497-kierretulppa","title":{"rendered":"FEBI BILSTEIN 100497 Kierretulppa"},"content":{"rendered":"<p>Pituus (mm): 15; Ulkokierre [mm]: M14 x 1,5; Laatu \/ luokka: 4.8; Avainv\u00e4li: T45; Materiaali: Ter\u00e4s, Ter\u00e4s; Paino [kg]: 0,018, 0,018; Vaihteistomalli: Getriebeautomatik 7 Gang; VW: POLO 6R, 6C,TIGUAN 5N_,SHARAN 7N1, 7N2,PASSAT Variant 3G5,TIGUAN AD1,PASSAT 3G2,POLO Van 6R,PASSAT ALLTRACK 3G5; AUDI: A3 Sportback 8VA,A1 8X1, 8XF,A1 Sportback 8XA, 8XK; SKODA: RAPID Spaceback NH1,RAPID NH3,FABIA NJ3,FABIA Kombi NJ5; SEAT: IBIZA V 6J5, 6P5,IBIZA V ST 6J8, 6P8,IBIZA V SPORTCOUPE 6J1, 6P1,TOLEDO IV KG3; N91180601, N91180601, N91180601, N91180601; \u00d6ljytulppa,Kierretulppa, \u00d6ljypohja<\/p>\n","protected":false},"excerpt":{"rendered":"<p>FEBI BILSTEIN Kierretulppa 100497 \u00d6ljytulppa,Kierretulppa, \u00d6ljypohja VW,AUDI,SKODA,POLO 6R, 6C,TIGUAN 5N_,SHARAN 7N1, 7N2,PASSAT Variant 3G5<\/p>\n","protected":false},"featured_media":0,"template":"","meta":{"site-sidebar-layout":"default","site-content-layout":"default","ast-global-header-display":"","ast-main-header-display":"","ast-hfb-above-header-display":"","ast-hfb-below-header-display":"","ast-hfb-mobile-header-display":"","site-post-title":"","ast-breadcrumbs-content":"","ast-featured-img":"","footer-sml-layout":"","theme-transparent-header-meta":"","adv-header-id-meta":"","stick-header-meta":"","header-above-stick-meta":"","header-main-stick-meta":"","header-below-stick-meta":""},"pwb-brand":[50],"product_cat":[40],"product_tag":[],"class_list":{"0":"post-10106","1":"product","2":"type-product","3":"status-publish","5":"pwb-brand-febi-bilstein","6":"product_cat-kierretulppa","7":"desktop-align-left","8":"tablet-align-left","9":"mobile-align-left","11":"first","12":"instock","13":"product-type-external"},"brands":[{"id":50,"name":"FEBI BILSTEIN","slug":"febi-bilstein"}],"_links":{"self":[{"href":"https:\/\/www.autonvaraosahaku.fi\/index.php?rest_route=\/wp\/v2\/product\/10106","targetHints":{"allow":["GET"]}}],"collection":[{"href":"https:\/\/www.autonvaraosahaku.fi\/index.php?rest_route=\/wp\/v2\/product"}],"about":[{"href":"https:\/\/www.autonvaraosahaku.fi\/index.php?rest_route=\/wp\/v2\/types\/product"}],"wp:attachment":[{"href":"https:\/\/www.autonvaraosahaku.fi\/index.php?rest_route=%2Fwp%2Fv2%2Fmedia&parent=10106"}],"wp:term":[{"taxonomy":"pwb-brand","embeddable":true,"href":"https:\/\/www.autonvaraosahaku.fi\/index.php?rest_route=%2Fwp%2Fv2%2Fpwb-brand&post=10106"},{"taxonomy":"product_cat","embeddable":true,"href":"https:\/\/www.autonvaraosahaku.fi\/index.php?rest_route=%2Fwp%2Fv2%2Fproduct_cat&post=10106"},{"taxonomy":"product_tag","embeddable":true,"href":"https:\/\/www.autonvaraosahaku.fi\/index.php?rest_route=%2Fwp%2Fv2%2Fproduct_tag&post=10106"}],"curies":[{"name":"wp","href":"https:\/\/api.w.org\/{rel}","templated":true}]}}