{"id":10109,"date":"2021-02-21T14:07:50","date_gmt":"2021-02-21T14:07:50","guid":{"rendered":"https:\/\/www.autonvaraosahaku.fi\/?product=febi-bilstein-100401-vetonivelen-suojakumi"},"modified":"2021-02-21T14:07:52","modified_gmt":"2021-02-21T14:07:52","slug":"febi-bilstein-100401-vetonivelen-suojakumi","status":"publish","type":"product","link":"https:\/\/www.autonvaraosahaku.fi\/?product=febi-bilstein-100401-vetonivelen-suojakumi","title":{"rendered":"FEBI BILSTEIN 100401 Vetonivelen suojakumi"},"content":{"rendered":"<p>Parilliset tuotenumerot: 171771; Pituus (mm): 107; Materiaali: Thermoplast; Asennuspuoli: Vaihteiston puoli, Etuakseli, etuakseli molemminpuoleinen; Paino [kg]: 0,259; Sis\u00e4l\u00e4pimitta 1 [mm]: 27; Sis\u00e4l\u00e4pimitta 2 [mm]: 71; Huomioi huolto-ohjeet: ; Vaihteistomalli: Getriebeautomatik 6 Gang; VW: SHARAN 7M8, 7M9, 7M6,SHARAN 7N1, 7N2; AUDI: A4 Avant 8K5, B8,A4 8K2, B8,Q5 8R,A6 Avant 4G5, C7, 4GD,A5 8T3,A5 Sportback 8TA,A6 4G2, C7, 4GC,A7 Sportback 4GA, 4GF,A4 Allroad 8KH, B8,A5 Cabriolet 8F7,A8 4H_,A6 Allroad 4GH, 4GJ; BMW: X5 E70,X6 E71, E72; OPEL: ZAFIRA B A05,ASTRA H Caravan L35,ASTRA H L48,VECTRA C Caravan,ASTRA H GTC L08,SIGNUM,VECTRA C,VECTRA C GTS,ASTRA H TwinTop L67,ZAFIRA B Van,ASTRA H Kasten L70; FIAT: BRAVO II 198; SEAT: ALHAMBRA 7V8, 7V9,ALHAMBRA 710, 711; ALFA ROMEO: 159 Sportwagon 939,GIULIETTA 940,159 939,BRERA,SPIDER 939; LANCIA: DELTA III 844; VAUXHALL: ZAFIRA Mk II B M75,ASTRA Mk V H CC,VECTRA Mk II C CC,ASTRA Mk V H Estate,VECTRA Mk II C Estate,ASTRA Mk V H Convertible,ASTRA Mk VI J CC,VECTRA Mk II C,SIGNUM,ASTRAVAN Mk V H; 46308265, 46308724, 46308910, 46308910SK, 71771162, 7N0498201B, 8K0407283, 8K0407283SK, 8K0498201, 8K0498201B, 31607545107, 46308265, 46308724, 46308910, 46308910SK, 71771162, 46308910, 46308910SK, 1603135, 1603135SK1, 1603284, 1603284SK1, 7M3498201K, 7N0498201B, 93185257, 93185257SK1, 93185258, 93185258SK1, 7M3498201K, 7N0498201B, 8K0407283, 8K0407283SK, 8K0498201B<\/p>\n","protected":false},"excerpt":{"rendered":"<p>FEBI BILSTEIN Paljekumisarja, Vetoakseli 100401  VW,AUDI,BMW,SHARAN 7M8, 7M9, 7M6,SHARAN 7N1, 7N2,A4 Avant 8K5, B8,A4 8K2, B8,Q5 8R<\/p>\n","protected":false},"featured_media":0,"template":"","meta":{"site-sidebar-layout":"default","site-content-layout":"default","ast-global-header-display":"","ast-main-header-display":"","ast-hfb-above-header-display":"","ast-hfb-below-header-display":"","ast-hfb-mobile-header-display":"","site-post-title":"","ast-breadcrumbs-content":"","ast-featured-img":"","footer-sml-layout":"","theme-transparent-header-meta":"","adv-header-id-meta":"","stick-header-meta":"","header-above-stick-meta":"","header-main-stick-meta":"","header-below-stick-meta":""},"pwb-brand":[50],"product_cat":[42],"product_tag":[],"class_list":{"0":"post-10109","1":"product","2":"type-product","3":"status-publish","5":"pwb-brand-febi-bilstein","6":"product_cat-vetonivelen-suojakumi","7":"desktop-align-left","8":"tablet-align-left","9":"mobile-align-left","11":"first","12":"instock","13":"product-type-external"},"brands":[{"id":50,"name":"FEBI BILSTEIN","slug":"febi-bilstein"}],"_links":{"self":[{"href":"https:\/\/www.autonvaraosahaku.fi\/index.php?rest_route=\/wp\/v2\/product\/10109","targetHints":{"allow":["GET"]}}],"collection":[{"href":"https:\/\/www.autonvaraosahaku.fi\/index.php?rest_route=\/wp\/v2\/product"}],"about":[{"href":"https:\/\/www.autonvaraosahaku.fi\/index.php?rest_route=\/wp\/v2\/types\/product"}],"wp:attachment":[{"href":"https:\/\/www.autonvaraosahaku.fi\/index.php?rest_route=%2Fwp%2Fv2%2Fmedia&parent=10109"}],"wp:term":[{"taxonomy":"pwb-brand","embeddable":true,"href":"https:\/\/www.autonvaraosahaku.fi\/index.php?rest_route=%2Fwp%2Fv2%2Fpwb-brand&post=10109"},{"taxonomy":"product_cat","embeddable":true,"href":"https:\/\/www.autonvaraosahaku.fi\/index.php?rest_route=%2Fwp%2Fv2%2Fproduct_cat&post=10109"},{"taxonomy":"product_tag","embeddable":true,"href":"https:\/\/www.autonvaraosahaku.fi\/index.php?rest_route=%2Fwp%2Fv2%2Fproduct_tag&post=10109"}],"curies":[{"name":"wp","href":"https:\/\/api.w.org\/{rel}","templated":true}]}}