{"id":10115,"date":"2021-02-21T14:07:50","date_gmt":"2021-02-21T14:07:50","guid":{"rendered":"https:\/\/www.autonvaraosahaku.fi\/?product=automega-100019910-oven-lukko"},"modified":"2021-02-21T14:07:52","modified_gmt":"2021-02-21T14:07:52","slug":"automega-100019910-oven-lukko","status":"publish","type":"product","link":"https:\/\/www.autonvaraosahaku.fi\/?product=automega-100019910-oven-lukko","title":{"rendered":"AUTOMEGA 100019910 Oven lukko"},"content":{"rendered":"<p>Asennuspuoli: Edess\u00e4, Vasen; Varustelumahdollisuudet: Safe Lock; Varusteet: ajoneuvoille ilman avaimeton-auto-j\u00e4rjestelm\u00e4\u00e4, f\u00fcr Fahrzeuge ohne Keyless-Entry\/Go-System; VW: GOLF V 1K1,TOURAN 1T1, 1T2,GOLF PLUS 5M1, 521,CADDY III Kombi 2KB, 2KJ, 2CB, 2CJ,TOUAREG 7LA, 7L6, 7L7,GOLF V Variant 1K5,CADDY III Kasten 2KA, 2KH, 2CA, 2CH,PHAETON 3D_,JETTA III 1K2; SKODA: OCTAVIA Combi 1Z5,OCTAVIA 1Z3; SEAT: ALTEA 5P1,TOLEDO III 5P2; PORSCHE: 911 997,BOXSTER 987,CAYMAN 987,911 991,911 Cabriolet 991; 3D1837015AP, 3D1837015AP, 3D1837015AP, 3D1837015AP; Ovilukko<\/p>\n","protected":false},"excerpt":{"rendered":"<p>AUTOMEGA Oven Lukko 100019910 Ovilukko VW,SKODA,SEAT,GOLF V 1K1,TOURAN 1T1, 1T2,GOLF PLUS 5M1, 521,CADDY III Kombi 2KB, 2KJ, 2CB, 2CJ<\/p>\n","protected":false},"featured_media":0,"template":"","meta":{"site-sidebar-layout":"default","site-content-layout":"default","ast-global-header-display":"","ast-main-header-display":"","ast-hfb-above-header-display":"","ast-hfb-below-header-display":"","ast-hfb-mobile-header-display":"","site-post-title":"","ast-breadcrumbs-content":"","ast-featured-img":"","footer-sml-layout":"","theme-transparent-header-meta":"","adv-header-id-meta":"","stick-header-meta":"","header-above-stick-meta":"","header-main-stick-meta":"","header-below-stick-meta":""},"pwb-brand":[121],"product_cat":[46],"product_tag":[],"class_list":{"0":"post-10115","1":"product","2":"type-product","3":"status-publish","5":"pwb-brand-automega","6":"product_cat-oven-lukko","7":"desktop-align-left","8":"tablet-align-left","9":"mobile-align-left","11":"first","12":"instock","13":"product-type-external"},"brands":[{"id":121,"name":"AUTOMEGA","slug":"automega"}],"_links":{"self":[{"href":"https:\/\/www.autonvaraosahaku.fi\/index.php?rest_route=\/wp\/v2\/product\/10115","targetHints":{"allow":["GET"]}}],"collection":[{"href":"https:\/\/www.autonvaraosahaku.fi\/index.php?rest_route=\/wp\/v2\/product"}],"about":[{"href":"https:\/\/www.autonvaraosahaku.fi\/index.php?rest_route=\/wp\/v2\/types\/product"}],"wp:attachment":[{"href":"https:\/\/www.autonvaraosahaku.fi\/index.php?rest_route=%2Fwp%2Fv2%2Fmedia&parent=10115"}],"wp:term":[{"taxonomy":"pwb-brand","embeddable":true,"href":"https:\/\/www.autonvaraosahaku.fi\/index.php?rest_route=%2Fwp%2Fv2%2Fpwb-brand&post=10115"},{"taxonomy":"product_cat","embeddable":true,"href":"https:\/\/www.autonvaraosahaku.fi\/index.php?rest_route=%2Fwp%2Fv2%2Fproduct_cat&post=10115"},{"taxonomy":"product_tag","embeddable":true,"href":"https:\/\/www.autonvaraosahaku.fi\/index.php?rest_route=%2Fwp%2Fv2%2Fproduct_tag&post=10115"}],"curies":[{"name":"wp","href":"https:\/\/api.w.org\/{rel}","templated":true}]}}