{"id":101179,"date":"2021-02-21T22:40:40","date_gmt":"2021-02-21T22:40:40","guid":{"rendered":"https:\/\/www.autonvaraosahaku.fi\/?product=bosch-1-457-070-000-polttoainesuodatin"},"modified":"2021-02-21T22:40:44","modified_gmt":"2021-02-21T22:40:44","slug":"bosch-1-457-070-000-polttoainesuodatin","status":"publish","type":"product","link":"https:\/\/www.autonvaraosahaku.fi\/?product=bosch-1-457-070-000-polttoainesuodatin","title":{"rendered":"Bosch 1 457 070 000 Polttoainesuodatin"},"content":{"rendered":"<p>Suodatintyyppi: Suodatinpanos; L\u00e4pimitta [mm]: 78,5; Sis\u00e4l\u00e4pimitta 1 [mm]: 13,9; Korkeus (mm): 65,2; Rakennemalli: ; LANCIA: PHEDRA 179,ZETA 220; FIAT: ULYSSE 179AX,SCUDO Kasten 220L,SCUDO Combinato 220P,SCUDO Pritsche\/Fahrgestell 220_; CITRO\u00cbN: BERLINGO MF,XSARA PICASSO N68,C8 EA_, EB_,C4 I LC_,BERLINGO Kasten M_,C5 II Break RE_,C5 I DC_,C5 I Break DE_,XSARA N1,C5 II RC_,XSARA Break N2,XSARA Coupe N0,EVASION 22, U6,C4 Stufenheck L,JUMPY U6U,JUMPY Kasten BS_, BT_, BY_, BZ_,JUMPY Pritsche\/Fahrgestell BU_, BV_, BW_, BX_,XSARA Kasten; PEUGEOT: 206 Schr\u00e4gheck 2A\/C,307 SW 3H,307 3A\/C,206 SW 2E\/K,807 E,307 Break 3E,607 9D, 9U,406 Break 8E\/F,PARTNER Combispace 5F,PARTNER Kasten 5,406 Coupe 8C,406 8B,806 221,307 Stufenheck,EXPERT Kasten 222,EXPERT 224,EXPERT Pritsche\/Fahrgestell 223; 190677, 1906A6, 9401906768, K9401906768, 1318563, 3M5Q9176AA, 9401906768, K9401906768, 190676, 1906A6, 1541267G10<\/p>\n","protected":false},"excerpt":{"rendered":"<p>BOSCH Polttoainesuodatin 1 457 070 000  LANCIA,FIAT,CITRO\u00cbN,PHEDRA 179,ZETA 220,ULYSSE 179AX,SCUDO Kasten 220L,SCUDO Combinato 220P<\/p>\n","protected":false},"featured_media":0,"template":"","meta":{"site-sidebar-layout":"default","site-content-layout":"default","ast-global-header-display":"","ast-main-header-display":"","ast-hfb-above-header-display":"","ast-hfb-below-header-display":"","ast-hfb-mobile-header-display":"","site-post-title":"","ast-breadcrumbs-content":"","ast-featured-img":"","footer-sml-layout":"","theme-transparent-header-meta":"","adv-header-id-meta":"","stick-header-meta":"","header-above-stick-meta":"","header-main-stick-meta":"","header-below-stick-meta":""},"pwb-brand":[534],"product_cat":[29],"product_tag":[],"class_list":{"0":"post-101179","1":"product","2":"type-product","3":"status-publish","5":"pwb-brand-bosch","6":"product_cat-polttoainesuodatin","7":"desktop-align-left","8":"tablet-align-left","9":"mobile-align-left","11":"first","12":"instock","13":"product-type-external"},"brands":[{"id":534,"name":"Bosch","slug":"bosch"}],"_links":{"self":[{"href":"https:\/\/www.autonvaraosahaku.fi\/index.php?rest_route=\/wp\/v2\/product\/101179","targetHints":{"allow":["GET"]}}],"collection":[{"href":"https:\/\/www.autonvaraosahaku.fi\/index.php?rest_route=\/wp\/v2\/product"}],"about":[{"href":"https:\/\/www.autonvaraosahaku.fi\/index.php?rest_route=\/wp\/v2\/types\/product"}],"wp:attachment":[{"href":"https:\/\/www.autonvaraosahaku.fi\/index.php?rest_route=%2Fwp%2Fv2%2Fmedia&parent=101179"}],"wp:term":[{"taxonomy":"pwb-brand","embeddable":true,"href":"https:\/\/www.autonvaraosahaku.fi\/index.php?rest_route=%2Fwp%2Fv2%2Fpwb-brand&post=101179"},{"taxonomy":"product_cat","embeddable":true,"href":"https:\/\/www.autonvaraosahaku.fi\/index.php?rest_route=%2Fwp%2Fv2%2Fproduct_cat&post=101179"},{"taxonomy":"product_tag","embeddable":true,"href":"https:\/\/www.autonvaraosahaku.fi\/index.php?rest_route=%2Fwp%2Fv2%2Fproduct_tag&post=101179"}],"curies":[{"name":"wp","href":"https:\/\/api.w.org\/{rel}","templated":true}]}}