{"id":10118,"date":"2021-02-21T14:07:50","date_gmt":"2021-02-21T14:07:50","guid":{"rendered":"https:\/\/www.autonvaraosahaku.fi\/?product=brembo-09-8842-2x-jarrulevyt"},"modified":"2021-02-21T14:07:52","modified_gmt":"2021-02-21T14:07:52","slug":"brembo-09-8842-2x-jarrulevyt","status":"publish","type":"product","link":"https:\/\/www.autonvaraosahaku.fi\/?product=brembo-09-8842-2x-jarrulevyt","title":{"rendered":"BREMBO 09.8842.2X Jarrulevyt"},"content":{"rendered":"<p>Keskitt\u00e4misl\u00e4pimitta [mm]: 68; Kiristysmomentti: 120; Pinta: pinnoitettu; Korvaava tuote\/korvaava tiedote 2: Ruuveilla; Reikien m\u00e4\u00e4r\u00e4: 5; K\u00e4sittely: hiiliter\u00e4s; V\u00e4himm\u00e4ispaksuus (mm): 20,5; Jarrulevyn paksuus (mm): 22; Jarrulevytyyppi: Reijitetty \/ tuuletettu; Korkeus (mm): 49,2; L\u00e4pimitta [mm]: 330; Tuotelinja: XTRA LINE; Tuning: 1; Asennuspuoli: Hinterachse; AUDI: A6 Avant 4F5, C6,A6 4F2, C6; 4F0615601D, 4F0615601F; Jarrulevy<\/p>\n","protected":false},"excerpt":{"rendered":"<p>BREMBO Jarrulevyt 09.8842.2X Jarrulevy AUDI,A6 Avant 4F5, C6,A6 4F2, C6<\/p>\n","protected":false},"featured_media":0,"template":"","meta":{"site-sidebar-layout":"default","site-content-layout":"default","ast-global-header-display":"","ast-main-header-display":"","ast-hfb-above-header-display":"","ast-hfb-below-header-display":"","ast-hfb-mobile-header-display":"","site-post-title":"","ast-breadcrumbs-content":"","ast-featured-img":"","footer-sml-layout":"","theme-transparent-header-meta":"","adv-header-id-meta":"","stick-header-meta":"","header-above-stick-meta":"","header-main-stick-meta":"","header-below-stick-meta":""},"pwb-brand":[146],"product_cat":[66],"product_tag":[],"class_list":{"0":"post-10118","1":"product","2":"type-product","3":"status-publish","5":"pwb-brand-brembo","6":"product_cat-jarrulevyt","7":"desktop-align-left","8":"tablet-align-left","9":"mobile-align-left","11":"first","12":"instock","13":"product-type-external"},"brands":[{"id":146,"name":"BREMBO","slug":"brembo"}],"_links":{"self":[{"href":"https:\/\/www.autonvaraosahaku.fi\/index.php?rest_route=\/wp\/v2\/product\/10118","targetHints":{"allow":["GET"]}}],"collection":[{"href":"https:\/\/www.autonvaraosahaku.fi\/index.php?rest_route=\/wp\/v2\/product"}],"about":[{"href":"https:\/\/www.autonvaraosahaku.fi\/index.php?rest_route=\/wp\/v2\/types\/product"}],"wp:attachment":[{"href":"https:\/\/www.autonvaraosahaku.fi\/index.php?rest_route=%2Fwp%2Fv2%2Fmedia&parent=10118"}],"wp:term":[{"taxonomy":"pwb-brand","embeddable":true,"href":"https:\/\/www.autonvaraosahaku.fi\/index.php?rest_route=%2Fwp%2Fv2%2Fpwb-brand&post=10118"},{"taxonomy":"product_cat","embeddable":true,"href":"https:\/\/www.autonvaraosahaku.fi\/index.php?rest_route=%2Fwp%2Fv2%2Fproduct_cat&post=10118"},{"taxonomy":"product_tag","embeddable":true,"href":"https:\/\/www.autonvaraosahaku.fi\/index.php?rest_route=%2Fwp%2Fv2%2Fproduct_tag&post=10118"}],"curies":[{"name":"wp","href":"https:\/\/api.w.org\/{rel}","templated":true}]}}