{"id":101201,"date":"2021-02-21T22:40:49","date_gmt":"2021-02-21T22:40:49","guid":{"rendered":"https:\/\/www.autonvaraosahaku.fi\/?product=bosch-f-026-402-056-polttoainesuodatin"},"modified":"2021-02-21T22:40:53","modified_gmt":"2021-02-21T22:40:53","slug":"bosch-f-026-402-056-polttoainesuodatin","status":"publish","type":"product","link":"https:\/\/www.autonvaraosahaku.fi\/?product=bosch-f-026-402-056-polttoainesuodatin","title":{"rendered":"Bosch F 026 402 056 Polttoainesuodatin"},"content":{"rendered":"<p>Suodatintyyppi: Letkusuodatin; L\u00e4pimitta [mm]: 92; Korkeus (mm): 126; Sis\u00e4\u00e4ntulol\u00e4pimitta [mm]: 10; Ulostulon l\u00e4pimitta [mm]: 8; TECDOC-moottorinumero: 28790; JEEP: GRAND CHEROKEE III WH, WK,COMMANDER XK; MERCEDES-BENZ: C-CLASS W203,E-CLASS W211,C-CLASS W204,C-CLASS T-Model S204,C-CLASS T-Model S203,VIANO W639,M-CLASS W164,VITO Bus W639,CLK C209,VITO \/ MIXTO Kasten W639,SPRINTER 3,5-t Kasten 906,CLS C219,R-CLASS W251, V251,G-CLASS W463,CLK Cabriolet A209,SPRINTER 3,5-t Bus 906,SPRINTER 3-t Kasten 906,GL-CLASS X164,G-CLASS W461,SPRINTER 3,5-t Pritsche\/Fahrgestell 906,SPRINTER 3-t Bus 906,SPRINTER 4-t Pritsche\/Fahrgestell 904,SPRINTER CLASSIC 3,5-t Kasten 909,SPRINTER 5-t Kasten 906,SPRINTER 5-t Pritsche\/Fahrgestell 906,SPRINTER 4-t Kasten 904,G-CLASS Cabrio W463,SPRINTER 3-t Pritsche\/Fahrgestell 906,SPRINTER 4-t Bus 904,SPRINTER 4,6-t Pritsche\/Fahrgestell 906,SPRINTER CLASSIC 4,6-t Bus 909,SPRINTER 4,6-t Kasten 906,SPRINTER 4,6-t Bus,SPRINTER 5-t Bus; 05117492AA, 05170896AB, 05175429AB, 5117492AA, 5170896AB, 5175429AB, K05117492AA, K05175429AB, 05117492AA, 5117492AA, 05175429AB, 5175429AB, 71775532, 6420920101, 6420920501, 6420920701, 6460900252, 6460900852, 6460920201, 6460920601, 6460920701, A6420920101, A6420920501, A6420920701, A6460900252, A6460900852, A6460920201, A6460920601, A6460920701<\/p>\n","protected":false},"excerpt":{"rendered":"<p>BOSCH Polttoainesuodatin F 026 402 056  JEEP,MERCEDES-BENZ,GRAND CHEROKEE III WH, WK,COMMANDER XK,C-CLASS W203,E-CLASS W211,C-CLASS W204<\/p>\n","protected":false},"featured_media":0,"template":"","meta":{"site-sidebar-layout":"default","site-content-layout":"default","ast-global-header-display":"","ast-main-header-display":"","ast-hfb-above-header-display":"","ast-hfb-below-header-display":"","ast-hfb-mobile-header-display":"","site-post-title":"","ast-breadcrumbs-content":"","ast-featured-img":"","footer-sml-layout":"","theme-transparent-header-meta":"","adv-header-id-meta":"","stick-header-meta":"","header-above-stick-meta":"","header-main-stick-meta":"","header-below-stick-meta":""},"pwb-brand":[534],"product_cat":[29],"product_tag":[],"class_list":{"0":"post-101201","1":"product","2":"type-product","3":"status-publish","5":"pwb-brand-bosch","6":"product_cat-polttoainesuodatin","7":"desktop-align-left","8":"tablet-align-left","9":"mobile-align-left","11":"first","12":"instock","13":"product-type-external"},"brands":[{"id":534,"name":"Bosch","slug":"bosch"}],"_links":{"self":[{"href":"https:\/\/www.autonvaraosahaku.fi\/index.php?rest_route=\/wp\/v2\/product\/101201","targetHints":{"allow":["GET"]}}],"collection":[{"href":"https:\/\/www.autonvaraosahaku.fi\/index.php?rest_route=\/wp\/v2\/product"}],"about":[{"href":"https:\/\/www.autonvaraosahaku.fi\/index.php?rest_route=\/wp\/v2\/types\/product"}],"wp:attachment":[{"href":"https:\/\/www.autonvaraosahaku.fi\/index.php?rest_route=%2Fwp%2Fv2%2Fmedia&parent=101201"}],"wp:term":[{"taxonomy":"pwb-brand","embeddable":true,"href":"https:\/\/www.autonvaraosahaku.fi\/index.php?rest_route=%2Fwp%2Fv2%2Fpwb-brand&post=101201"},{"taxonomy":"product_cat","embeddable":true,"href":"https:\/\/www.autonvaraosahaku.fi\/index.php?rest_route=%2Fwp%2Fv2%2Fproduct_cat&post=101201"},{"taxonomy":"product_tag","embeddable":true,"href":"https:\/\/www.autonvaraosahaku.fi\/index.php?rest_route=%2Fwp%2Fv2%2Fproduct_tag&post=101201"}],"curies":[{"name":"wp","href":"https:\/\/api.w.org\/{rel}","templated":true}]}}