{"id":101274,"date":"2021-02-21T22:41:23","date_gmt":"2021-02-21T22:41:23","guid":{"rendered":"https:\/\/www.autonvaraosahaku.fi\/?product=bosch-0-450-915-003-polttoainesuodatin"},"modified":"2021-02-21T22:41:26","modified_gmt":"2021-02-21T22:41:26","slug":"bosch-0-450-915-003-polttoainesuodatin","status":"publish","type":"product","link":"https:\/\/www.autonvaraosahaku.fi\/?product=bosch-0-450-915-003-polttoainesuodatin","title":{"rendered":"Bosch 0 450 915 003 Polttoainesuodatin"},"content":{"rendered":"<p>Polttoainej\u00e4rjestelm\u00e4: Bensiiniruiskutus; Suodatintyyppi: Letkusuodatin; L\u00e4pimitta [mm]: 74,5; Korkeus (mm): 157,8; Sis\u00e4\u00e4ntulol\u00e4pimitta [mm]: 8, 8; Ulostulon l\u00e4pimitta [mm]: 8, 8; Korkeus 1 (mm): 98; Tilavuus [l]: 0,3; Moottorinumero: M 120.982; MERCEDES-BENZ: C-CLASS W203,E-CLASS W211,C-CLASS T-Model S203,C-CLASS W202,SLK R170,E-CLASS W210,C-CLASS Coupe CL203,E-CLASS Kombi S210,CLK C208,SL R129,CLK C209,C-CLASS Kombi S202,S-CLASS W220,SL R230,G-CLASS W463,CLK Cabriolet A208,CLK Cabriolet A209,CLC-CLASS CL203,S-CLASS Coupe C215,S-CLASS Coupe C140,G-CLASS Cabrio W463; CHRYSLER: CROSSFIRE,CROSSFIRE Roadster; PUCH: G-MODELL W 463; 05097052AA, 5097052AA, 0024773001, 0024773101, 0024775301, 0024776401, A0024773001, A0024773101, A0024775301, A0024776401, 0024773101<\/p>\n","protected":false},"excerpt":{"rendered":"<p>BOSCH Polttoainesuodatin 0 450 915 003  MERCEDES-BENZ,CHRYSLER,PUCH,C-CLASS W203,E-CLASS W211,C-CLASS T-Model S203,C-CLASS W202,SLK R170,E-CLASS W210<\/p>\n","protected":false},"featured_media":0,"template":"","meta":{"site-sidebar-layout":"default","site-content-layout":"default","ast-global-header-display":"","ast-main-header-display":"","ast-hfb-above-header-display":"","ast-hfb-below-header-display":"","ast-hfb-mobile-header-display":"","site-post-title":"","ast-breadcrumbs-content":"","ast-featured-img":"","footer-sml-layout":"","theme-transparent-header-meta":"","adv-header-id-meta":"","stick-header-meta":"","header-above-stick-meta":"","header-main-stick-meta":"","header-below-stick-meta":""},"pwb-brand":[534],"product_cat":[29],"product_tag":[],"class_list":{"0":"post-101274","1":"product","2":"type-product","3":"status-publish","5":"pwb-brand-bosch","6":"product_cat-polttoainesuodatin","7":"desktop-align-left","8":"tablet-align-left","9":"mobile-align-left","11":"first","12":"instock","13":"product-type-external"},"brands":[{"id":534,"name":"Bosch","slug":"bosch"}],"_links":{"self":[{"href":"https:\/\/www.autonvaraosahaku.fi\/index.php?rest_route=\/wp\/v2\/product\/101274","targetHints":{"allow":["GET"]}}],"collection":[{"href":"https:\/\/www.autonvaraosahaku.fi\/index.php?rest_route=\/wp\/v2\/product"}],"about":[{"href":"https:\/\/www.autonvaraosahaku.fi\/index.php?rest_route=\/wp\/v2\/types\/product"}],"wp:attachment":[{"href":"https:\/\/www.autonvaraosahaku.fi\/index.php?rest_route=%2Fwp%2Fv2%2Fmedia&parent=101274"}],"wp:term":[{"taxonomy":"pwb-brand","embeddable":true,"href":"https:\/\/www.autonvaraosahaku.fi\/index.php?rest_route=%2Fwp%2Fv2%2Fpwb-brand&post=101274"},{"taxonomy":"product_cat","embeddable":true,"href":"https:\/\/www.autonvaraosahaku.fi\/index.php?rest_route=%2Fwp%2Fv2%2Fproduct_cat&post=101274"},{"taxonomy":"product_tag","embeddable":true,"href":"https:\/\/www.autonvaraosahaku.fi\/index.php?rest_route=%2Fwp%2Fv2%2Fproduct_tag&post=101274"}],"curies":[{"name":"wp","href":"https:\/\/api.w.org\/{rel}","templated":true}]}}