{"id":101277,"date":"2021-02-21T22:41:23","date_gmt":"2021-02-21T22:41:23","guid":{"rendered":"https:\/\/www.autonvaraosahaku.fi\/?product=bosch-0-986-479-c42-jarrulevyt"},"modified":"2021-02-21T22:41:27","modified_gmt":"2021-02-21T22:41:27","slug":"bosch-0-986-479-c42-jarrulevyt","status":"publish","type":"product","link":"https:\/\/www.autonvaraosahaku.fi\/?product=bosch-0-986-479-c42-jarrulevyt","title":{"rendered":"Bosch 0 986 479 C42 Jarrulevyt"},"content":{"rendered":"<p>Ulkol\u00e4pimitta [mm]: 281; Jarrulevyn paksuus (mm): 26,2; V\u00e4himm\u00e4ispaksuus (mm): 24,2; Korkeus (mm): 39,8; Reik\u00e4ympyr\u00e4-\u00d8 [mm]: 110; Jarrulevytyyppi: Tuuletettu; keskitt\u00e4misl\u00e4pimitta [mm]: 70; Reikien m\u00e4\u00e4r\u00e4: 5; Pinta: pinnoitettu; K\u00e4sittely: hiiliter\u00e4s; t\u00e4ytt\u00e4\u00e4 ECE-normin: ECE-R90; Porausreik\u00e4l\u00e4pimitta enint\u00e4\u00e4n [mm]: 16,55; Valmistusvuoteen: 12\/2013; JEEP: RENEGADE Gel\u00e4ndewagen geschlossen BU; FIAT: 500X; ALFA ROMEO: GIULIETTA 940; 51806278, 51815312, 51815312, 51937306, 51962485; Jarrulevy<\/p>\n","protected":false},"excerpt":{"rendered":"<p>BOSCH Jarrulevyt 0 986 479 C42 Jarrulevy JEEP,FIAT,ALFA ROMEO,RENEGADE Gel\u00e4ndewagen geschlossen BU,500X,GIULIETTA 940<\/p>\n","protected":false},"featured_media":0,"template":"","meta":{"site-sidebar-layout":"default","site-content-layout":"default","ast-global-header-display":"","ast-main-header-display":"","ast-hfb-above-header-display":"","ast-hfb-below-header-display":"","ast-hfb-mobile-header-display":"","site-post-title":"","ast-breadcrumbs-content":"","ast-featured-img":"","footer-sml-layout":"","theme-transparent-header-meta":"","adv-header-id-meta":"","stick-header-meta":"","header-above-stick-meta":"","header-main-stick-meta":"","header-below-stick-meta":""},"pwb-brand":[534],"product_cat":[66],"product_tag":[],"class_list":{"0":"post-101277","1":"product","2":"type-product","3":"status-publish","5":"pwb-brand-bosch","6":"product_cat-jarrulevyt","7":"desktop-align-left","8":"tablet-align-left","9":"mobile-align-left","11":"first","12":"instock","13":"product-type-external"},"brands":[{"id":534,"name":"Bosch","slug":"bosch"}],"_links":{"self":[{"href":"https:\/\/www.autonvaraosahaku.fi\/index.php?rest_route=\/wp\/v2\/product\/101277","targetHints":{"allow":["GET"]}}],"collection":[{"href":"https:\/\/www.autonvaraosahaku.fi\/index.php?rest_route=\/wp\/v2\/product"}],"about":[{"href":"https:\/\/www.autonvaraosahaku.fi\/index.php?rest_route=\/wp\/v2\/types\/product"}],"wp:attachment":[{"href":"https:\/\/www.autonvaraosahaku.fi\/index.php?rest_route=%2Fwp%2Fv2%2Fmedia&parent=101277"}],"wp:term":[{"taxonomy":"pwb-brand","embeddable":true,"href":"https:\/\/www.autonvaraosahaku.fi\/index.php?rest_route=%2Fwp%2Fv2%2Fpwb-brand&post=101277"},{"taxonomy":"product_cat","embeddable":true,"href":"https:\/\/www.autonvaraosahaku.fi\/index.php?rest_route=%2Fwp%2Fv2%2Fproduct_cat&post=101277"},{"taxonomy":"product_tag","embeddable":true,"href":"https:\/\/www.autonvaraosahaku.fi\/index.php?rest_route=%2Fwp%2Fv2%2Fproduct_tag&post=101277"}],"curies":[{"name":"wp","href":"https:\/\/api.w.org\/{rel}","templated":true}]}}