{"id":101286,"date":"2021-02-21T22:41:23","date_gmt":"2021-02-21T22:41:23","guid":{"rendered":"https:\/\/www.autonvaraosahaku.fi\/?product=bosch-f-026-407-093-oljynsuodatin"},"modified":"2021-02-21T22:41:30","modified_gmt":"2021-02-21T22:41:30","slug":"bosch-f-026-407-093-oljynsuodatin","status":"publish","type":"product","link":"https:\/\/www.autonvaraosahaku.fi\/?product=bosch-f-026-407-093-oljynsuodatin","title":{"rendered":"Bosch F 026 407 093 \u00d6ljynsuodatin"},"content":{"rendered":"<p>Suodatintyyppi: Suodatinpanos; Korkeus (mm): 67,5; Ulkol\u00e4pimitta [mm]: 69; L\u00e4pimitta 1 [mm]: 28,2; L\u00e4pimitta 2 [mm]: 69; Vaihtoehtoisesti: ; LEXUS: RX GYL1_, GGL15, AGL10,IS III GSE3_, AVE3_,GS GRL1_, GWL1_,ES AVV6_, GSV6_, ASV6_,NX ZGZ1_, AGZ1_, AYZ1_,RX _L2_,LS VXFA5_,LC; SUBARU: TREZIA; TOYOTA: YARIS SCP9_, NSP9_, KSP9_, NCP9_, ZSP9_,AURIS NRE15_, ZZE15_, ADE15_, ZRE15_, NDE15_,YARIS NHP13_, NSP13_, NCP13_, KSP13_, NLP13_,AURIS NZE18_, ZRE18_,AURIS TOURING SPORTS ADE18_, ZWE18_, ZRE18_,IQ KPJ1_, NGJ1_, KGJ1_, NUJ1_,RAV 4 IV ZSA4_, ALA4_,VERSO S NLP12_, NCP12_, NSP12_,URBAN CRUISER NSP1_, NLP1_, ZSP1_, NCP11_,COROLLA Stufenheck E15_,COROLLA Stufenheck NRE18_, ZRE17_, ZRE18_, NDE18_,AURIS VAN Kasten ZRE18_, NZE18_; 0415231110, A132E6399S, 0415231110, 0415231110, 04152YZZA8<\/p>\n","protected":false},"excerpt":{"rendered":"<p>BOSCH \u00d6ljynsuodatin F 026 407 093  LEXUS,SUBARU,TOYOTA,RX GYL1_, GGL15, AGL10,IS III GSE3_, AVE3_,GS GRL1_, GWL1_,ES AVV6_, GSV6_, ASV6_<\/p>\n","protected":false},"featured_media":0,"template":"","meta":{"site-sidebar-layout":"default","site-content-layout":"default","ast-global-header-display":"","ast-main-header-display":"","ast-hfb-above-header-display":"","ast-hfb-below-header-display":"","ast-hfb-mobile-header-display":"","site-post-title":"","ast-breadcrumbs-content":"","ast-featured-img":"","footer-sml-layout":"","theme-transparent-header-meta":"","adv-header-id-meta":"","stick-header-meta":"","header-above-stick-meta":"","header-main-stick-meta":"","header-below-stick-meta":""},"pwb-brand":[534],"product_cat":[30],"product_tag":[],"class_list":{"0":"post-101286","1":"product","2":"type-product","3":"status-publish","5":"pwb-brand-bosch","6":"product_cat-oljynsuodatin","7":"desktop-align-left","8":"tablet-align-left","9":"mobile-align-left","11":"first","12":"instock","13":"product-type-external"},"brands":[{"id":534,"name":"Bosch","slug":"bosch"}],"_links":{"self":[{"href":"https:\/\/www.autonvaraosahaku.fi\/index.php?rest_route=\/wp\/v2\/product\/101286","targetHints":{"allow":["GET"]}}],"collection":[{"href":"https:\/\/www.autonvaraosahaku.fi\/index.php?rest_route=\/wp\/v2\/product"}],"about":[{"href":"https:\/\/www.autonvaraosahaku.fi\/index.php?rest_route=\/wp\/v2\/types\/product"}],"wp:attachment":[{"href":"https:\/\/www.autonvaraosahaku.fi\/index.php?rest_route=%2Fwp%2Fv2%2Fmedia&parent=101286"}],"wp:term":[{"taxonomy":"pwb-brand","embeddable":true,"href":"https:\/\/www.autonvaraosahaku.fi\/index.php?rest_route=%2Fwp%2Fv2%2Fpwb-brand&post=101286"},{"taxonomy":"product_cat","embeddable":true,"href":"https:\/\/www.autonvaraosahaku.fi\/index.php?rest_route=%2Fwp%2Fv2%2Fproduct_cat&post=101286"},{"taxonomy":"product_tag","embeddable":true,"href":"https:\/\/www.autonvaraosahaku.fi\/index.php?rest_route=%2Fwp%2Fv2%2Fproduct_tag&post=101286"}],"curies":[{"name":"wp","href":"https:\/\/api.w.org\/{rel}","templated":true}]}}