{"id":10135,"date":"2021-02-21T14:07:54","date_gmt":"2021-02-21T14:07:54","guid":{"rendered":"https:\/\/www.autonvaraosahaku.fi\/?product=lemforder-38312-01-muut-luokat"},"modified":"2021-02-21T14:07:55","modified_gmt":"2021-02-21T14:07:55","slug":"lemforder-38312-01-muut-luokat","status":"publish","type":"product","link":"https:\/\/www.autonvaraosahaku.fi\/?product=lemforder-38312-01-muut-luokat","title":{"rendered":"LEMF\u00d6RDER 38312 01 Muut luokat"},"content":{"rendered":"<p>Asennuspuoli: Etuakseli, Alla, Takana, Molemminpuolin; tuotenumerolle: 36216 01, 36217 01, 36218 01, 36219 01, 36017 01, 36018 01; BMW: 5 Touring F11,5 F10, F18,7 F01, F02, F03, F04,5 Gran Turismo F07,6 Gran Coupe F06,6 Coupe F13,6 Cabriolet F12; 07119906495, 31106799668, 31126794203, 31126794204, 31126798107, 31126798108, 33306760349, 33316767586, 6760349, 6767586, 6794203, 6794204, 6798107, 6798108, 6799668, 9906495, 31106799668, 33306760349, 33316767586, 6760349, 6767586, 6799668<\/p>\n","protected":false},"excerpt":{"rendered":"<p>LEMF\u00d6RDER Korjaussarja, Py\u00f6r\u00e4ntuenta Service Pack 38312 01  BMW,5 Touring F11,5 F10, F18,7 F01, F02, F03, F04,5 Gran Turismo F07,6 Gran Coupe F06<\/p>\n","protected":false},"featured_media":0,"template":"","meta":{"site-sidebar-layout":"default","site-content-layout":"default","ast-global-header-display":"","ast-main-header-display":"","ast-hfb-above-header-display":"","ast-hfb-below-header-display":"","ast-hfb-mobile-header-display":"","site-post-title":"","ast-breadcrumbs-content":"","ast-featured-img":"","footer-sml-layout":"","theme-transparent-header-meta":"","adv-header-id-meta":"","stick-header-meta":"","header-above-stick-meta":"","header-main-stick-meta":"","header-below-stick-meta":""},"pwb-brand":[77],"product_cat":[37],"product_tag":[],"class_list":{"0":"post-10135","1":"product","2":"type-product","3":"status-publish","5":"pwb-brand-lemforder","6":"product_cat-muut-luokat","7":"desktop-align-left","8":"tablet-align-left","9":"mobile-align-left","11":"first","12":"instock","13":"product-type-external"},"brands":[{"id":77,"name":"LEMF\u00d6RDER","slug":"lemforder"}],"_links":{"self":[{"href":"https:\/\/www.autonvaraosahaku.fi\/index.php?rest_route=\/wp\/v2\/product\/10135","targetHints":{"allow":["GET"]}}],"collection":[{"href":"https:\/\/www.autonvaraosahaku.fi\/index.php?rest_route=\/wp\/v2\/product"}],"about":[{"href":"https:\/\/www.autonvaraosahaku.fi\/index.php?rest_route=\/wp\/v2\/types\/product"}],"wp:attachment":[{"href":"https:\/\/www.autonvaraosahaku.fi\/index.php?rest_route=%2Fwp%2Fv2%2Fmedia&parent=10135"}],"wp:term":[{"taxonomy":"pwb-brand","embeddable":true,"href":"https:\/\/www.autonvaraosahaku.fi\/index.php?rest_route=%2Fwp%2Fv2%2Fpwb-brand&post=10135"},{"taxonomy":"product_cat","embeddable":true,"href":"https:\/\/www.autonvaraosahaku.fi\/index.php?rest_route=%2Fwp%2Fv2%2Fproduct_cat&post=10135"},{"taxonomy":"product_tag","embeddable":true,"href":"https:\/\/www.autonvaraosahaku.fi\/index.php?rest_route=%2Fwp%2Fv2%2Fproduct_tag&post=10135"}],"curies":[{"name":"wp","href":"https:\/\/api.w.org\/{rel}","templated":true}]}}