{"id":101376,"date":"2021-02-21T22:42:07","date_gmt":"2021-02-21T22:42:07","guid":{"rendered":"https:\/\/www.autonvaraosahaku.fi\/?product=bosch-0-986-479-b73-jarrulevyt"},"modified":"2021-02-21T22:42:09","modified_gmt":"2021-02-21T22:42:09","slug":"bosch-0-986-479-b73-jarrulevyt","status":"publish","type":"product","link":"https:\/\/www.autonvaraosahaku.fi\/?product=bosch-0-986-479-b73-jarrulevyt","title":{"rendered":"Bosch 0 986 479 B73 Jarrulevyt"},"content":{"rendered":"<p>Ulkol\u00e4pimitta [mm]: 259,6; Jarrulevyn paksuus (mm): 22; V\u00e4himm\u00e4ispaksuus (mm): 19,8; Korkeus (mm): 44; Reik\u00e4ympyr\u00e4-\u00d8 [mm]: 100; Jarrulevytyyppi: Tuuletettu, Tuuletettu, sis\u00e4; keskitt\u00e4misl\u00e4pimitta [mm]: 61,1; Reikien m\u00e4\u00e4r\u00e4: 4; Pinta: pinnoitettu; Korvaava tuote\/korvaava tiedote 2: Ruuveilla; t\u00e4ytt\u00e4\u00e4 ECE-normin: ECE-R90; Porausreik\u00e4l\u00e4pimitta enint\u00e4\u00e4n [mm]: 13,5; Valmistusvuoteen: 12\/2015; NISSAN: MICRA III K12,NOTE E11,MICRA C+C K12,TIIDA Stufenheck SC11X,TEANA II J32,MICRA V K14; DACIA: SANDERO,LOGAN MCV KS_,LOGAN LS_,LOGAN EXPRESS FS_,LOGAN Pick-up US_; ALFA ROMEO: GIULIA 952_,STELVIO 949_; RENAULT: CLIO II BB0\/1\/2_, CB0\/1\/2_,CLIO III BR0\/1, CR0\/1,MODUS \/ GRAND MODUS F\/JP0_,MEGANE II BM0\/1_, CM0\/1_,CLIO Grandtour KR0\/1_,MEGANE II Stufenheck LM0\/1_,CLIO III Kasten SB_, SR_,SANDERO\/STEPWAY I,LOGAN I Kombi KS_,LOGAN EXPRESS,LOGAN II; 50556528, 7701207795, 50556528, 7701207795, 50556528, LR132809, 4020600Q1M, 402063AW0A, 402064AA1A, 402066478R, 40206AX600, 40206AX602, 40206AX603, 40206EE320, 40206AX602, 7701207795; Jarrulevy<\/p>\n","protected":false},"excerpt":{"rendered":"<p>BOSCH Jarrulevyt 0 986 479 B73 Jarrulevy NISSAN,DACIA,ALFA ROMEO,MICRA III K12,NOTE E11,MICRA C+C K12,TIIDA Stufenheck SC11X,TEANA II J32,MICRA V K14<\/p>\n","protected":false},"featured_media":0,"template":"","meta":{"site-sidebar-layout":"default","site-content-layout":"default","ast-global-header-display":"","ast-main-header-display":"","ast-hfb-above-header-display":"","ast-hfb-below-header-display":"","ast-hfb-mobile-header-display":"","site-post-title":"","ast-breadcrumbs-content":"","ast-featured-img":"","footer-sml-layout":"","theme-transparent-header-meta":"","adv-header-id-meta":"","stick-header-meta":"","header-above-stick-meta":"","header-main-stick-meta":"","header-below-stick-meta":""},"pwb-brand":[534],"product_cat":[66],"product_tag":[],"class_list":{"0":"post-101376","1":"product","2":"type-product","3":"status-publish","5":"pwb-brand-bosch","6":"product_cat-jarrulevyt","7":"desktop-align-left","8":"tablet-align-left","9":"mobile-align-left","11":"first","12":"instock","13":"product-type-external"},"brands":[{"id":534,"name":"Bosch","slug":"bosch"}],"_links":{"self":[{"href":"https:\/\/www.autonvaraosahaku.fi\/index.php?rest_route=\/wp\/v2\/product\/101376","targetHints":{"allow":["GET"]}}],"collection":[{"href":"https:\/\/www.autonvaraosahaku.fi\/index.php?rest_route=\/wp\/v2\/product"}],"about":[{"href":"https:\/\/www.autonvaraosahaku.fi\/index.php?rest_route=\/wp\/v2\/types\/product"}],"wp:attachment":[{"href":"https:\/\/www.autonvaraosahaku.fi\/index.php?rest_route=%2Fwp%2Fv2%2Fmedia&parent=101376"}],"wp:term":[{"taxonomy":"pwb-brand","embeddable":true,"href":"https:\/\/www.autonvaraosahaku.fi\/index.php?rest_route=%2Fwp%2Fv2%2Fpwb-brand&post=101376"},{"taxonomy":"product_cat","embeddable":true,"href":"https:\/\/www.autonvaraosahaku.fi\/index.php?rest_route=%2Fwp%2Fv2%2Fproduct_cat&post=101376"},{"taxonomy":"product_tag","embeddable":true,"href":"https:\/\/www.autonvaraosahaku.fi\/index.php?rest_route=%2Fwp%2Fv2%2Fproduct_tag&post=101376"}],"curies":[{"name":"wp","href":"https:\/\/api.w.org\/{rel}","templated":true}]}}