{"id":101468,"date":"2021-02-21T22:42:41","date_gmt":"2021-02-21T22:42:41","guid":{"rendered":"https:\/\/www.autonvaraosahaku.fi\/?product=bosch-0-250-202-025-hehkutulppa"},"modified":"2021-02-21T22:42:49","modified_gmt":"2021-02-21T22:42:49","slug":"bosch-0-250-202-025-hehkutulppa","status":"publish","type":"product","link":"https:\/\/www.autonvaraosahaku.fi\/?product=bosch-0-250-202-025-hehkutulppa","title":{"rendered":"Bosch 0 250 202 025 Hehkutulppa"},"content":{"rendered":"<p>Hehkutulppatyyppi: Hehkutulppa, puikko, j\u00e4lkihehkutuksenkest\u00e4v\u00e4; Pituus (mm): 84, 84; Kierre 1: M 10 x 1; Kartionousu: 63; Avainv\u00e4li: 10; Kiristysmomentti > [Nm]: 10; Kiristysmomentti enint\u00e4\u00e4n [Nm]: 15; Liittimet: M 4; Asennussyvyys (mm): 25; lis\u00e4tieto: Duraterm; TECDOC-moottorinumero: 3301; HONDA: CIVIC VI Hatchback EJ, EK,ACCORD VI CG, CK,CIVIC VI Fastback MA, MB,CIVIC VI Aerodeck MB, MC,ACCORD VI Hatchback CH,ACCORD V CE, CF; LAND ROVER: FREELANDER LN,FREELANDER Soft Top; VOLVO: V40 Kombi VW,S40 I VS; ROVER: 25 RF,200 RF,45 Stufenheck RT,600 RH,45 RT,400 RT,400 Hatchback RT; RENAULT: ESPACE III JE0_,MEGANE Scenic JA0\/1_,MEGANE I BA0\/1_,LAGUNA I B56_, 556_,LAGUNA I Grandtour K56_,MEGANE I Classic LA0\/1_,MEGANE I Coach DA0\/1_,SAFRANE II B54_; MG: MG ZR,MG ZS,MG ZS Hatchback; 59624L, 12291P5TG00, NCC100050L, NCC100050, 59624L, 7700100586, 7700858208, 7700861906, NCC100050, NCC100050L<\/p>\n","protected":false},"excerpt":{"rendered":"<p>BOSCH Hehkutulppa 0 250 202 025  HONDA,LAND ROVER,VOLVO,CIVIC VI Hatchback EJ, EK,ACCORD VI CG, CK,CIVIC VI Fastback MA, MB,CIVIC VI Aerodeck MB, MC<\/p>\n","protected":false},"featured_media":0,"template":"","meta":{"site-sidebar-layout":"default","site-content-layout":"default","ast-global-header-display":"","ast-main-header-display":"","ast-hfb-above-header-display":"","ast-hfb-below-header-display":"","ast-hfb-mobile-header-display":"","site-post-title":"","ast-breadcrumbs-content":"","ast-featured-img":"","footer-sml-layout":"","theme-transparent-header-meta":"","adv-header-id-meta":"","stick-header-meta":"","header-above-stick-meta":"","header-main-stick-meta":"","header-below-stick-meta":""},"pwb-brand":[534],"product_cat":[52],"product_tag":[],"class_list":{"0":"post-101468","1":"product","2":"type-product","3":"status-publish","5":"pwb-brand-bosch","6":"product_cat-hehkutulppa","7":"desktop-align-left","8":"tablet-align-left","9":"mobile-align-left","11":"first","12":"instock","13":"product-type-external"},"brands":[{"id":534,"name":"Bosch","slug":"bosch"}],"_links":{"self":[{"href":"https:\/\/www.autonvaraosahaku.fi\/index.php?rest_route=\/wp\/v2\/product\/101468","targetHints":{"allow":["GET"]}}],"collection":[{"href":"https:\/\/www.autonvaraosahaku.fi\/index.php?rest_route=\/wp\/v2\/product"}],"about":[{"href":"https:\/\/www.autonvaraosahaku.fi\/index.php?rest_route=\/wp\/v2\/types\/product"}],"wp:attachment":[{"href":"https:\/\/www.autonvaraosahaku.fi\/index.php?rest_route=%2Fwp%2Fv2%2Fmedia&parent=101468"}],"wp:term":[{"taxonomy":"pwb-brand","embeddable":true,"href":"https:\/\/www.autonvaraosahaku.fi\/index.php?rest_route=%2Fwp%2Fv2%2Fpwb-brand&post=101468"},{"taxonomy":"product_cat","embeddable":true,"href":"https:\/\/www.autonvaraosahaku.fi\/index.php?rest_route=%2Fwp%2Fv2%2Fproduct_cat&post=101468"},{"taxonomy":"product_tag","embeddable":true,"href":"https:\/\/www.autonvaraosahaku.fi\/index.php?rest_route=%2Fwp%2Fv2%2Fproduct_tag&post=101468"}],"curies":[{"name":"wp","href":"https:\/\/api.w.org\/{rel}","templated":true}]}}