{"id":101471,"date":"2021-02-21T22:42:50","date_gmt":"2021-02-21T22:42:50","guid":{"rendered":"https:\/\/www.autonvaraosahaku.fi\/?product=bosch-0-241-229-715-sytytystulpat"},"modified":"2021-02-21T22:42:51","modified_gmt":"2021-02-21T22:42:51","slug":"bosch-0-241-229-715-sytytystulpat","status":"publish","type":"product","link":"https:\/\/www.autonvaraosahaku.fi\/?product=bosch-0-241-229-715-sytytystulpat","title":{"rendered":"Bosch 0 241 229 715 Sytytystulpat"},"content":{"rendered":"<p>K\u00e4rkiv\u00e4li (mm): 0,8; Kiristysmomentti: 28; Kiristyskulma [Grad]: 90; Ulkokierre [mm]: 14; Kierrenousu (mm): 1,25; Kierteen pituus (mm): 19; Avainv\u00e4li: 21; Kipin\u00e4et\u00e4isyys [mm]: 3; Napojen m\u00e4\u00e4r\u00e4: 1; Varustelumahdollisuudet: Standart; VW: GOLF I Cabriolet 155,JETTA II 19E, 1G2, 165; NISSAN: DATSUN 160 J 710, A10; FIAT: 147; RENAULT: TRAFIC Kasten TXX; 12121262360, 12121262361, 12121263070, 12121276283, 12121279526, 12129056446, 12129056447, 12129057189, 12129057190, 12129057749, 12129057750, 5432057Y, 596273, 5962A1, MKP00071, ZC9862088U, 9004851036000, 9004851053000, 9091901059000, 9091901060000, 9091951072000, 7554431, V4LS, 3490154, 9807955841, 9807955941, 9825131060, 2101037070, 210103707000NB, 7554431, V4LS, 066018110, 100277550, M8L011081, 0021590503, 0021590703, 0021591603, 0021591703, A0021590503, A0021590703, A0021591603, A0021591703, MS851182, MS851182A, MS851212, 22401W8915, B240189904, 1214110, 5432057Y, 596273, 5962A1, MKP00071, ZC9862088U, 99917017090, 9050714, 7700613818, 7700647265, 7700661752, 7700670734, 7700683771, 7700724822, 7700743920, 7701023325, 7701366903, 7702112987, 7702124101, 420543200, 490010043, 0948200129, 0948200131, 9091901020, 9091901059, 9099909006, 101000018AA, N01781148, N01781153, N01781175, N01781234, N01781311; Tulpat,Sytytystulppa<\/p>\n","protected":false},"excerpt":{"rendered":"<p>BOSCH Sytytystulpat 0 241 229 715 Tulpat,Sytytystulppa VW,NISSAN,FIAT,GOLF I Cabriolet 155,JETTA II 19E, 1G2, 165,DATSUN 160 J 710, A10,147<\/p>\n","protected":false},"featured_media":0,"template":"","meta":{"site-sidebar-layout":"default","site-content-layout":"default","ast-global-header-display":"","ast-main-header-display":"","ast-hfb-above-header-display":"","ast-hfb-below-header-display":"","ast-hfb-mobile-header-display":"","site-post-title":"","ast-breadcrumbs-content":"","ast-featured-img":"","footer-sml-layout":"","theme-transparent-header-meta":"","adv-header-id-meta":"","stick-header-meta":"","header-above-stick-meta":"","header-main-stick-meta":"","header-below-stick-meta":""},"pwb-brand":[534],"product_cat":[165],"product_tag":[],"class_list":{"0":"post-101471","1":"product","2":"type-product","3":"status-publish","5":"pwb-brand-bosch","6":"product_cat-sytytystulpat","7":"desktop-align-left","8":"tablet-align-left","9":"mobile-align-left","11":"first","12":"instock","13":"product-type-external"},"brands":[{"id":534,"name":"Bosch","slug":"bosch"}],"_links":{"self":[{"href":"https:\/\/www.autonvaraosahaku.fi\/index.php?rest_route=\/wp\/v2\/product\/101471","targetHints":{"allow":["GET"]}}],"collection":[{"href":"https:\/\/www.autonvaraosahaku.fi\/index.php?rest_route=\/wp\/v2\/product"}],"about":[{"href":"https:\/\/www.autonvaraosahaku.fi\/index.php?rest_route=\/wp\/v2\/types\/product"}],"wp:attachment":[{"href":"https:\/\/www.autonvaraosahaku.fi\/index.php?rest_route=%2Fwp%2Fv2%2Fmedia&parent=101471"}],"wp:term":[{"taxonomy":"pwb-brand","embeddable":true,"href":"https:\/\/www.autonvaraosahaku.fi\/index.php?rest_route=%2Fwp%2Fv2%2Fpwb-brand&post=101471"},{"taxonomy":"product_cat","embeddable":true,"href":"https:\/\/www.autonvaraosahaku.fi\/index.php?rest_route=%2Fwp%2Fv2%2Fproduct_cat&post=101471"},{"taxonomy":"product_tag","embeddable":true,"href":"https:\/\/www.autonvaraosahaku.fi\/index.php?rest_route=%2Fwp%2Fv2%2Fproduct_tag&post=101471"}],"curies":[{"name":"wp","href":"https:\/\/api.w.org\/{rel}","templated":true}]}}