{"id":10149,"date":"2021-02-21T14:07:57","date_gmt":"2021-02-21T14:07:57","guid":{"rendered":"https:\/\/www.autonvaraosahaku.fi\/?product=meyle-37-14-323-0002-polttoainesuodatin"},"modified":"2021-02-21T14:07:59","modified_gmt":"2021-02-21T14:07:59","slug":"meyle-37-14-323-0002-polttoainesuodatin","status":"publish","type":"product","link":"https:\/\/www.autonvaraosahaku.fi\/?product=meyle-37-14-323-0002-polttoainesuodatin","title":{"rendered":"MEYLE 37-14 323 0002 Polttoainesuodatin"},"content":{"rendered":"<p>L\u00e4pimitta [mm]: 88; Asennuspuoli: polttoaines\u00e4ili\u00f6ss\u00e4; Suodatintyyppi: Pitk\u00e4ik\u00e4inen suodatin; Materiaali: Muovi; Korkeus (mm): 130; lis\u00e4tieto: ORIGINAL Quality; HYUNDAI: i30 FD,i10 PA,i20 PB, PBT,i30 CW FD,ix20 JC; KIA: CEE&#8217;D SW ED,CEE&#8217;D Schr\u00e4gheck ED,VENGA YN,CARENS III UN,PRO CEE&#8217;D ED,CERATO Stufenheck LD; 319102H000, 319102H000<\/p>\n","protected":false},"excerpt":{"rendered":"<p>MEYLE Polttoainesuodatin 37-14 323 0002  HYUNDAI,KIA,i30 FD,i10 PA,i20 PB, PBT,i30 CW FD,ix20 JC,CEE&#8217;D SW ED,CEE&#8217;D Schr\u00e4gheck ED,VENGA YN<\/p>\n","protected":false},"featured_media":0,"template":"","meta":{"site-sidebar-layout":"default","site-content-layout":"default","ast-global-header-display":"","ast-main-header-display":"","ast-hfb-above-header-display":"","ast-hfb-below-header-display":"","ast-hfb-mobile-header-display":"","site-post-title":"","ast-breadcrumbs-content":"","ast-featured-img":"","footer-sml-layout":"","theme-transparent-header-meta":"","adv-header-id-meta":"","stick-header-meta":"","header-above-stick-meta":"","header-main-stick-meta":"","header-below-stick-meta":""},"pwb-brand":[84],"product_cat":[29],"product_tag":[],"class_list":{"0":"post-10149","1":"product","2":"type-product","3":"status-publish","5":"pwb-brand-meyle","6":"product_cat-polttoainesuodatin","7":"desktop-align-left","8":"tablet-align-left","9":"mobile-align-left","11":"first","12":"instock","13":"product-type-external"},"brands":[{"id":84,"name":"MEYLE","slug":"meyle"}],"_links":{"self":[{"href":"https:\/\/www.autonvaraosahaku.fi\/index.php?rest_route=\/wp\/v2\/product\/10149","targetHints":{"allow":["GET"]}}],"collection":[{"href":"https:\/\/www.autonvaraosahaku.fi\/index.php?rest_route=\/wp\/v2\/product"}],"about":[{"href":"https:\/\/www.autonvaraosahaku.fi\/index.php?rest_route=\/wp\/v2\/types\/product"}],"wp:attachment":[{"href":"https:\/\/www.autonvaraosahaku.fi\/index.php?rest_route=%2Fwp%2Fv2%2Fmedia&parent=10149"}],"wp:term":[{"taxonomy":"pwb-brand","embeddable":true,"href":"https:\/\/www.autonvaraosahaku.fi\/index.php?rest_route=%2Fwp%2Fv2%2Fpwb-brand&post=10149"},{"taxonomy":"product_cat","embeddable":true,"href":"https:\/\/www.autonvaraosahaku.fi\/index.php?rest_route=%2Fwp%2Fv2%2Fproduct_cat&post=10149"},{"taxonomy":"product_tag","embeddable":true,"href":"https:\/\/www.autonvaraosahaku.fi\/index.php?rest_route=%2Fwp%2Fv2%2Fproduct_tag&post=10149"}],"curies":[{"name":"wp","href":"https:\/\/api.w.org\/{rel}","templated":true}]}}