{"id":101559,"date":"2021-02-21T22:43:25","date_gmt":"2021-02-21T22:43:25","guid":{"rendered":"https:\/\/www.autonvaraosahaku.fi\/?product=bosch-0-250-202-089-hehkutulppa"},"modified":"2021-02-21T22:43:29","modified_gmt":"2021-02-21T22:43:29","slug":"bosch-0-250-202-089-hehkutulppa","status":"publish","type":"product","link":"https:\/\/www.autonvaraosahaku.fi\/?product=bosch-0-250-202-089-hehkutulppa","title":{"rendered":"Bosch 0 250 202 089 Hehkutulppa"},"content":{"rendered":"<p>Hehkutulppatyyppi: Hehkutulppa, puikko, j\u00e4lkihehkutuksenkest\u00e4v\u00e4; Pituus (mm): 86, 86; Kierre 1: M 10 x 1,25; Kartionousu: 120; Avainv\u00e4li: 12; Kiristysmomentti > [Nm]: 15; Kiristysmomentti enint\u00e4\u00e4n [Nm]: 20; Liittimet: M 4; Asennussyvyys (mm): 22; lis\u00e4tieto: Duraterm; Moottorinumero: RF46; MAZDA: 626 IV Hatchback GE,B-SERIE UN,626 IV GE,626 III Station Wagon GV,B-SERIE UF,MPV I LV,B-SERIE Pritsche\/Fahrgestell UN,B-SERIE Pritsche\/Fahrgestell UF; KIA: SPORTAGE K00,RETONA CE,PREGIO Kasten TB,K2700 SD,BESTA Bus,K2700,BONGO Pritsche\/Fahrgestell; SUZUKI: GRAND VITARA I FT,VITARA ET, TA; FORD: RANGER ES, ET,RANGER ER, EQ; 1536023, 4025139, XM3412A342BA, 0K05418140, 0K71018140, 0K71018140A, 0K71E18140A, 0K75A18140, 0K75B18140, RFG118601, RFJ518601, RFN118601, RFN118601A, RFR118601, S21018140, WL0118601, WL0318601, WL8118601, RFJ518601, 09900RF001, 1855078E00, 1855078E00000, 1855078E11, 1855078E11000<\/p>\n","protected":false},"excerpt":{"rendered":"<p>BOSCH Hehkutulppa 0 250 202 089  MAZDA,KIA,SUZUKI,626 IV Hatchback GE,B-SERIE UN,626 IV GE,626 III Station Wagon GV,B-SERIE UF,MPV I LV<\/p>\n","protected":false},"featured_media":0,"template":"","meta":{"site-sidebar-layout":"default","site-content-layout":"default","ast-global-header-display":"","ast-main-header-display":"","ast-hfb-above-header-display":"","ast-hfb-below-header-display":"","ast-hfb-mobile-header-display":"","site-post-title":"","ast-breadcrumbs-content":"","ast-featured-img":"","footer-sml-layout":"","theme-transparent-header-meta":"","adv-header-id-meta":"","stick-header-meta":"","header-above-stick-meta":"","header-main-stick-meta":"","header-below-stick-meta":""},"pwb-brand":[534],"product_cat":[52],"product_tag":[],"class_list":{"0":"post-101559","1":"product","2":"type-product","3":"status-publish","5":"pwb-brand-bosch","6":"product_cat-hehkutulppa","7":"desktop-align-left","8":"tablet-align-left","9":"mobile-align-left","11":"first","12":"instock","13":"product-type-external"},"brands":[{"id":534,"name":"Bosch","slug":"bosch"}],"_links":{"self":[{"href":"https:\/\/www.autonvaraosahaku.fi\/index.php?rest_route=\/wp\/v2\/product\/101559","targetHints":{"allow":["GET"]}}],"collection":[{"href":"https:\/\/www.autonvaraosahaku.fi\/index.php?rest_route=\/wp\/v2\/product"}],"about":[{"href":"https:\/\/www.autonvaraosahaku.fi\/index.php?rest_route=\/wp\/v2\/types\/product"}],"wp:attachment":[{"href":"https:\/\/www.autonvaraosahaku.fi\/index.php?rest_route=%2Fwp%2Fv2%2Fmedia&parent=101559"}],"wp:term":[{"taxonomy":"pwb-brand","embeddable":true,"href":"https:\/\/www.autonvaraosahaku.fi\/index.php?rest_route=%2Fwp%2Fv2%2Fpwb-brand&post=101559"},{"taxonomy":"product_cat","embeddable":true,"href":"https:\/\/www.autonvaraosahaku.fi\/index.php?rest_route=%2Fwp%2Fv2%2Fproduct_cat&post=101559"},{"taxonomy":"product_tag","embeddable":true,"href":"https:\/\/www.autonvaraosahaku.fi\/index.php?rest_route=%2Fwp%2Fv2%2Fproduct_tag&post=101559"}],"curies":[{"name":"wp","href":"https:\/\/api.w.org\/{rel}","templated":true}]}}