{"id":101573,"date":"2021-02-21T22:43:34","date_gmt":"2021-02-21T22:43:34","guid":{"rendered":"https:\/\/www.autonvaraosahaku.fi\/?product=bosch-0-986-479-b49-jarrulevyt"},"modified":"2021-02-21T22:43:35","modified_gmt":"2021-02-21T22:43:35","slug":"bosch-0-986-479-b49-jarrulevyt","status":"publish","type":"product","link":"https:\/\/www.autonvaraosahaku.fi\/?product=bosch-0-986-479-b49-jarrulevyt","title":{"rendered":"Bosch 0 986 479 B49 Jarrulevyt"},"content":{"rendered":"<p>Ulkol\u00e4pimitta [mm]: 284; Jarrulevyn paksuus (mm): 22; V\u00e4himm\u00e4ispaksuus (mm): 20,2; Korkeus (mm): 43,4; Reik\u00e4ympyr\u00e4-\u00d8 [mm]: 98; Jarrulevytyyppi: Tuuletettu, Tuuletettu, sis\u00e4; keskitt\u00e4misl\u00e4pimitta [mm]: 59,02; Reikien m\u00e4\u00e4r\u00e4: 4; Pinta: pinnoitettu; t\u00e4ytt\u00e4\u00e4 ECE-normin: ECE-R90; Porausreik\u00e4l\u00e4pimitta enint\u00e4\u00e4n [mm]: 13; Valmistusvuoteen: 10\/1997; ABARTH: 500 \/ 595 312_,500C \/ 595C 312_; LANCIA: DELTA III 844,MUSA 350,LYBRA SW 839BX,DELTA I 831AB0,LYBRA 839AX,THEMA 834,DELTA II 836,THEMA SW 834; FIAT: GRANDE PUNTO 199,STILO 192,BRAVO II 198,DOBLO Cargo 223,STILO Multi Wagon 192,DOBLO 119,IDEA,COUPE FA\/175,QUBO 225,BRAVO I 182,MAREA Weekend 185,FIORINO Kasten\/Kombi 225,LINEA 323,CROMA 154,STRADA Pick-up 578_,MAREA 185; ALFA ROMEO: 155 167; 4779953AB, 46403088, 46403959, 46455892, 4779953AB, 52063170, 60806135, 60812422, 82433918, 82440356, 82450657, 82451746, 46403088, 46403959, 46445004, 46448168, 46455892, 46758714, 4779953AB, 51920094, 52063170, 60806135, 60812422, 60813038, 82433918, 82440356, 82450657, 82451746, 46403088, 46403959, 46455892, 46758714, 4779953AB, 52063170, 60806135, 60812422, 60813038, 82433918, 82440356, 82450657, 82451746; Jarrulevy<\/p>\n","protected":false},"excerpt":{"rendered":"<p>BOSCH Jarrulevyt 0 986 479 B49 Jarrulevy ABARTH,LANCIA,FIAT,500 \/ 595 312_,500C \/ 595C 312_,DELTA III 844,MUSA 350,LYBRA SW 839BX,DELTA I 831AB0<\/p>\n","protected":false},"featured_media":0,"template":"","meta":{"site-sidebar-layout":"default","site-content-layout":"default","ast-global-header-display":"","ast-main-header-display":"","ast-hfb-above-header-display":"","ast-hfb-below-header-display":"","ast-hfb-mobile-header-display":"","site-post-title":"","ast-breadcrumbs-content":"","ast-featured-img":"","footer-sml-layout":"","theme-transparent-header-meta":"","adv-header-id-meta":"","stick-header-meta":"","header-above-stick-meta":"","header-main-stick-meta":"","header-below-stick-meta":""},"pwb-brand":[534],"product_cat":[66],"product_tag":[],"class_list":{"0":"post-101573","1":"product","2":"type-product","3":"status-publish","5":"pwb-brand-bosch","6":"product_cat-jarrulevyt","7":"desktop-align-left","8":"tablet-align-left","9":"mobile-align-left","11":"first","12":"instock","13":"product-type-external"},"brands":[{"id":534,"name":"Bosch","slug":"bosch"}],"_links":{"self":[{"href":"https:\/\/www.autonvaraosahaku.fi\/index.php?rest_route=\/wp\/v2\/product\/101573","targetHints":{"allow":["GET"]}}],"collection":[{"href":"https:\/\/www.autonvaraosahaku.fi\/index.php?rest_route=\/wp\/v2\/product"}],"about":[{"href":"https:\/\/www.autonvaraosahaku.fi\/index.php?rest_route=\/wp\/v2\/types\/product"}],"wp:attachment":[{"href":"https:\/\/www.autonvaraosahaku.fi\/index.php?rest_route=%2Fwp%2Fv2%2Fmedia&parent=101573"}],"wp:term":[{"taxonomy":"pwb-brand","embeddable":true,"href":"https:\/\/www.autonvaraosahaku.fi\/index.php?rest_route=%2Fwp%2Fv2%2Fpwb-brand&post=101573"},{"taxonomy":"product_cat","embeddable":true,"href":"https:\/\/www.autonvaraosahaku.fi\/index.php?rest_route=%2Fwp%2Fv2%2Fproduct_cat&post=101573"},{"taxonomy":"product_tag","embeddable":true,"href":"https:\/\/www.autonvaraosahaku.fi\/index.php?rest_route=%2Fwp%2Fv2%2Fproduct_tag&post=101573"}],"curies":[{"name":"wp","href":"https:\/\/api.w.org\/{rel}","templated":true}]}}