{"id":10158,"date":"2021-02-21T14:07:57","date_gmt":"2021-02-21T14:07:57","guid":{"rendered":"https:\/\/www.autonvaraosahaku.fi\/?product=tedgum-00649606-kallistuksenvakaajan-puslat"},"modified":"2021-02-21T14:08:00","modified_gmt":"2021-02-21T14:08:00","slug":"tedgum-00649606-kallistuksenvakaajan-puslat","status":"publish","type":"product","link":"https:\/\/www.autonvaraosahaku.fi\/?product=tedgum-00649606-kallistuksenvakaajan-puslat","title":{"rendered":"TEDGUM 00649606 Kallistuksenvakaajan puslat"},"content":{"rendered":"<p>Asennuspuoli: Taka-akseli, molemminpuolinen, Sisempi; Tarvittava kappalem\u00e4\u00e4r\u00e4: 2, 2; Materiaali: Kumi; Sis\u00e4l\u00e4pimitta [mm]: 15; SUBARU: FORESTER SH,IMPREZA Schr\u00e4gheck GR, GH, G3,FORESTER SJ,LEGACY V Station Wagon BM, BR,OUTBACK BM, BR,IMPREZA Stufenheck GR,LEGACY V BM, BR,IMPREZA Schr\u00e4gheck GP,OUTBACK BS; 20464SC010; Kallistuksenvakaajan Kumit,Vakaajan Hela<\/p>\n","protected":false},"excerpt":{"rendered":"<p>TEDGUM Kallistuksenvakaajan Puslat 00649606 Kallistuksenvakaajan Kumit,Vakaajan Hela SUBARU,FORESTER SH,IMPREZA Schr\u00e4gheck GR, GH, G3,FORESTER SJ<\/p>\n","protected":false},"featured_media":0,"template":"","meta":{"site-sidebar-layout":"default","site-content-layout":"default","ast-global-header-display":"","ast-main-header-display":"","ast-hfb-above-header-display":"","ast-hfb-below-header-display":"","ast-hfb-mobile-header-display":"","site-post-title":"","ast-breadcrumbs-content":"","ast-featured-img":"","footer-sml-layout":"","theme-transparent-header-meta":"","adv-header-id-meta":"","stick-header-meta":"","header-above-stick-meta":"","header-main-stick-meta":"","header-below-stick-meta":""},"pwb-brand":[155],"product_cat":[82],"product_tag":[],"class_list":{"0":"post-10158","1":"product","2":"type-product","3":"status-publish","5":"pwb-brand-tedgum","6":"product_cat-kallistuksenvakaajan-puslat","7":"desktop-align-left","8":"tablet-align-left","9":"mobile-align-left","11":"first","12":"instock","13":"product-type-external"},"brands":[{"id":155,"name":"TEDGUM","slug":"tedgum"}],"_links":{"self":[{"href":"https:\/\/www.autonvaraosahaku.fi\/index.php?rest_route=\/wp\/v2\/product\/10158","targetHints":{"allow":["GET"]}}],"collection":[{"href":"https:\/\/www.autonvaraosahaku.fi\/index.php?rest_route=\/wp\/v2\/product"}],"about":[{"href":"https:\/\/www.autonvaraosahaku.fi\/index.php?rest_route=\/wp\/v2\/types\/product"}],"wp:attachment":[{"href":"https:\/\/www.autonvaraosahaku.fi\/index.php?rest_route=%2Fwp%2Fv2%2Fmedia&parent=10158"}],"wp:term":[{"taxonomy":"pwb-brand","embeddable":true,"href":"https:\/\/www.autonvaraosahaku.fi\/index.php?rest_route=%2Fwp%2Fv2%2Fpwb-brand&post=10158"},{"taxonomy":"product_cat","embeddable":true,"href":"https:\/\/www.autonvaraosahaku.fi\/index.php?rest_route=%2Fwp%2Fv2%2Fproduct_cat&post=10158"},{"taxonomy":"product_tag","embeddable":true,"href":"https:\/\/www.autonvaraosahaku.fi\/index.php?rest_route=%2Fwp%2Fv2%2Fproduct_tag&post=10158"}],"curies":[{"name":"wp","href":"https:\/\/api.w.org\/{rel}","templated":true}]}}