{"id":101653,"date":"2021-02-21T22:44:09","date_gmt":"2021-02-21T22:44:09","guid":{"rendered":"https:\/\/www.autonvaraosahaku.fi\/?product=bosch-0-450-906-511-polttoainesuodatin"},"modified":"2021-02-21T22:44:10","modified_gmt":"2021-02-21T22:44:10","slug":"bosch-0-450-906-511-polttoainesuodatin","status":"publish","type":"product","link":"https:\/\/www.autonvaraosahaku.fi\/?product=bosch-0-450-906-511-polttoainesuodatin","title":{"rendered":"Bosch 0 450 906 511 Polttoainesuodatin"},"content":{"rendered":"<p>Suodatintyyppi: Letkusuodatin; L\u00e4pimitta [mm]: 80; Korkeus (mm): 189; Sis\u00e4\u00e4ntulol\u00e4pimitta [mm]: 10; Ulostulon l\u00e4pimitta [mm]: 10; Moottorinumero: D4HB; KIA: CARNIVAL II GQ,CARNIVAL \/ GRAND CARNIVAL III VQ,K2900,BONGO Pritsche\/Fahrgestell; SSANGYONG: REXTON GAB_,KYRON,RODIUS,ACTYON SPORTS I QJ,ACTYON I,ACTYON II; HYUNDAI: TERRACAN HP; FORD: MONDEO III Kombi BWY,MONDEO III B5Y,MONDEO III Stufenheck B4Y,TRANSIT CONNECT P65_, P70_, P80_,TOURNEO CONNECT; 1250518, 1351227, 1532171, 2T149155CA, 2T149155CB, 2T149B072CA, 2T149B072CB, 3S419B072CA, 3S719155B1A, 3S719155BA, 4442434, 4598591, AT169155AA, 160687, 160688, 165049, 180387, 31390H1951, 31390H1952, 31390H1970, 31395H1950, 31395H1952, 589887, 0K52A23570A, 160687, 160688, 165049, 180387, 31390H1951, 31390H1952, 31390H1970, 31395H1950, 31395H1952, 589887<\/p>\n","protected":false},"excerpt":{"rendered":"<p>BOSCH Polttoainesuodatin 0 450 906 511  KIA,SSANGYONG,HYUNDAI,CARNIVAL II GQ,CARNIVAL \/ GRAND CARNIVAL III VQ,K2900,BONGO Pritsche\/Fahrgestell<\/p>\n","protected":false},"featured_media":0,"template":"","meta":{"site-sidebar-layout":"default","site-content-layout":"default","ast-global-header-display":"","ast-main-header-display":"","ast-hfb-above-header-display":"","ast-hfb-below-header-display":"","ast-hfb-mobile-header-display":"","site-post-title":"","ast-breadcrumbs-content":"","ast-featured-img":"","footer-sml-layout":"","theme-transparent-header-meta":"","adv-header-id-meta":"","stick-header-meta":"","header-above-stick-meta":"","header-main-stick-meta":"","header-below-stick-meta":""},"pwb-brand":[534],"product_cat":[29],"product_tag":[],"class_list":{"0":"post-101653","1":"product","2":"type-product","3":"status-publish","5":"pwb-brand-bosch","6":"product_cat-polttoainesuodatin","7":"desktop-align-left","8":"tablet-align-left","9":"mobile-align-left","11":"first","12":"instock","13":"product-type-external"},"brands":[{"id":534,"name":"Bosch","slug":"bosch"}],"_links":{"self":[{"href":"https:\/\/www.autonvaraosahaku.fi\/index.php?rest_route=\/wp\/v2\/product\/101653","targetHints":{"allow":["GET"]}}],"collection":[{"href":"https:\/\/www.autonvaraosahaku.fi\/index.php?rest_route=\/wp\/v2\/product"}],"about":[{"href":"https:\/\/www.autonvaraosahaku.fi\/index.php?rest_route=\/wp\/v2\/types\/product"}],"wp:attachment":[{"href":"https:\/\/www.autonvaraosahaku.fi\/index.php?rest_route=%2Fwp%2Fv2%2Fmedia&parent=101653"}],"wp:term":[{"taxonomy":"pwb-brand","embeddable":true,"href":"https:\/\/www.autonvaraosahaku.fi\/index.php?rest_route=%2Fwp%2Fv2%2Fpwb-brand&post=101653"},{"taxonomy":"product_cat","embeddable":true,"href":"https:\/\/www.autonvaraosahaku.fi\/index.php?rest_route=%2Fwp%2Fv2%2Fproduct_cat&post=101653"},{"taxonomy":"product_tag","embeddable":true,"href":"https:\/\/www.autonvaraosahaku.fi\/index.php?rest_route=%2Fwp%2Fv2%2Fproduct_tag&post=101653"}],"curies":[{"name":"wp","href":"https:\/\/api.w.org\/{rel}","templated":true}]}}