{"id":10169,"date":"2021-02-21T14:08:01","date_gmt":"2021-02-21T14:08:01","guid":{"rendered":"https:\/\/www.autonvaraosahaku.fi\/?product=tyc-337-0248-3-vilkku"},"modified":"2021-02-21T14:08:02","modified_gmt":"2021-02-21T14:08:02","slug":"tyc-337-0248-3-vilkku","status":"publish","type":"product","link":"https:\/\/www.autonvaraosahaku.fi\/?product=tyc-337-0248-3-vilkku","title":{"rendered":"TYC 337-0248-3 Vilkku"},"content":{"rendered":"<p>Asennuspuoli: Vasen; Rekister\u00f6ity tyyppi: E-hyv\u00e4ksytty; Lamppumalli: LED; Valotoiminto: p\u00e4\u00e4valonheittimell\u00e4; Valmistusvuosi alkaen: 05\/2008; VW: PASSAT Variant 365,EOS 1F7, 1F8,SCIROCCO 137, 138,PASSAT CC 357,PASSAT 362,CC 358,JETTA IV 162, 163,PASSAT ALLTRACK 365; 3C8949101A, 3C8949101E; Vilkkuvalo,Suuntavilkku<\/p>\n","protected":false},"excerpt":{"rendered":"<p>TYC Vilkku 337-0248-3 Vilkkuvalo,Suuntavilkku VW,PASSAT Variant 365,EOS 1F7, 1F8,SCIROCCO 137, 138,PASSAT CC 357,PASSAT 362,CC 358,JETTA IV 162, 163<\/p>\n","protected":false},"featured_media":0,"template":"","meta":{"site-sidebar-layout":"default","site-content-layout":"default","ast-global-header-display":"","ast-main-header-display":"","ast-hfb-above-header-display":"","ast-hfb-below-header-display":"","ast-hfb-mobile-header-display":"","site-post-title":"","ast-breadcrumbs-content":"","ast-featured-img":"","footer-sml-layout":"","theme-transparent-header-meta":"","adv-header-id-meta":"","stick-header-meta":"","header-above-stick-meta":"","header-main-stick-meta":"","header-below-stick-meta":""},"pwb-brand":[124],"product_cat":[149],"product_tag":[],"class_list":{"0":"post-10169","1":"product","2":"type-product","3":"status-publish","5":"pwb-brand-tyc","6":"product_cat-vilkku","7":"desktop-align-left","8":"tablet-align-left","9":"mobile-align-left","11":"first","12":"instock","13":"product-type-external"},"brands":[{"id":124,"name":"TYC","slug":"tyc"}],"_links":{"self":[{"href":"https:\/\/www.autonvaraosahaku.fi\/index.php?rest_route=\/wp\/v2\/product\/10169","targetHints":{"allow":["GET"]}}],"collection":[{"href":"https:\/\/www.autonvaraosahaku.fi\/index.php?rest_route=\/wp\/v2\/product"}],"about":[{"href":"https:\/\/www.autonvaraosahaku.fi\/index.php?rest_route=\/wp\/v2\/types\/product"}],"wp:attachment":[{"href":"https:\/\/www.autonvaraosahaku.fi\/index.php?rest_route=%2Fwp%2Fv2%2Fmedia&parent=10169"}],"wp:term":[{"taxonomy":"pwb-brand","embeddable":true,"href":"https:\/\/www.autonvaraosahaku.fi\/index.php?rest_route=%2Fwp%2Fv2%2Fpwb-brand&post=10169"},{"taxonomy":"product_cat","embeddable":true,"href":"https:\/\/www.autonvaraosahaku.fi\/index.php?rest_route=%2Fwp%2Fv2%2Fproduct_cat&post=10169"},{"taxonomy":"product_tag","embeddable":true,"href":"https:\/\/www.autonvaraosahaku.fi\/index.php?rest_route=%2Fwp%2Fv2%2Fproduct_tag&post=10169"}],"curies":[{"name":"wp","href":"https:\/\/api.w.org\/{rel}","templated":true}]}}