{"id":101763,"date":"2021-02-21T22:44:52","date_gmt":"2021-02-21T22:44:52","guid":{"rendered":"https:\/\/www.autonvaraosahaku.fi\/?product=bosch-0-986-494-562-jarrupalat"},"modified":"2021-02-21T22:44:57","modified_gmt":"2021-02-21T22:44:57","slug":"bosch-0-986-494-562-jarrupalat","status":"publish","type":"product","link":"https:\/\/www.autonvaraosahaku.fi\/?product=bosch-0-986-494-562-jarrupalat","title":{"rendered":"Bosch 0 986 494 562 Jarrupalat"},"content":{"rendered":"<p>Kulumisenilmaisimen liitos: akustisella kulumavaroittimella; Lis\u00e4tarvike\/lis\u00e4tieto: Jousella; Korvaava tuote\/korvaava tiedote 2: Huudonvaimennuspellill\u00e4; Materiaali: Low-Metallic; Tarkistuskilpi: ECE-R90; WVA-numero: 24979; Paksuus [mm]: 15,9; Leveys (mm): 136,7; Korkeus (mm): 56,3; M\u00e4\u00e4r\u00e4yksikk\u00f6: Akselisarja; Valmistusvuoteen: 12\/2015; HONDA: JAZZ III GE,INSIGHT ZE_,CR-Z ZF1,CITY Stufenheck GM; 45022SZTG00, 45022TF0G01, 45022TF0G02, 45022TK6A00, 45022TM8G00; Jarrupalasarja,Jarrupala, Levyjarru<\/p>\n","protected":false},"excerpt":{"rendered":"<p>BOSCH Jarrupalat 0 986 494 562 Jarrupalasarja,Jarrupala, Levyjarru HONDA,JAZZ III GE,INSIGHT ZE_,CR-Z ZF1,CITY Stufenheck GM<\/p>\n","protected":false},"featured_media":0,"template":"","meta":{"site-sidebar-layout":"default","site-content-layout":"default","ast-global-header-display":"","ast-main-header-display":"","ast-hfb-above-header-display":"","ast-hfb-below-header-display":"","ast-hfb-mobile-header-display":"","site-post-title":"","ast-breadcrumbs-content":"","ast-featured-img":"","footer-sml-layout":"","theme-transparent-header-meta":"","adv-header-id-meta":"","stick-header-meta":"","header-above-stick-meta":"","header-main-stick-meta":"","header-below-stick-meta":""},"pwb-brand":[534],"product_cat":[100],"product_tag":[],"class_list":{"0":"post-101763","1":"product","2":"type-product","3":"status-publish","5":"pwb-brand-bosch","6":"product_cat-jarrupalat","7":"desktop-align-left","8":"tablet-align-left","9":"mobile-align-left","11":"first","12":"instock","13":"product-type-external"},"brands":[{"id":534,"name":"Bosch","slug":"bosch"}],"_links":{"self":[{"href":"https:\/\/www.autonvaraosahaku.fi\/index.php?rest_route=\/wp\/v2\/product\/101763","targetHints":{"allow":["GET"]}}],"collection":[{"href":"https:\/\/www.autonvaraosahaku.fi\/index.php?rest_route=\/wp\/v2\/product"}],"about":[{"href":"https:\/\/www.autonvaraosahaku.fi\/index.php?rest_route=\/wp\/v2\/types\/product"}],"wp:attachment":[{"href":"https:\/\/www.autonvaraosahaku.fi\/index.php?rest_route=%2Fwp%2Fv2%2Fmedia&parent=101763"}],"wp:term":[{"taxonomy":"pwb-brand","embeddable":true,"href":"https:\/\/www.autonvaraosahaku.fi\/index.php?rest_route=%2Fwp%2Fv2%2Fpwb-brand&post=101763"},{"taxonomy":"product_cat","embeddable":true,"href":"https:\/\/www.autonvaraosahaku.fi\/index.php?rest_route=%2Fwp%2Fv2%2Fproduct_cat&post=101763"},{"taxonomy":"product_tag","embeddable":true,"href":"https:\/\/www.autonvaraosahaku.fi\/index.php?rest_route=%2Fwp%2Fv2%2Fproduct_tag&post=101763"}],"curies":[{"name":"wp","href":"https:\/\/api.w.org\/{rel}","templated":true}]}}