{"id":101798,"date":"2021-02-21T22:45:10","date_gmt":"2021-02-21T22:45:10","guid":{"rendered":"https:\/\/www.autonvaraosahaku.fi\/?product=bosch-0-986-479-704-jarrulevyt"},"modified":"2021-02-21T22:45:13","modified_gmt":"2021-02-21T22:45:13","slug":"bosch-0-986-479-704-jarrulevyt","status":"publish","type":"product","link":"https:\/\/www.autonvaraosahaku.fi\/?product=bosch-0-986-479-704-jarrulevyt","title":{"rendered":"Bosch 0 986 479 704 Jarrulevyt"},"content":{"rendered":"<p>Ulkol\u00e4pimitta [mm]: 294; Jarrulevyn paksuus (mm): 28; V\u00e4himm\u00e4ispaksuus (mm): 26,4; Korkeus (mm): 46,3; Reik\u00e4ympyr\u00e4-\u00d8 [mm]: 139,7; Jarrulevytyyppi: Tuuletettu; keskitt\u00e4misl\u00e4pimitta [mm]: 94; Reikien m\u00e4\u00e4r\u00e4: 6; Pinta: pinnoitettu; t\u00e4ytt\u00e4\u00e4 ECE-normin: ECE-R90; Porausreik\u00e4l\u00e4pimitta enint\u00e4\u00e4n [mm]: 12,6; Valmistusvuosi alkaen: 10\/2007; MITSUBISHI: L 200 KB_T, KA_T,L 200 Pritsche\/Fahrgestell KA_T, KB_T,PAJERO SPORT II KH_, KG_,L200 KJ_; 4615A002, 6000609712, K6000609712, 4615A002, 4615A147, 4615A203, MN102276; Jarrulevy<\/p>\n","protected":false},"excerpt":{"rendered":"<p>BOSCH Jarrulevyt 0 986 479 704 Jarrulevy MITSUBISHI,L 200 KB_T, KA_T,L 200 Pritsche\/Fahrgestell KA_T, KB_T,PAJERO SPORT II KH_, KG_,L200 KJ_<\/p>\n","protected":false},"featured_media":0,"template":"","meta":{"site-sidebar-layout":"default","site-content-layout":"default","ast-global-header-display":"","ast-main-header-display":"","ast-hfb-above-header-display":"","ast-hfb-below-header-display":"","ast-hfb-mobile-header-display":"","site-post-title":"","ast-breadcrumbs-content":"","ast-featured-img":"","footer-sml-layout":"","theme-transparent-header-meta":"","adv-header-id-meta":"","stick-header-meta":"","header-above-stick-meta":"","header-main-stick-meta":"","header-below-stick-meta":""},"pwb-brand":[534],"product_cat":[66],"product_tag":[],"class_list":{"0":"post-101798","1":"product","2":"type-product","3":"status-publish","5":"pwb-brand-bosch","6":"product_cat-jarrulevyt","7":"desktop-align-left","8":"tablet-align-left","9":"mobile-align-left","11":"first","12":"instock","13":"product-type-external"},"brands":[{"id":534,"name":"Bosch","slug":"bosch"}],"_links":{"self":[{"href":"https:\/\/www.autonvaraosahaku.fi\/index.php?rest_route=\/wp\/v2\/product\/101798","targetHints":{"allow":["GET"]}}],"collection":[{"href":"https:\/\/www.autonvaraosahaku.fi\/index.php?rest_route=\/wp\/v2\/product"}],"about":[{"href":"https:\/\/www.autonvaraosahaku.fi\/index.php?rest_route=\/wp\/v2\/types\/product"}],"wp:attachment":[{"href":"https:\/\/www.autonvaraosahaku.fi\/index.php?rest_route=%2Fwp%2Fv2%2Fmedia&parent=101798"}],"wp:term":[{"taxonomy":"pwb-brand","embeddable":true,"href":"https:\/\/www.autonvaraosahaku.fi\/index.php?rest_route=%2Fwp%2Fv2%2Fpwb-brand&post=101798"},{"taxonomy":"product_cat","embeddable":true,"href":"https:\/\/www.autonvaraosahaku.fi\/index.php?rest_route=%2Fwp%2Fv2%2Fproduct_cat&post=101798"},{"taxonomy":"product_tag","embeddable":true,"href":"https:\/\/www.autonvaraosahaku.fi\/index.php?rest_route=%2Fwp%2Fv2%2Fproduct_tag&post=101798"}],"curies":[{"name":"wp","href":"https:\/\/api.w.org\/{rel}","templated":true}]}}