{"id":10181,"date":"2021-02-21T14:08:05","date_gmt":"2021-02-21T14:08:05","guid":{"rendered":"https:\/\/www.autonvaraosahaku.fi\/?product=nrf-49592-tuulettimen-kytkin"},"modified":"2021-02-21T14:08:05","modified_gmt":"2021-02-21T14:08:05","slug":"nrf-49592-tuulettimen-kytkin","status":"publish","type":"product","link":"https:\/\/www.autonvaraosahaku.fi\/?product=nrf-49592-tuulettimen-kytkin","title":{"rendered":"NRF 49592 Tuulettimen kytkin"},"content":{"rendered":"<p>L\u00e4mmityslaite \/ j\u00e4\u00e4hdytys: tuulettimellisille autoille (nestekitkakytkin), Ilman tuuletinta; Ulkol\u00e4pimitta [mm]: 152; Korkeus (mm): 75; K\u00e4ytt\u00f6: Terminen; Rakennemalli: Cherokee; JEEP: CHEROKEE KJ,CHEROKEE XJ,CHEROKEE; 3241858, 52003205, 52027890, 52027890AB, 52027892, 52079625, 53001168, J3241858; Kytkin, J\u00e4\u00e4hdytystuuletin<\/p>\n","protected":false},"excerpt":{"rendered":"<p>NRF Viskokytkin 49592 Kytkin, J\u00e4\u00e4hdytystuuletin JEEP,CHEROKEE KJ,CHEROKEE XJ,CHEROKEE<\/p>\n","protected":false},"featured_media":0,"template":"","meta":{"site-sidebar-layout":"default","site-content-layout":"default","ast-global-header-display":"","ast-main-header-display":"","ast-hfb-above-header-display":"","ast-hfb-below-header-display":"","ast-hfb-mobile-header-display":"","site-post-title":"","ast-breadcrumbs-content":"","ast-featured-img":"","footer-sml-layout":"","theme-transparent-header-meta":"","adv-header-id-meta":"","stick-header-meta":"","header-above-stick-meta":"","header-main-stick-meta":"","header-below-stick-meta":""},"pwb-brand":[85],"product_cat":[256],"product_tag":[],"class_list":{"0":"post-10181","1":"product","2":"type-product","3":"status-publish","5":"pwb-brand-nrf","6":"product_cat-tuulettimen-kytkin","7":"desktop-align-left","8":"tablet-align-left","9":"mobile-align-left","11":"first","12":"instock","13":"product-type-external"},"brands":[{"id":85,"name":"NRF","slug":"nrf"}],"_links":{"self":[{"href":"https:\/\/www.autonvaraosahaku.fi\/index.php?rest_route=\/wp\/v2\/product\/10181","targetHints":{"allow":["GET"]}}],"collection":[{"href":"https:\/\/www.autonvaraosahaku.fi\/index.php?rest_route=\/wp\/v2\/product"}],"about":[{"href":"https:\/\/www.autonvaraosahaku.fi\/index.php?rest_route=\/wp\/v2\/types\/product"}],"wp:attachment":[{"href":"https:\/\/www.autonvaraosahaku.fi\/index.php?rest_route=%2Fwp%2Fv2%2Fmedia&parent=10181"}],"wp:term":[{"taxonomy":"pwb-brand","embeddable":true,"href":"https:\/\/www.autonvaraosahaku.fi\/index.php?rest_route=%2Fwp%2Fv2%2Fpwb-brand&post=10181"},{"taxonomy":"product_cat","embeddable":true,"href":"https:\/\/www.autonvaraosahaku.fi\/index.php?rest_route=%2Fwp%2Fv2%2Fproduct_cat&post=10181"},{"taxonomy":"product_tag","embeddable":true,"href":"https:\/\/www.autonvaraosahaku.fi\/index.php?rest_route=%2Fwp%2Fv2%2Fproduct_tag&post=10181"}],"curies":[{"name":"wp","href":"https:\/\/api.w.org\/{rel}","templated":true}]}}