{"id":101963,"date":"2021-02-21T22:46:20","date_gmt":"2021-02-21T22:46:20","guid":{"rendered":"https:\/\/www.autonvaraosahaku.fi\/?product=bosch-0-250-202-146-hehkutulppa"},"modified":"2021-02-21T22:46:25","modified_gmt":"2021-02-21T22:46:25","slug":"bosch-0-250-202-146-hehkutulppa","status":"publish","type":"product","link":"https:\/\/www.autonvaraosahaku.fi\/?product=bosch-0-250-202-146-hehkutulppa","title":{"rendered":"Bosch 0 250 202 146 Hehkutulppa"},"content":{"rendered":"<p>Hehkutulppatyyppi: Hehkutulppa, puikko, j\u00e4lkihehkutuksenkest\u00e4v\u00e4; Pituus (mm): 179, 179; Kierre 1: M 10 x 1,25; Kartionousu: 119; Avainv\u00e4li: 12; Kiristysmomentti enint\u00e4\u00e4n [Nm]: 15; Liittimet: M 4; Asennussyvyys (mm): 21; lis\u00e4tieto: Duraterm; Valmistusvuoteen: 12\/2011; NISSAN: X-TRAIL T30,ALMERA TINO V10,ALMERA II Hatchback N16,NAVARA D40,PATHFINDER R51,PRIMERA Kombi WP12,PRIMERA P12,NAVARA Pritsche\/Fahrgestell D40,PRIMERA Hatchback P12,PICK UP D22,NAVARA D22,ALMERA Mk II N16,NP300,NAVARA Pritsche\/Fahrgestell D22; 11065AD200, 11065AD201, 11065AD20A, 11065AD21A<\/p>\n","protected":false},"excerpt":{"rendered":"<p>BOSCH Hehkutulppa 0 250 202 146  NISSAN,X-TRAIL T30,ALMERA TINO V10,ALMERA II Hatchback N16,NAVARA D40,PATHFINDER R51,PRIMERA Kombi WP12,PRIMERA P12<\/p>\n","protected":false},"featured_media":0,"template":"","meta":{"site-sidebar-layout":"default","site-content-layout":"default","ast-global-header-display":"","ast-main-header-display":"","ast-hfb-above-header-display":"","ast-hfb-below-header-display":"","ast-hfb-mobile-header-display":"","site-post-title":"","ast-breadcrumbs-content":"","ast-featured-img":"","footer-sml-layout":"","theme-transparent-header-meta":"","adv-header-id-meta":"","stick-header-meta":"","header-above-stick-meta":"","header-main-stick-meta":"","header-below-stick-meta":""},"pwb-brand":[534],"product_cat":[52],"product_tag":[],"class_list":{"0":"post-101963","1":"product","2":"type-product","3":"status-publish","5":"pwb-brand-bosch","6":"product_cat-hehkutulppa","7":"desktop-align-left","8":"tablet-align-left","9":"mobile-align-left","11":"first","12":"instock","13":"product-type-external"},"brands":[{"id":534,"name":"Bosch","slug":"bosch"}],"_links":{"self":[{"href":"https:\/\/www.autonvaraosahaku.fi\/index.php?rest_route=\/wp\/v2\/product\/101963","targetHints":{"allow":["GET"]}}],"collection":[{"href":"https:\/\/www.autonvaraosahaku.fi\/index.php?rest_route=\/wp\/v2\/product"}],"about":[{"href":"https:\/\/www.autonvaraosahaku.fi\/index.php?rest_route=\/wp\/v2\/types\/product"}],"wp:attachment":[{"href":"https:\/\/www.autonvaraosahaku.fi\/index.php?rest_route=%2Fwp%2Fv2%2Fmedia&parent=101963"}],"wp:term":[{"taxonomy":"pwb-brand","embeddable":true,"href":"https:\/\/www.autonvaraosahaku.fi\/index.php?rest_route=%2Fwp%2Fv2%2Fpwb-brand&post=101963"},{"taxonomy":"product_cat","embeddable":true,"href":"https:\/\/www.autonvaraosahaku.fi\/index.php?rest_route=%2Fwp%2Fv2%2Fproduct_cat&post=101963"},{"taxonomy":"product_tag","embeddable":true,"href":"https:\/\/www.autonvaraosahaku.fi\/index.php?rest_route=%2Fwp%2Fv2%2Fproduct_tag&post=101963"}],"curies":[{"name":"wp","href":"https:\/\/api.w.org\/{rel}","templated":true}]}}