{"id":101972,"date":"2021-02-21T22:46:28","date_gmt":"2021-02-21T22:46:28","guid":{"rendered":"https:\/\/www.autonvaraosahaku.fi\/?product=bosch-0-263-009-637-peruutustutka-anturit"},"modified":"2021-02-21T22:46:30","modified_gmt":"2021-02-21T22:46:30","slug":"bosch-0-263-009-637-peruutustutka-anturit","status":"publish","type":"product","link":"https:\/\/www.autonvaraosahaku.fi\/?product=bosch-0-263-009-637-peruutustutka-anturit","title":{"rendered":"Bosch 0 263 009 637 Peruutustutka anturit"},"content":{"rendered":"<p>Tunnistinmalli: Ultra\u00e4\u00e4nitunnistin; Pinta: Tyhj\u00e4; Valmistusvuoteen: 06\/2009; MERCEDES-BENZ: E-CLASS W211,C-CLASS W204,C-CLASS T-Model S204,E-CLASS T-Model S211,M-CLASS W164,C-CLASS Coupe CL203,GLK-CLASS X204,SLK R171,SPRINTER 3,5-t Kasten 906,S-CLASS W221,CLS C219,SL R230,R-CLASS W251, V251,SPRINTER 3,5-t Bus 906,SPRINTER 3-t Kasten 906,GL-CLASS X164,SPRINTER 3,5-t Pritsche\/Fahrgestell 906,S-CLASS Coupe C216,SPRINTER 3-t Bus 906,SPRINTER 5-t Kasten 906,SPRINTER 5-t Pritsche\/Fahrgestell 906,SPRINTER 3-t Pritsche\/Fahrgestell 906,SPRINTER 4,6-t Pritsche\/Fahrgestell 906,SPRINTER 4,6-t Kasten 906,SPRINTER 4,6-t Bus,SPRINTER 5-t Bus; 0009052402, 2215420417, A0009052402, A2215420417; Tunnistin, Et\u00e4isyystunnistin<\/p>\n","protected":false},"excerpt":{"rendered":"<p>BOSCH Peruutustutka Anturit 0 263 009 637 Tunnistin, Et\u00e4isyystunnistin MERCEDES-BENZ,E-CLASS W211,C-CLASS W204,C-CLASS T-Model S204<\/p>\n","protected":false},"featured_media":0,"template":"","meta":{"site-sidebar-layout":"default","site-content-layout":"default","ast-global-header-display":"","ast-main-header-display":"","ast-hfb-above-header-display":"","ast-hfb-below-header-display":"","ast-hfb-mobile-header-display":"","site-post-title":"","ast-breadcrumbs-content":"","ast-featured-img":"","footer-sml-layout":"","theme-transparent-header-meta":"","adv-header-id-meta":"","stick-header-meta":"","header-above-stick-meta":"","header-main-stick-meta":"","header-below-stick-meta":""},"pwb-brand":[534],"product_cat":[217],"product_tag":[],"class_list":{"0":"post-101972","1":"product","2":"type-product","3":"status-publish","5":"pwb-brand-bosch","6":"product_cat-peruutustutka-anturit","7":"desktop-align-left","8":"tablet-align-left","9":"mobile-align-left","11":"first","12":"instock","13":"product-type-external"},"brands":[{"id":534,"name":"Bosch","slug":"bosch"}],"_links":{"self":[{"href":"https:\/\/www.autonvaraosahaku.fi\/index.php?rest_route=\/wp\/v2\/product\/101972","targetHints":{"allow":["GET"]}}],"collection":[{"href":"https:\/\/www.autonvaraosahaku.fi\/index.php?rest_route=\/wp\/v2\/product"}],"about":[{"href":"https:\/\/www.autonvaraosahaku.fi\/index.php?rest_route=\/wp\/v2\/types\/product"}],"wp:attachment":[{"href":"https:\/\/www.autonvaraosahaku.fi\/index.php?rest_route=%2Fwp%2Fv2%2Fmedia&parent=101972"}],"wp:term":[{"taxonomy":"pwb-brand","embeddable":true,"href":"https:\/\/www.autonvaraosahaku.fi\/index.php?rest_route=%2Fwp%2Fv2%2Fpwb-brand&post=101972"},{"taxonomy":"product_cat","embeddable":true,"href":"https:\/\/www.autonvaraosahaku.fi\/index.php?rest_route=%2Fwp%2Fv2%2Fproduct_cat&post=101972"},{"taxonomy":"product_tag","embeddable":true,"href":"https:\/\/www.autonvaraosahaku.fi\/index.php?rest_route=%2Fwp%2Fv2%2Fproduct_tag&post=101972"}],"curies":[{"name":"wp","href":"https:\/\/api.w.org\/{rel}","templated":true}]}}