{"id":101978,"date":"2021-02-21T22:46:28","date_gmt":"2021-02-21T22:46:28","guid":{"rendered":"https:\/\/www.autonvaraosahaku.fi\/?product=bosch-f-026-402-103-polttoainesuodatin"},"modified":"2021-02-21T22:46:32","modified_gmt":"2021-02-21T22:46:32","slug":"bosch-f-026-402-103-polttoainesuodatin","status":"publish","type":"product","link":"https:\/\/www.autonvaraosahaku.fi\/?product=bosch-f-026-402-103-polttoainesuodatin","title":{"rendered":"Bosch F 026 402 103 Polttoainesuodatin"},"content":{"rendered":"<p>Suodatintyyppi: Letkusuodatin, mit Wasserabscheider; L\u00e4pimitta [mm]: 87; Ulkol\u00e4pimitta 1 [mm]: 92; Korkeus (mm): 117,5; Sis\u00e4\u00e4ntulol\u00e4pimitta [mm]: 10; Ulostulon l\u00e4pimitta [mm]: 8; MERCEDES-BENZ: C-CLASS W204,A-CLASS W169,B-CLASS W245,C-CLASS T-Model S204,E-CLASS W212,M-CLASS W164,E-CLASS T-Model S212,GLK-CLASS X204,SPRINTER 3,5-t Kasten 906,S-CLASS W221,R-CLASS W251, V251,E-CLASS Coupe C207,C-CLASS Coupe C204,SPRINTER 3,5-t Bus 906,E-CLASS Cabriolet A207,GL-CLASS X164,G-CLASS W461,SPRINTER 3,5-t Pritsche\/Fahrgestell 906,SPRINTER CLASSIC 3,5-t Kasten 909,SPRINTER 5-t Kasten 906,SPRINTER 5-t Pritsche\/Fahrgestell 906,SPRINTER CLASSIC 4,6-t Bus 909,SPRINTER 5-t Bus; 6420901752, 6420901852, 6420902052, 6420920301, A6420901752, A6420901852, A6420902052, A6420920301<\/p>\n","protected":false},"excerpt":{"rendered":"<p>BOSCH Polttoainesuodatin F 026 402 103  MERCEDES-BENZ,C-CLASS W204,A-CLASS W169,B-CLASS W245,C-CLASS T-Model S204,E-CLASS W212,M-CLASS W164<\/p>\n","protected":false},"featured_media":0,"template":"","meta":{"site-sidebar-layout":"default","site-content-layout":"default","ast-global-header-display":"","ast-main-header-display":"","ast-hfb-above-header-display":"","ast-hfb-below-header-display":"","ast-hfb-mobile-header-display":"","site-post-title":"","ast-breadcrumbs-content":"","ast-featured-img":"","footer-sml-layout":"","theme-transparent-header-meta":"","adv-header-id-meta":"","stick-header-meta":"","header-above-stick-meta":"","header-main-stick-meta":"","header-below-stick-meta":""},"pwb-brand":[534],"product_cat":[29],"product_tag":[],"class_list":{"0":"post-101978","1":"product","2":"type-product","3":"status-publish","5":"pwb-brand-bosch","6":"product_cat-polttoainesuodatin","7":"desktop-align-left","8":"tablet-align-left","9":"mobile-align-left","11":"first","12":"instock","13":"product-type-external"},"brands":[{"id":534,"name":"Bosch","slug":"bosch"}],"_links":{"self":[{"href":"https:\/\/www.autonvaraosahaku.fi\/index.php?rest_route=\/wp\/v2\/product\/101978","targetHints":{"allow":["GET"]}}],"collection":[{"href":"https:\/\/www.autonvaraosahaku.fi\/index.php?rest_route=\/wp\/v2\/product"}],"about":[{"href":"https:\/\/www.autonvaraosahaku.fi\/index.php?rest_route=\/wp\/v2\/types\/product"}],"wp:attachment":[{"href":"https:\/\/www.autonvaraosahaku.fi\/index.php?rest_route=%2Fwp%2Fv2%2Fmedia&parent=101978"}],"wp:term":[{"taxonomy":"pwb-brand","embeddable":true,"href":"https:\/\/www.autonvaraosahaku.fi\/index.php?rest_route=%2Fwp%2Fv2%2Fpwb-brand&post=101978"},{"taxonomy":"product_cat","embeddable":true,"href":"https:\/\/www.autonvaraosahaku.fi\/index.php?rest_route=%2Fwp%2Fv2%2Fproduct_cat&post=101978"},{"taxonomy":"product_tag","embeddable":true,"href":"https:\/\/www.autonvaraosahaku.fi\/index.php?rest_route=%2Fwp%2Fv2%2Fproduct_tag&post=101978"}],"curies":[{"name":"wp","href":"https:\/\/api.w.org\/{rel}","templated":true}]}}