{"id":101985,"date":"2021-02-21T22:46:28","date_gmt":"2021-02-21T22:46:28","guid":{"rendered":"https:\/\/www.autonvaraosahaku.fi\/?product=bosch-1-987-435-050-raitisilmasuodatin"},"modified":"2021-02-21T22:46:35","modified_gmt":"2021-02-21T22:46:35","slug":"bosch-1-987-435-050-raitisilmasuodatin","status":"publish","type":"product","link":"https:\/\/www.autonvaraosahaku.fi\/?product=bosch-1-987-435-050-raitisilmasuodatin","title":{"rendered":"Bosch 1 987 435 050 Raitisilmasuodatin"},"content":{"rendered":"<p>Suodatintyyppi: Hiukkassuodatin; Pituus (mm): 250; Leveys (mm): 83,5; Korkeus (mm): 20; M\u00e4\u00e4r\u00e4: 2; Valmistusvuoteen: 03\/2012; HYUNDAI: i20 PB, PBT; 971334P000; Sis\u00e4ilmansuodatin,Suodatin, Sis\u00e4ilma<\/p>\n","protected":false},"excerpt":{"rendered":"<p>BOSCH Raitisilmasuodatin 1 987 435 050 Sis\u00e4ilmansuodatin,Suodatin, Sis\u00e4ilma HYUNDAI,i20 PB, PBT<\/p>\n","protected":false},"featured_media":0,"template":"","meta":{"site-sidebar-layout":"default","site-content-layout":"default","ast-global-header-display":"","ast-main-header-display":"","ast-hfb-above-header-display":"","ast-hfb-below-header-display":"","ast-hfb-mobile-header-display":"","site-post-title":"","ast-breadcrumbs-content":"","ast-featured-img":"","footer-sml-layout":"","theme-transparent-header-meta":"","adv-header-id-meta":"","stick-header-meta":"","header-above-stick-meta":"","header-main-stick-meta":"","header-below-stick-meta":""},"pwb-brand":[534],"product_cat":[19],"product_tag":[],"class_list":{"0":"post-101985","1":"product","2":"type-product","3":"status-publish","5":"pwb-brand-bosch","6":"product_cat-raitisilmasuodatin","7":"desktop-align-left","8":"tablet-align-left","9":"mobile-align-left","11":"first","12":"instock","13":"product-type-external"},"brands":[{"id":534,"name":"Bosch","slug":"bosch"}],"_links":{"self":[{"href":"https:\/\/www.autonvaraosahaku.fi\/index.php?rest_route=\/wp\/v2\/product\/101985","targetHints":{"allow":["GET"]}}],"collection":[{"href":"https:\/\/www.autonvaraosahaku.fi\/index.php?rest_route=\/wp\/v2\/product"}],"about":[{"href":"https:\/\/www.autonvaraosahaku.fi\/index.php?rest_route=\/wp\/v2\/types\/product"}],"wp:attachment":[{"href":"https:\/\/www.autonvaraosahaku.fi\/index.php?rest_route=%2Fwp%2Fv2%2Fmedia&parent=101985"}],"wp:term":[{"taxonomy":"pwb-brand","embeddable":true,"href":"https:\/\/www.autonvaraosahaku.fi\/index.php?rest_route=%2Fwp%2Fv2%2Fpwb-brand&post=101985"},{"taxonomy":"product_cat","embeddable":true,"href":"https:\/\/www.autonvaraosahaku.fi\/index.php?rest_route=%2Fwp%2Fv2%2Fproduct_cat&post=101985"},{"taxonomy":"product_tag","embeddable":true,"href":"https:\/\/www.autonvaraosahaku.fi\/index.php?rest_route=%2Fwp%2Fv2%2Fproduct_tag&post=101985"}],"curies":[{"name":"wp","href":"https:\/\/api.w.org\/{rel}","templated":true}]}}