{"id":102006,"date":"2021-02-21T22:46:37","date_gmt":"2021-02-21T22:46:37","guid":{"rendered":"https:\/\/www.autonvaraosahaku.fi\/?product=bosch-0-250-603-004-hehkutulppa"},"modified":"2021-02-21T22:46:43","modified_gmt":"2021-02-21T22:46:43","slug":"bosch-0-250-603-004-hehkutulppa","status":"publish","type":"product","link":"https:\/\/www.autonvaraosahaku.fi\/?product=bosch-0-250-603-004-hehkutulppa","title":{"rendered":"Bosch 0 250 603 004 Hehkutulppa"},"content":{"rendered":"<p>Hehkutulppatyyppi: Hehkutulppa, puikko, j\u00e4lkihehkutuksenkest\u00e4v\u00e4; Pituus (mm): 125, 125; Kierre 1: M 8 x 1,0; Kartionousu: 93; Avainv\u00e4li: 10; Kiristysmomentti > [Nm]: 8; Kiristysmomentti enint\u00e4\u00e4n [Nm]: 10; Liittimet: PIN; Asennussyvyys (mm): 26; lis\u00e4tieto: Duraspeed; Valmistusvuosi alkaen: 09\/2010; LAND ROVER: RANGE ROVER SPORT LS,RANGE ROVER III LM,DISCOVERY IV LA,RANGE ROVER SPORT LW,RANGE ROVER IV LG,RANGE ROVER VELAR L560,DISCOVERY V LR_; JAGUAR: XF _J05_, CC9,XF SPORTBRAKE CC9,XJ X35_, _J12_, _J24_,XF X260,F-PACE X761_; CITRO\u00cbN: C5 III Break TD_,C5 III RD_,C6 TD_; PEUGEOT: 407 Coupe 6C_<\/p>\n","protected":false},"excerpt":{"rendered":"<p>BOSCH Hehkutulppa 0 250 603 004  LAND ROVER,JAGUAR,CITRO\u00cbN,RANGE ROVER SPORT LS,RANGE ROVER III LM,DISCOVERY IV LA,RANGE ROVER SPORT LW<\/p>\n","protected":false},"featured_media":0,"template":"","meta":{"site-sidebar-layout":"default","site-content-layout":"default","ast-global-header-display":"","ast-main-header-display":"","ast-hfb-above-header-display":"","ast-hfb-below-header-display":"","ast-hfb-mobile-header-display":"","site-post-title":"","ast-breadcrumbs-content":"","ast-featured-img":"","footer-sml-layout":"","theme-transparent-header-meta":"","adv-header-id-meta":"","stick-header-meta":"","header-above-stick-meta":"","header-main-stick-meta":"","header-below-stick-meta":""},"pwb-brand":[534],"product_cat":[52],"product_tag":[],"class_list":{"0":"post-102006","1":"product","2":"type-product","3":"status-publish","5":"pwb-brand-bosch","6":"product_cat-hehkutulppa","7":"desktop-align-left","8":"tablet-align-left","9":"mobile-align-left","11":"first","12":"instock","13":"product-type-external"},"brands":[{"id":534,"name":"Bosch","slug":"bosch"}],"_links":{"self":[{"href":"https:\/\/www.autonvaraosahaku.fi\/index.php?rest_route=\/wp\/v2\/product\/102006","targetHints":{"allow":["GET"]}}],"collection":[{"href":"https:\/\/www.autonvaraosahaku.fi\/index.php?rest_route=\/wp\/v2\/product"}],"about":[{"href":"https:\/\/www.autonvaraosahaku.fi\/index.php?rest_route=\/wp\/v2\/types\/product"}],"wp:attachment":[{"href":"https:\/\/www.autonvaraosahaku.fi\/index.php?rest_route=%2Fwp%2Fv2%2Fmedia&parent=102006"}],"wp:term":[{"taxonomy":"pwb-brand","embeddable":true,"href":"https:\/\/www.autonvaraosahaku.fi\/index.php?rest_route=%2Fwp%2Fv2%2Fpwb-brand&post=102006"},{"taxonomy":"product_cat","embeddable":true,"href":"https:\/\/www.autonvaraosahaku.fi\/index.php?rest_route=%2Fwp%2Fv2%2Fproduct_cat&post=102006"},{"taxonomy":"product_tag","embeddable":true,"href":"https:\/\/www.autonvaraosahaku.fi\/index.php?rest_route=%2Fwp%2Fv2%2Fproduct_tag&post=102006"}],"curies":[{"name":"wp","href":"https:\/\/api.w.org\/{rel}","templated":true}]}}