{"id":102012,"date":"2021-02-21T22:46:46","date_gmt":"2021-02-21T22:46:46","guid":{"rendered":"https:\/\/www.autonvaraosahaku.fi\/?product=bosch-0-986-479-c17-jarrulevyt"},"modified":"2021-02-21T22:46:47","modified_gmt":"2021-02-21T22:46:47","slug":"bosch-0-986-479-c17-jarrulevyt","status":"publish","type":"product","link":"https:\/\/www.autonvaraosahaku.fi\/?product=bosch-0-986-479-c17-jarrulevyt","title":{"rendered":"Bosch 0 986 479 C17 Jarrulevyt"},"content":{"rendered":"<p>Ulkol\u00e4pimitta [mm]: 258; Jarrulevyn paksuus (mm): 22; V\u00e4himm\u00e4ispaksuus (mm): 19,8; Korkeus (mm): 44; Reik\u00e4ympyr\u00e4-\u00d8 [mm]: 100; Jarrulevytyyppi: Tuuletettu; keskitt\u00e4misl\u00e4pimitta [mm]: 61; Reikien m\u00e4\u00e4r\u00e4: 4; Pinta: pinnoitettu; K\u00e4sittely: hiiliter\u00e4s; Korvaava tuote\/korvaava tiedote 2: Ruuveilla; t\u00e4ytt\u00e4\u00e4 ECE-normin: ECE-R90; Porausreik\u00e4l\u00e4pimitta enint\u00e4\u00e4n [mm]: 13,3; Asennuspuoli: Vorderachse; LADA: VESTA,VESTA SW; MERCEDES-BENZ: CITAN Kasten 415,CITAN Kombi 415,CITAN Mixto 415; DACIA: LODGY,DOKKER,DOKKER Express; RENAULT: CLIO IV,KANGOO \/ GRAND KANGOO KW0\/1_,CAPTUR,KANGOO Express FW0\/1_,CLIO Grandtour IV,KANGOO BE BOP KW0\/1_,ZOE,CLIO IV Kasten; 402061200R, 402067016R, 8450006845, 4154200101, A4154200101, 402061200R, 402067016R, 7701210081; Jarrulevy<\/p>\n","protected":false},"excerpt":{"rendered":"<p>BOSCH Jarrulevyt 0 986 479 C17 Jarrulevy LADA,MERCEDES-BENZ,DACIA,VESTA,VESTA SW,CITAN Kasten 415,CITAN Kombi 415,CITAN Mixto 415,LODGY,DOKKER<\/p>\n","protected":false},"featured_media":0,"template":"","meta":{"site-sidebar-layout":"default","site-content-layout":"default","ast-global-header-display":"","ast-main-header-display":"","ast-hfb-above-header-display":"","ast-hfb-below-header-display":"","ast-hfb-mobile-header-display":"","site-post-title":"","ast-breadcrumbs-content":"","ast-featured-img":"","footer-sml-layout":"","theme-transparent-header-meta":"","adv-header-id-meta":"","stick-header-meta":"","header-above-stick-meta":"","header-main-stick-meta":"","header-below-stick-meta":""},"pwb-brand":[534],"product_cat":[66],"product_tag":[],"class_list":{"0":"post-102012","1":"product","2":"type-product","3":"status-publish","5":"pwb-brand-bosch","6":"product_cat-jarrulevyt","7":"desktop-align-left","8":"tablet-align-left","9":"mobile-align-left","11":"first","12":"instock","13":"product-type-external"},"brands":[{"id":534,"name":"Bosch","slug":"bosch"}],"_links":{"self":[{"href":"https:\/\/www.autonvaraosahaku.fi\/index.php?rest_route=\/wp\/v2\/product\/102012","targetHints":{"allow":["GET"]}}],"collection":[{"href":"https:\/\/www.autonvaraosahaku.fi\/index.php?rest_route=\/wp\/v2\/product"}],"about":[{"href":"https:\/\/www.autonvaraosahaku.fi\/index.php?rest_route=\/wp\/v2\/types\/product"}],"wp:attachment":[{"href":"https:\/\/www.autonvaraosahaku.fi\/index.php?rest_route=%2Fwp%2Fv2%2Fmedia&parent=102012"}],"wp:term":[{"taxonomy":"pwb-brand","embeddable":true,"href":"https:\/\/www.autonvaraosahaku.fi\/index.php?rest_route=%2Fwp%2Fv2%2Fpwb-brand&post=102012"},{"taxonomy":"product_cat","embeddable":true,"href":"https:\/\/www.autonvaraosahaku.fi\/index.php?rest_route=%2Fwp%2Fv2%2Fproduct_cat&post=102012"},{"taxonomy":"product_tag","embeddable":true,"href":"https:\/\/www.autonvaraosahaku.fi\/index.php?rest_route=%2Fwp%2Fv2%2Fproduct_tag&post=102012"}],"curies":[{"name":"wp","href":"https:\/\/api.w.org\/{rel}","templated":true}]}}