{"id":102046,"date":"2021-02-21T22:46:54","date_gmt":"2021-02-21T22:46:54","guid":{"rendered":"https:\/\/www.autonvaraosahaku.fi\/?product=bosch-0-001-109-290-starttimoottori"},"modified":"2021-02-21T22:47:01","modified_gmt":"2021-02-21T22:47:01","slug":"bosch-0-001-109-290-starttimoottori","status":"publish","type":"product","link":"https:\/\/www.autonvaraosahaku.fi\/?product=bosch-0-001-109-290-starttimoottori","title":{"rendered":"Bosch 0 001 109 290 Starttimoottori"},"content":{"rendered":"<p>J\u00e4nnite (V): 12; K\u00e4ynnistinmoottori teho (kW): 2,2; Kiinnitysreikien lukum\u00e4\u00e4r\u00e4: 0; kierrereiki\u00e4 [kpl]: 2; Hammasluku: 10; Liitin: 50, 30; Laippa \u00d8(mm): 82,5; Py\u00f6rimissuunta: Py\u00f6rimissuunta my\u00f6t\u00e4p\u00e4iv\u00e4\u00e4n; Hammaspy\u00f6r\u00e4n perusasento [mm]: 26; K\u00e4ynnistintyyppi: Itselaakeroitu; Kierremitta: M10; Kierre 1: M10; Pituus (mm): 240,2; Leveys (mm): 92; Korkeus (mm): 161; Asento \/ aste: rechts; Asennuskulma [Astetta]: 31; Kulmamitta, kitav\u00e4li [aste]: 31; Kulmamitta, kiinnitysreik\u00e4 [aste]: 31; Valmistusvuoteen: 08\/1989; MERCEDES-BENZ: C-CLASS W203,E-CLASS W211,C-CLASS T-Model S203,C-CLASS W202,190 W201,E-CLASS W210,VIANO W639,Stufenheck W124,E-CLASS Kombi S210,VITO Bus W639,SL R129,CLK C209,SL R107,C-CLASS Kombi S202,VITO \/ MIXTO Kasten W639,SPRINTER 3,5-t Kasten 906,S-CLASS W126,KOMBI Kombi S124,E-CLASS W124,VITO Bus 638,COUPE C124,S-CLASS W140,E-CLASS Kombi S124,SPRINTER 3-t Kasten 903,SPRINTER 2-t Bus 901, 902,SPRINTER 3-t Kasten 906,V-CLASS 638\/2,SPRINTER 2-t Kasten 901, 902,SPRINTER 3-t Bus 903,SPRINTER 3,5-t Pritsche\/Fahrgestell 906,SPRINTER 3-t Pritsche\/Fahrgestell 903,VITO Kasten 638,SPRINTER 4-t Pritsche\/Fahrgestell 904,VARIO Kasten\/Kombi,SPRINTER 2-t Pritsche\/Fahrgestell 901, 902,SPRINTER 5-t Kasten 906,SPRINTER 5-t Pritsche\/Fahrgestell 906,VARIO Pritsche\/Fahrgestell,SPRINTER 4-t Kasten 904,CABRIOLET A124,SPRINTER 3-t Pritsche\/Fahrgestell 906,VARIO Kipper,SPRINTER 4-t Bus 904,VARIO Bus,UNIMOG; 05134510AA, 5134510AA, 0051516601, A0051516601; Startti,K\u00e4ynnistinmoottori<\/p>\n","protected":false},"excerpt":{"rendered":"<p>BOSCH Starttimoottori 0 001 109 290 Startti,K\u00e4ynnistinmoottori MERCEDES-BENZ,C-CLASS W203,E-CLASS W211,C-CLASS T-Model S203,C-CLASS W202,190 W201<\/p>\n","protected":false},"featured_media":0,"template":"","meta":{"site-sidebar-layout":"default","site-content-layout":"default","ast-global-header-display":"","ast-main-header-display":"","ast-hfb-above-header-display":"","ast-hfb-below-header-display":"","ast-hfb-mobile-header-display":"","site-post-title":"","ast-breadcrumbs-content":"","ast-featured-img":"","footer-sml-layout":"","theme-transparent-header-meta":"","adv-header-id-meta":"","stick-header-meta":"","header-above-stick-meta":"","header-main-stick-meta":"","header-below-stick-meta":""},"pwb-brand":[534],"product_cat":[295],"product_tag":[],"class_list":{"0":"post-102046","1":"product","2":"type-product","3":"status-publish","5":"pwb-brand-bosch","6":"product_cat-starttimoottori","7":"desktop-align-left","8":"tablet-align-left","9":"mobile-align-left","11":"first","12":"instock","13":"product-type-external"},"brands":[{"id":534,"name":"Bosch","slug":"bosch"}],"_links":{"self":[{"href":"https:\/\/www.autonvaraosahaku.fi\/index.php?rest_route=\/wp\/v2\/product\/102046","targetHints":{"allow":["GET"]}}],"collection":[{"href":"https:\/\/www.autonvaraosahaku.fi\/index.php?rest_route=\/wp\/v2\/product"}],"about":[{"href":"https:\/\/www.autonvaraosahaku.fi\/index.php?rest_route=\/wp\/v2\/types\/product"}],"wp:attachment":[{"href":"https:\/\/www.autonvaraosahaku.fi\/index.php?rest_route=%2Fwp%2Fv2%2Fmedia&parent=102046"}],"wp:term":[{"taxonomy":"pwb-brand","embeddable":true,"href":"https:\/\/www.autonvaraosahaku.fi\/index.php?rest_route=%2Fwp%2Fv2%2Fpwb-brand&post=102046"},{"taxonomy":"product_cat","embeddable":true,"href":"https:\/\/www.autonvaraosahaku.fi\/index.php?rest_route=%2Fwp%2Fv2%2Fproduct_cat&post=102046"},{"taxonomy":"product_tag","embeddable":true,"href":"https:\/\/www.autonvaraosahaku.fi\/index.php?rest_route=%2Fwp%2Fv2%2Fproduct_tag&post=102046"}],"curies":[{"name":"wp","href":"https:\/\/api.w.org\/{rel}","templated":true}]}}