{"id":102160,"date":"2021-02-21T22:47:47","date_gmt":"2021-02-21T22:47:47","guid":{"rendered":"https:\/\/www.autonvaraosahaku.fi\/?product=bosch-0-250-202-129-hehkutulppa"},"modified":"2021-02-21T22:47:51","modified_gmt":"2021-02-21T22:47:51","slug":"bosch-0-250-202-129-hehkutulppa","status":"publish","type":"product","link":"https:\/\/www.autonvaraosahaku.fi\/?product=bosch-0-250-202-129-hehkutulppa","title":{"rendered":"Bosch 0 250 202 129 Hehkutulppa"},"content":{"rendered":"<p>Hehkutulppatyyppi: Hehkutulppa, puikko, j\u00e4lkihehkutuksenkest\u00e4v\u00e4; Pituus (mm): 100, 100; Kierre 1: M 10 x 1; Kartionousu: 63; Avainv\u00e4li: 10; Kiristysmomentti > [Nm]: 10; Kiristysmomentti enint\u00e4\u00e4n [Nm]: 15; Liittimet: PIN; Asennussyvyys (mm): 25; lis\u00e4tieto: Duraterm; TECDOC-moottorinumero: 18295; DACIA: SOLENZA,PICK UP; RENAULT: CLIO II BB0\/1\/2_, CB0\/1\/2_,KANGOO KC0\/1_,SC\u00c9NIC I JA0\/1_,MEGANE Scenic JA0\/1_,MEGANE I BA0\/1_,KANGOO Express FC0\/1_,MEGANE I Grandtour KA0\/1_,MEGANE I Classic LA0\/1_,CLIO II Kasten SB0\/1\/2_,TRAFIC Kasten TXX,TRAFIC Bus TXW; 7700100635, 8200423227, 8200787721, 09900F8Q01<\/p>\n","protected":false},"excerpt":{"rendered":"<p>BOSCH Hehkutulppa 0 250 202 129  DACIA,RENAULT,SOLENZA,PICK UP,CLIO II BB0\/1\/2_, CB0\/1\/2_,KANGOO KC0\/1_,SC\u00c9NIC I JA0\/1_,MEGANE Scenic JA0\/1_<\/p>\n","protected":false},"featured_media":0,"template":"","meta":{"site-sidebar-layout":"default","site-content-layout":"default","ast-global-header-display":"","ast-main-header-display":"","ast-hfb-above-header-display":"","ast-hfb-below-header-display":"","ast-hfb-mobile-header-display":"","site-post-title":"","ast-breadcrumbs-content":"","ast-featured-img":"","footer-sml-layout":"","theme-transparent-header-meta":"","adv-header-id-meta":"","stick-header-meta":"","header-above-stick-meta":"","header-main-stick-meta":"","header-below-stick-meta":""},"pwb-brand":[534],"product_cat":[52],"product_tag":[],"class_list":{"0":"post-102160","1":"product","2":"type-product","3":"status-publish","5":"pwb-brand-bosch","6":"product_cat-hehkutulppa","7":"desktop-align-left","8":"tablet-align-left","9":"mobile-align-left","11":"first","12":"instock","13":"product-type-external"},"brands":[{"id":534,"name":"Bosch","slug":"bosch"}],"_links":{"self":[{"href":"https:\/\/www.autonvaraosahaku.fi\/index.php?rest_route=\/wp\/v2\/product\/102160","targetHints":{"allow":["GET"]}}],"collection":[{"href":"https:\/\/www.autonvaraosahaku.fi\/index.php?rest_route=\/wp\/v2\/product"}],"about":[{"href":"https:\/\/www.autonvaraosahaku.fi\/index.php?rest_route=\/wp\/v2\/types\/product"}],"wp:attachment":[{"href":"https:\/\/www.autonvaraosahaku.fi\/index.php?rest_route=%2Fwp%2Fv2%2Fmedia&parent=102160"}],"wp:term":[{"taxonomy":"pwb-brand","embeddable":true,"href":"https:\/\/www.autonvaraosahaku.fi\/index.php?rest_route=%2Fwp%2Fv2%2Fpwb-brand&post=102160"},{"taxonomy":"product_cat","embeddable":true,"href":"https:\/\/www.autonvaraosahaku.fi\/index.php?rest_route=%2Fwp%2Fv2%2Fproduct_cat&post=102160"},{"taxonomy":"product_tag","embeddable":true,"href":"https:\/\/www.autonvaraosahaku.fi\/index.php?rest_route=%2Fwp%2Fv2%2Fproduct_tag&post=102160"}],"curies":[{"name":"wp","href":"https:\/\/api.w.org\/{rel}","templated":true}]}}