{"id":102166,"date":"2021-02-21T22:47:47","date_gmt":"2021-02-21T22:47:47","guid":{"rendered":"https:\/\/www.autonvaraosahaku.fi\/?product=bosch-1-582-980-061-polttoaineanturi"},"modified":"2021-02-21T22:47:53","modified_gmt":"2021-02-21T22:47:53","slug":"bosch-1-582-980-061-polttoaineanturi","status":"publish","type":"product","link":"https:\/\/www.autonvaraosahaku.fi\/?product=bosch-1-582-980-061-polttoaineanturi","title":{"rendered":"Bosch 1 582 980 061 Polttoaineanturi"},"content":{"rendered":"<p>Asennuspuoli: Polttoainejohdin; Korvaava tuote\/korvaava tiedote 2: Liit\u00e4nt\u00e4osilla; K\u00e4ytt\u00f6: S\u00e4hk\u00f6inen; Polttoaineen saanti: poltoainem\u00e4\u00e4r\u00e4sensori v\u00e4lis\u00e4ili\u00f6ss\u00e4; Valmistusvuosi alkaen: 08\/2002; VOLVO: V70 II SW,XC90 I,S60 I,S80 I TS, XY,XC70 CROSS COUNTRY; Polttoainemittarin Anturi,Tunnistin, Polttoainetankki<\/p>\n","protected":false},"excerpt":{"rendered":"<p>BOSCH Polttoaineanturi 1 582 980 061 Polttoainemittarin Anturi,Tunnistin, Polttoainetankki VOLVO,V70 II SW,XC90 I,S60 I,S80 I TS, XY<\/p>\n","protected":false},"featured_media":0,"template":"","meta":{"site-sidebar-layout":"default","site-content-layout":"default","ast-global-header-display":"","ast-main-header-display":"","ast-hfb-above-header-display":"","ast-hfb-below-header-display":"","ast-hfb-mobile-header-display":"","site-post-title":"","ast-breadcrumbs-content":"","ast-featured-img":"","footer-sml-layout":"","theme-transparent-header-meta":"","adv-header-id-meta":"","stick-header-meta":"","header-above-stick-meta":"","header-main-stick-meta":"","header-below-stick-meta":""},"pwb-brand":[534],"product_cat":[468],"product_tag":[],"class_list":{"0":"post-102166","1":"product","2":"type-product","3":"status-publish","5":"pwb-brand-bosch","6":"product_cat-polttoaineanturi","7":"desktop-align-left","8":"tablet-align-left","9":"mobile-align-left","11":"first","12":"instock","13":"product-type-external"},"brands":[{"id":534,"name":"Bosch","slug":"bosch"}],"_links":{"self":[{"href":"https:\/\/www.autonvaraosahaku.fi\/index.php?rest_route=\/wp\/v2\/product\/102166","targetHints":{"allow":["GET"]}}],"collection":[{"href":"https:\/\/www.autonvaraosahaku.fi\/index.php?rest_route=\/wp\/v2\/product"}],"about":[{"href":"https:\/\/www.autonvaraosahaku.fi\/index.php?rest_route=\/wp\/v2\/types\/product"}],"wp:attachment":[{"href":"https:\/\/www.autonvaraosahaku.fi\/index.php?rest_route=%2Fwp%2Fv2%2Fmedia&parent=102166"}],"wp:term":[{"taxonomy":"pwb-brand","embeddable":true,"href":"https:\/\/www.autonvaraosahaku.fi\/index.php?rest_route=%2Fwp%2Fv2%2Fpwb-brand&post=102166"},{"taxonomy":"product_cat","embeddable":true,"href":"https:\/\/www.autonvaraosahaku.fi\/index.php?rest_route=%2Fwp%2Fv2%2Fproduct_cat&post=102166"},{"taxonomy":"product_tag","embeddable":true,"href":"https:\/\/www.autonvaraosahaku.fi\/index.php?rest_route=%2Fwp%2Fv2%2Fproduct_tag&post=102166"}],"curies":[{"name":"wp","href":"https:\/\/api.w.org\/{rel}","templated":true}]}}