{"id":102169,"date":"2021-02-21T22:47:47","date_gmt":"2021-02-21T22:47:47","guid":{"rendered":"https:\/\/www.autonvaraosahaku.fi\/?product=bosch-0-242-135-548-sytytystulpat"},"modified":"2021-02-21T22:47:55","modified_gmt":"2021-02-21T22:47:55","slug":"bosch-0-242-135-548-sytytystulpat","status":"publish","type":"product","link":"https:\/\/www.autonvaraosahaku.fi\/?product=bosch-0-242-135-548-sytytystulpat","title":{"rendered":"Bosch 0 242 135 548 Sytytystulpat"},"content":{"rendered":"<p>K\u00e4rkiv\u00e4li (mm): 1,0; Kiristysmomentti: 23; Kiristyskulma [Grad]: 90; Ulkokierre [mm]: 12; Kierrenousu (mm): 1,25; Kierteen pituus (mm): 26,5; Avainv\u00e4li: 16; Kipin\u00e4et\u00e4isyys [mm]: 5; Napojen m\u00e4\u00e4r\u00e4: 1; Valmistusvuosi alkaen: 12\/2008; KIA: SPORTAGE SL,SORENTO II XM,CARNIVAL \/ GRAND CARNIVAL III VQ,CARENS IV,SOUL AM,OPTIMA,SPORTAGE QL,SORENTO III,SOUL II PS,OPTIMA Sportswagon,CERATO YD Stufenheck,CADENZA; HYUNDAI: ix35 LM, EL, ELH,i40 CW VF,SANTA F\u00c9 II CM,i30 GD,SANTA F\u00c9 III DM,GENESIS Coupe,i40 VF,GRAND SANTA F\u00c9,TUCSON,ELANTRA Stufenheck MD, UD,SONATA VI YF,ELANTRA Coupe,GRANDEUR HG,CRETA,ELANTRA Stufenheck AD; 1884611070, 1886709095, 1884611070, 1886709095; Tulpat,Sytytystulppa<\/p>\n","protected":false},"excerpt":{"rendered":"<p>BOSCH Sytytystulpat 0 242 135 548 Tulpat,Sytytystulppa KIA,HYUNDAI,SPORTAGE SL,SORENTO II XM,CARNIVAL \/ GRAND CARNIVAL III VQ,CARENS IV,SOUL AM,OPTIMA<\/p>\n","protected":false},"featured_media":0,"template":"","meta":{"site-sidebar-layout":"default","site-content-layout":"default","ast-global-header-display":"","ast-main-header-display":"","ast-hfb-above-header-display":"","ast-hfb-below-header-display":"","ast-hfb-mobile-header-display":"","site-post-title":"","ast-breadcrumbs-content":"","ast-featured-img":"","footer-sml-layout":"","theme-transparent-header-meta":"","adv-header-id-meta":"","stick-header-meta":"","header-above-stick-meta":"","header-main-stick-meta":"","header-below-stick-meta":""},"pwb-brand":[534],"product_cat":[165],"product_tag":[],"class_list":{"0":"post-102169","1":"product","2":"type-product","3":"status-publish","5":"pwb-brand-bosch","6":"product_cat-sytytystulpat","7":"desktop-align-left","8":"tablet-align-left","9":"mobile-align-left","11":"first","12":"instock","13":"product-type-external"},"brands":[{"id":534,"name":"Bosch","slug":"bosch"}],"_links":{"self":[{"href":"https:\/\/www.autonvaraosahaku.fi\/index.php?rest_route=\/wp\/v2\/product\/102169","targetHints":{"allow":["GET"]}}],"collection":[{"href":"https:\/\/www.autonvaraosahaku.fi\/index.php?rest_route=\/wp\/v2\/product"}],"about":[{"href":"https:\/\/www.autonvaraosahaku.fi\/index.php?rest_route=\/wp\/v2\/types\/product"}],"wp:attachment":[{"href":"https:\/\/www.autonvaraosahaku.fi\/index.php?rest_route=%2Fwp%2Fv2%2Fmedia&parent=102169"}],"wp:term":[{"taxonomy":"pwb-brand","embeddable":true,"href":"https:\/\/www.autonvaraosahaku.fi\/index.php?rest_route=%2Fwp%2Fv2%2Fpwb-brand&post=102169"},{"taxonomy":"product_cat","embeddable":true,"href":"https:\/\/www.autonvaraosahaku.fi\/index.php?rest_route=%2Fwp%2Fv2%2Fproduct_cat&post=102169"},{"taxonomy":"product_tag","embeddable":true,"href":"https:\/\/www.autonvaraosahaku.fi\/index.php?rest_route=%2Fwp%2Fv2%2Fproduct_tag&post=102169"}],"curies":[{"name":"wp","href":"https:\/\/api.w.org\/{rel}","templated":true}]}}