{"id":102190,"date":"2021-02-21T22:48:05","date_gmt":"2021-02-21T22:48:05","guid":{"rendered":"https:\/\/www.autonvaraosahaku.fi\/?product=bosch-0-250-201-049-hehkutulppa"},"modified":"2021-02-21T22:48:05","modified_gmt":"2021-02-21T22:48:05","slug":"bosch-0-250-201-049-hehkutulppa","status":"publish","type":"product","link":"https:\/\/www.autonvaraosahaku.fi\/?product=bosch-0-250-201-049-hehkutulppa","title":{"rendered":"Bosch 0 250 201 049 Hehkutulppa"},"content":{"rendered":"<p>Hehkutulppatyyppi: Hehkutulppa, puikko, j\u00e4lkihehkutuksenkest\u00e4v\u00e4; Pituus (mm): 63, 63; Kierre 1: M 12 x 1,25; Kartionousu: 63; Avainv\u00e4li: 12; Kiristysmomentti > [Nm]: 15; Kiristysmomentti enint\u00e4\u00e4n [Nm]: 25; Liittimet: M 5; Asennussyvyys (mm): 18; lis\u00e4tieto: Duraterm; Valmistusvuosi alkaen: 10\/1995; MAZDA: 121 III JASM, JBSM; FORD: MONDEO II Kombi BNP,FIESTA III GFJ,MONDEO II BAP,ESCORT VII GAL, AAL, ABL,MONDEO II Stufenheck BFP,ESCORT VII Kombi GAL, ANL,ESCORT VII Cabriolet ALL,ESCORT &#8217;95 Express AVL,FIESTA Kasten J5_, J3_,ESCORT VII Stufenheck GAL, AFL,FIESTA Kasten JV_,ESCORT CLASSIC AAL, ABL,ESCORT CLASSIC Turnier ANL,FIESTA Kasten F3L, F5L,FIESTA Kasten FVD,COURIER Pick-up J3 J5; 1001049, 1008792, 1045261, 1056857, 1E0718601B, 96FF6M090AA, 96FF6M090BA, 96FF6M090CA, 1E0718601, 1E0718601B<\/p>\n","protected":false},"excerpt":{"rendered":"<p>BOSCH Hehkutulppa 0 250 201 049  MAZDA,FORD,121 III JASM, JBSM,MONDEO II Kombi BNP,FIESTA III GFJ,MONDEO II BAP,ESCORT VII GAL, AAL, ABL<\/p>\n","protected":false},"featured_media":0,"template":"","meta":{"site-sidebar-layout":"default","site-content-layout":"default","ast-global-header-display":"","ast-main-header-display":"","ast-hfb-above-header-display":"","ast-hfb-below-header-display":"","ast-hfb-mobile-header-display":"","site-post-title":"","ast-breadcrumbs-content":"","ast-featured-img":"","footer-sml-layout":"","theme-transparent-header-meta":"","adv-header-id-meta":"","stick-header-meta":"","header-above-stick-meta":"","header-main-stick-meta":"","header-below-stick-meta":""},"pwb-brand":[534],"product_cat":[52],"product_tag":[],"class_list":{"0":"post-102190","1":"product","2":"type-product","3":"status-publish","5":"pwb-brand-bosch","6":"product_cat-hehkutulppa","7":"desktop-align-left","8":"tablet-align-left","9":"mobile-align-left","11":"first","12":"instock","13":"product-type-external"},"brands":[{"id":534,"name":"Bosch","slug":"bosch"}],"_links":{"self":[{"href":"https:\/\/www.autonvaraosahaku.fi\/index.php?rest_route=\/wp\/v2\/product\/102190","targetHints":{"allow":["GET"]}}],"collection":[{"href":"https:\/\/www.autonvaraosahaku.fi\/index.php?rest_route=\/wp\/v2\/product"}],"about":[{"href":"https:\/\/www.autonvaraosahaku.fi\/index.php?rest_route=\/wp\/v2\/types\/product"}],"wp:attachment":[{"href":"https:\/\/www.autonvaraosahaku.fi\/index.php?rest_route=%2Fwp%2Fv2%2Fmedia&parent=102190"}],"wp:term":[{"taxonomy":"pwb-brand","embeddable":true,"href":"https:\/\/www.autonvaraosahaku.fi\/index.php?rest_route=%2Fwp%2Fv2%2Fpwb-brand&post=102190"},{"taxonomy":"product_cat","embeddable":true,"href":"https:\/\/www.autonvaraosahaku.fi\/index.php?rest_route=%2Fwp%2Fv2%2Fproduct_cat&post=102190"},{"taxonomy":"product_tag","embeddable":true,"href":"https:\/\/www.autonvaraosahaku.fi\/index.php?rest_route=%2Fwp%2Fv2%2Fproduct_tag&post=102190"}],"curies":[{"name":"wp","href":"https:\/\/api.w.org\/{rel}","templated":true}]}}