{"id":102227,"date":"2021-02-21T22:48:13","date_gmt":"2021-02-21T22:48:13","guid":{"rendered":"https:\/\/www.autonvaraosahaku.fi\/?product=bosch-0-281-004-027-lambda-anturi"},"modified":"2021-02-21T22:48:20","modified_gmt":"2021-02-21T22:48:20","slug":"bosch-0-281-004-027-lambda-anturi","status":"publish","type":"product","link":"https:\/\/www.autonvaraosahaku.fi\/?product=bosch-0-281-004-027-lambda-anturi","title":{"rendered":"Bosch 0 281 004 027 Lambda anturi"},"content":{"rendered":"<p>Johtojen lukum\u00e4\u00e4r\u00e4: 5; Kokonaispituus (mm): 655; Suositeltu vaihtov\u00e4li [km]: 250000; Lambdatunnistin: Regelsonde; NISSAN: QASHQAI \/ QASHQAI +2 J10, JJ10,X-TRAIL T31; RENAULT: ESPACE IV JK0\/1_,LAGUNA III Grandtour KT0\/1,KOLEOS HY_,LAGUNA III BT0\/1,LAGUNA Coupe DT0\/1,LATITUDE L70_; 2269000Q1B, 22693JG70A, 22693JG70AEW, 22693JG70ARP, 226A42602REW, 226A47142R, 226A47142REW, 226A47142RRP, 22693JG70A, 22693JG70AEW, 226A42602REW, 226A47142R, 226A47142REW, 8200230256, 8200351037; Lambdatunnistin,Happianturi<\/p>\n","protected":false},"excerpt":{"rendered":"<p>BOSCH Lambda Anturi 0 281 004 027 Lambdatunnistin,Happianturi NISSAN,RENAULT,QASHQAI \/ QASHQAI +2 J10, JJ10,X-TRAIL T31,ESPACE IV JK0\/1_<\/p>\n","protected":false},"featured_media":0,"template":"","meta":{"site-sidebar-layout":"default","site-content-layout":"default","ast-global-header-display":"","ast-main-header-display":"","ast-hfb-above-header-display":"","ast-hfb-below-header-display":"","ast-hfb-mobile-header-display":"","site-post-title":"","ast-breadcrumbs-content":"","ast-featured-img":"","footer-sml-layout":"","theme-transparent-header-meta":"","adv-header-id-meta":"","stick-header-meta":"","header-above-stick-meta":"","header-main-stick-meta":"","header-below-stick-meta":""},"pwb-brand":[534],"product_cat":[264],"product_tag":[],"class_list":{"0":"post-102227","1":"product","2":"type-product","3":"status-publish","5":"pwb-brand-bosch","6":"product_cat-lambda-anturi","7":"desktop-align-left","8":"tablet-align-left","9":"mobile-align-left","11":"first","12":"instock","13":"product-type-external"},"brands":[{"id":534,"name":"Bosch","slug":"bosch"}],"_links":{"self":[{"href":"https:\/\/www.autonvaraosahaku.fi\/index.php?rest_route=\/wp\/v2\/product\/102227","targetHints":{"allow":["GET"]}}],"collection":[{"href":"https:\/\/www.autonvaraosahaku.fi\/index.php?rest_route=\/wp\/v2\/product"}],"about":[{"href":"https:\/\/www.autonvaraosahaku.fi\/index.php?rest_route=\/wp\/v2\/types\/product"}],"wp:attachment":[{"href":"https:\/\/www.autonvaraosahaku.fi\/index.php?rest_route=%2Fwp%2Fv2%2Fmedia&parent=102227"}],"wp:term":[{"taxonomy":"pwb-brand","embeddable":true,"href":"https:\/\/www.autonvaraosahaku.fi\/index.php?rest_route=%2Fwp%2Fv2%2Fpwb-brand&post=102227"},{"taxonomy":"product_cat","embeddable":true,"href":"https:\/\/www.autonvaraosahaku.fi\/index.php?rest_route=%2Fwp%2Fv2%2Fproduct_cat&post=102227"},{"taxonomy":"product_tag","embeddable":true,"href":"https:\/\/www.autonvaraosahaku.fi\/index.php?rest_route=%2Fwp%2Fv2%2Fproduct_tag&post=102227"}],"curies":[{"name":"wp","href":"https:\/\/api.w.org\/{rel}","templated":true}]}}