{"id":102286,"date":"2021-02-21T22:48:40","date_gmt":"2021-02-21T22:48:40","guid":{"rendered":"https:\/\/www.autonvaraosahaku.fi\/?product=bosch-0-986-479-646-jarrulevyt"},"modified":"2021-02-21T22:48:47","modified_gmt":"2021-02-21T22:48:47","slug":"bosch-0-986-479-646-jarrulevyt","status":"publish","type":"product","link":"https:\/\/www.autonvaraosahaku.fi\/?product=bosch-0-986-479-646-jarrulevyt","title":{"rendered":"Bosch 0 986 479 646 Jarrulevyt"},"content":{"rendered":"<p>Ulkol\u00e4pimitta [mm]: 291,8; Jarrulevyn paksuus (mm): 12,1; V\u00e4himm\u00e4ispaksuus (mm): 10; Korkeus (mm): 45; Reik\u00e4ympyr\u00e4-\u00d8 [mm]: 115; Jarrulevytyyppi: Vakiomalli; keskitt\u00e4misl\u00e4pimitta [mm]: 70,7; Reikien m\u00e4\u00e4r\u00e4: 5; Pinta: rasvattu; t\u00e4ytt\u00e4\u00e4 ECE-normin: ECE-R90; Porausreik\u00e4l\u00e4pimitta enint\u00e4\u00e4n [mm]: 14,2; TECDOC-moottorinumero: 23855; CHEVROLET: ORLANDO J309,CRUZE J300,CRUZE Station Wagon J308,CRUZE Schr\u00e4gheck J305,VOLT; OPEL: ASTRA J Sports Tourer,ASTRA J,ZAFIRA TOURER C P12,ASTRA GTC J,ASTRA J Stufenheck,CASCADA W13,AMPERA; VAUXHALL: ZAFIRA Mk III P12,ASTRA Mk VI J CC,ASTRA Mk VI J,AMPERA,ASTRA Mk VI J Estate; 13502139, 13504280, 23118061, 569085, 569099, 13502138, 13502139, 13502137, 13502138, 13504280, 23118061, 569071, 569075, 569085, 569099, 95527033, 13502137, 13502138, 13504280, 23118061, 569085, 569099, 95527033; Jarrulevy<\/p>\n","protected":false},"excerpt":{"rendered":"<p>BOSCH Jarrulevyt 0 986 479 646 Jarrulevy CHEVROLET,OPEL,VAUXHALL,ORLANDO J309,CRUZE J300,CRUZE Station Wagon J308,CRUZE Schr\u00e4gheck J305,VOLT<\/p>\n","protected":false},"featured_media":0,"template":"","meta":{"site-sidebar-layout":"default","site-content-layout":"default","ast-global-header-display":"","ast-main-header-display":"","ast-hfb-above-header-display":"","ast-hfb-below-header-display":"","ast-hfb-mobile-header-display":"","site-post-title":"","ast-breadcrumbs-content":"","ast-featured-img":"","footer-sml-layout":"","theme-transparent-header-meta":"","adv-header-id-meta":"","stick-header-meta":"","header-above-stick-meta":"","header-main-stick-meta":"","header-below-stick-meta":""},"pwb-brand":[534],"product_cat":[66],"product_tag":[],"class_list":{"0":"post-102286","1":"product","2":"type-product","3":"status-publish","5":"pwb-brand-bosch","6":"product_cat-jarrulevyt","7":"desktop-align-left","8":"tablet-align-left","9":"mobile-align-left","11":"first","12":"instock","13":"product-type-external"},"brands":[{"id":534,"name":"Bosch","slug":"bosch"}],"_links":{"self":[{"href":"https:\/\/www.autonvaraosahaku.fi\/index.php?rest_route=\/wp\/v2\/product\/102286","targetHints":{"allow":["GET"]}}],"collection":[{"href":"https:\/\/www.autonvaraosahaku.fi\/index.php?rest_route=\/wp\/v2\/product"}],"about":[{"href":"https:\/\/www.autonvaraosahaku.fi\/index.php?rest_route=\/wp\/v2\/types\/product"}],"wp:attachment":[{"href":"https:\/\/www.autonvaraosahaku.fi\/index.php?rest_route=%2Fwp%2Fv2%2Fmedia&parent=102286"}],"wp:term":[{"taxonomy":"pwb-brand","embeddable":true,"href":"https:\/\/www.autonvaraosahaku.fi\/index.php?rest_route=%2Fwp%2Fv2%2Fpwb-brand&post=102286"},{"taxonomy":"product_cat","embeddable":true,"href":"https:\/\/www.autonvaraosahaku.fi\/index.php?rest_route=%2Fwp%2Fv2%2Fproduct_cat&post=102286"},{"taxonomy":"product_tag","embeddable":true,"href":"https:\/\/www.autonvaraosahaku.fi\/index.php?rest_route=%2Fwp%2Fv2%2Fproduct_tag&post=102286"}],"curies":[{"name":"wp","href":"https:\/\/api.w.org\/{rel}","templated":true}]}}