{"id":10235,"date":"2021-02-21T14:08:12","date_gmt":"2021-02-21T14:08:12","guid":{"rendered":"https:\/\/www.autonvaraosahaku.fi\/?product=triclo-311350-paisuntasailion-korkki"},"modified":"2021-02-21T14:08:14","modified_gmt":"2021-02-21T14:08:14","slug":"triclo-311350-paisuntasailion-korkki","status":"publish","type":"product","link":"https:\/\/www.autonvaraosahaku.fi\/?product=triclo-311350-paisuntasailion-korkki","title":{"rendered":"TRICLO 311350 Paisuntas\u00e4ili\u00f6n korkki"},"content":{"rendered":"<p>VW: GOLF V 1K1,GOLF PLUS 5M1, 521,SCIROCCO 137, 138,JETTA III 1K2,JETTA I 16; AUDI: A6 4G2, C7, 4GC; MERCEDES-BENZ: C-CLASS T-Model S203; BMW: 3 E46,3 Touring E91,3 Touring E46,3 Coupe E92,5 E34,5 Touring E34,5 E28; OPEL: VIVARO Kasten F7,VIVARO Combi J7,MOVANO Kasten F9,MOVANO B Kasten,SENATOR A 29_,MOVANO B Bus,MOVANO Combi J9,VIVARO Pritsche\/Fahrgestell E7,MOVANO Pritsche\/Fahrgestell U9, E9,MOVANO B Pritsche\/Fahrgestell,MOVANO Kipper H9,ARENA Bus,ARENA Kasten TB, TF,ARENA Kasten; RENAULT: TWINGO I C06_,CLIO II BB0\/1\/2_, CB0\/1\/2_,CLIO III BR0\/1, CR0\/1,SC\u00c9NIC II JM0\/1_,KANGOO KC0\/1_,TWINGO II CN0_,MEGANE III Grandtour KZ0\/1,ESPACE IV JK0\/1_,MODUS \/ GRAND MODUS F\/JP0_,LAGUNA II Grandtour KG0\/1_,MEGANE II Kombi KM0\/1_,SC\u00c9NIC I JA0\/1_,MEGANE II Coup\u00e9-Cabriolet EM0\/1_,SC\u00c9NIC III JZ0\/1_,ESPACE III JE0_,LAGUNA III Grandtour KT0\/1,MEGANE Scenic JA0\/1_,CLIO IV,MEGANE III Schr\u00e4gheck BZ0_,LAGUNA II BG0\/1_,MEGANE II BM0\/1_, CM0\/1_,TRAFIC II Bus JL,GRAND SC\u00c9NIC III JZ0\/1_,MEGANE I BA0\/1_,MASTER II Kasten FD,TRAFIC II Kasten FL,MEGANE III Coupe DZ0\/1_,KANGOO \/ GRAND KANGOO KW0\/1_,KOLEOS HY_,KANGOO Express FC0\/1_,CLIO Grandtour KR0\/1_,GRAND SC\u00c9NIC II JM0\/1_,MEGANE I Grandtour KA0\/1_,MEGANE I Cabriolet EA0\/1_,LAGUNA I B56_, 556_,CLIO I B\/C57_, 5\/357_,CAPTUR,LAGUNA I Grandtour K56_,LAGUNA III BT0\/1,MASTER III Kasten FV,KANGOO Express FW0\/1_,MEGANE II Stufenheck LM0\/1_,CLIO Grandtour IV,MEGANE I Classic LA0\/1_,4 112_,MASTER II Pritsche\/Fahrgestell ED\/HD\/UD,MEG; FIAT: PUNTO 188,SEICENTO 187,DUCATO Bus 230,BARCHETTA 183,DOBLO Cargo 223,PUNTO 176,DOBLO 119,CINQUECENTO 170,PANDA 141A_,PUNTO Van 188AX,BRAVO I 182,ULYSSE 220,BRAVA 182,PUNTO Cabriolet 176C,SCUDO Kasten 220L,MAREA Weekend 185,UNO 146A\/E,PALIO Weekend 178DX,FIORINO Kasten 146,TIPO 160,CROMA 154,PANDA Van 141_,MAREA 185,TEMPRA 159,PUNTO Van 176L,TEMPRA S.W. 159,FIORINO Pick up 146,FIORINO 147,REGATA 138,ARGENTA 132A,PALIO 178BX,SIENA 178_,REGATA Weekend 138,DUNA 146 B,DUNA Weekend 146 B; SKODA: ROOMSTER Praktik 5J; PEUGEOT: BOXER Kasten,406 Break 8E\/F,EXPERT Tepee VF3V_; HYUNDAI: i30 FD,i30 CW FD,SONATA V NF,GRANDEUR TG; 4402429, 9110429, 7700805031; Korkki, Paisuntas\u00e4ili\u00f6<\/p>\n","protected":false},"excerpt":{"rendered":"<p>TRICLO Paisuntas\u00e4ili\u00f6n Korkki 311350 Korkki, Paisuntas\u00e4ili\u00f6 VW,AUDI,MERCEDES-BENZ,GOLF V 1K1,GOLF PLUS 5M1, 521,SCIROCCO 137, 138,JETTA III 1K2<\/p>\n","protected":false},"featured_media":0,"template":"","meta":{"site-sidebar-layout":"default","site-content-layout":"default","ast-global-header-display":"","ast-main-header-display":"","ast-hfb-above-header-display":"","ast-hfb-below-header-display":"","ast-hfb-mobile-header-display":"","site-post-title":"","ast-breadcrumbs-content":"","ast-featured-img":"","footer-sml-layout":"","theme-transparent-header-meta":"","adv-header-id-meta":"","stick-header-meta":"","header-above-stick-meta":"","header-main-stick-meta":"","header-below-stick-meta":""},"pwb-brand":[172],"product_cat":[99],"product_tag":[],"class_list":{"0":"post-10235","1":"product","2":"type-product","3":"status-publish","5":"pwb-brand-triclo","6":"product_cat-paisuntasailion-korkki","7":"desktop-align-left","8":"tablet-align-left","9":"mobile-align-left","11":"first","12":"instock","13":"product-type-external"},"brands":[{"id":172,"name":"TRICLO","slug":"triclo"}],"_links":{"self":[{"href":"https:\/\/www.autonvaraosahaku.fi\/index.php?rest_route=\/wp\/v2\/product\/10235","targetHints":{"allow":["GET"]}}],"collection":[{"href":"https:\/\/www.autonvaraosahaku.fi\/index.php?rest_route=\/wp\/v2\/product"}],"about":[{"href":"https:\/\/www.autonvaraosahaku.fi\/index.php?rest_route=\/wp\/v2\/types\/product"}],"wp:attachment":[{"href":"https:\/\/www.autonvaraosahaku.fi\/index.php?rest_route=%2Fwp%2Fv2%2Fmedia&parent=10235"}],"wp:term":[{"taxonomy":"pwb-brand","embeddable":true,"href":"https:\/\/www.autonvaraosahaku.fi\/index.php?rest_route=%2Fwp%2Fv2%2Fpwb-brand&post=10235"},{"taxonomy":"product_cat","embeddable":true,"href":"https:\/\/www.autonvaraosahaku.fi\/index.php?rest_route=%2Fwp%2Fv2%2Fproduct_cat&post=10235"},{"taxonomy":"product_tag","embeddable":true,"href":"https:\/\/www.autonvaraosahaku.fi\/index.php?rest_route=%2Fwp%2Fv2%2Fproduct_tag&post=10235"}],"curies":[{"name":"wp","href":"https:\/\/api.w.org\/{rel}","templated":true}]}}