{"id":102373,"date":"2021-02-21T22:49:24","date_gmt":"2021-02-21T22:49:24","guid":{"rendered":"https:\/\/www.autonvaraosahaku.fi\/?product=bosch-0-986-486-580-kytkimen-tyosylinteri"},"modified":"2021-02-21T22:49:26","modified_gmt":"2021-02-21T22:49:26","slug":"bosch-0-986-486-580-kytkimen-tyosylinteri","status":"publish","type":"product","link":"https:\/\/www.autonvaraosahaku.fi\/?product=bosch-0-986-486-580-kytkimen-tyosylinteri","title":{"rendered":"Bosch 0 986 486 580 Kytkimen ty\u00f6sylinteri"},"content":{"rendered":"<p>M\u00e4nn\u00e4n halkaisija mm: 19; Valmistusvuoteen: 08\/1993; MAZDA: MX-5 II NB,MX-5 I NA; NA0141920, NA0141920A, NA0141920B, NA0141920C; Ty\u00f6sylinteri, Kytkin<\/p>\n","protected":false},"excerpt":{"rendered":"<p>BOSCH Kytkimen Ty\u00f6sylinteri 0 986 486 580 Ty\u00f6sylinteri, Kytkin MAZDA,MX-5 II NB,MX-5 I NA<\/p>\n","protected":false},"featured_media":0,"template":"","meta":{"site-sidebar-layout":"default","site-content-layout":"default","ast-global-header-display":"","ast-main-header-display":"","ast-hfb-above-header-display":"","ast-hfb-below-header-display":"","ast-hfb-mobile-header-display":"","site-post-title":"","ast-breadcrumbs-content":"","ast-featured-img":"","footer-sml-layout":"","theme-transparent-header-meta":"","adv-header-id-meta":"","stick-header-meta":"","header-above-stick-meta":"","header-main-stick-meta":"","header-below-stick-meta":""},"pwb-brand":[534],"product_cat":[310],"product_tag":[],"class_list":{"0":"post-102373","1":"product","2":"type-product","3":"status-publish","5":"pwb-brand-bosch","6":"product_cat-kytkimen-tyosylinteri","7":"desktop-align-left","8":"tablet-align-left","9":"mobile-align-left","11":"first","12":"instock","13":"product-type-external"},"brands":[{"id":534,"name":"Bosch","slug":"bosch"}],"_links":{"self":[{"href":"https:\/\/www.autonvaraosahaku.fi\/index.php?rest_route=\/wp\/v2\/product\/102373","targetHints":{"allow":["GET"]}}],"collection":[{"href":"https:\/\/www.autonvaraosahaku.fi\/index.php?rest_route=\/wp\/v2\/product"}],"about":[{"href":"https:\/\/www.autonvaraosahaku.fi\/index.php?rest_route=\/wp\/v2\/types\/product"}],"wp:attachment":[{"href":"https:\/\/www.autonvaraosahaku.fi\/index.php?rest_route=%2Fwp%2Fv2%2Fmedia&parent=102373"}],"wp:term":[{"taxonomy":"pwb-brand","embeddable":true,"href":"https:\/\/www.autonvaraosahaku.fi\/index.php?rest_route=%2Fwp%2Fv2%2Fpwb-brand&post=102373"},{"taxonomy":"product_cat","embeddable":true,"href":"https:\/\/www.autonvaraosahaku.fi\/index.php?rest_route=%2Fwp%2Fv2%2Fproduct_cat&post=102373"},{"taxonomy":"product_tag","embeddable":true,"href":"https:\/\/www.autonvaraosahaku.fi\/index.php?rest_route=%2Fwp%2Fv2%2Fproduct_tag&post=102373"}],"curies":[{"name":"wp","href":"https:\/\/api.w.org\/{rel}","templated":true}]}}