{"id":102393,"date":"2021-02-21T22:49:33","date_gmt":"2021-02-21T22:49:33","guid":{"rendered":"https:\/\/www.autonvaraosahaku.fi\/?product=bosch-1-987-479-107-jarruneste"},"modified":"2021-02-21T22:49:35","modified_gmt":"2021-02-21T22:49:35","slug":"bosch-1-987-479-107-jarruneste","status":"publish","type":"product","link":"https:\/\/www.autonvaraosahaku.fi\/?product=bosch-1-987-479-107-jarruneste","title":{"rendered":"Bosch 1 987 479 107 Jarruneste"},"content":{"rendered":"<p>DOT mukaisuus: DOT 4; Tilavuus (litra): 1; Pakkaustyyppi: Pullo; Kuivakiehumispiste [\u00b0C]: 230; M\u00e4rk\u00e4n\u00e4kiehumispiste [\u00b0C]: 155; Viskositeettiluokka SAE: 1800; V\u00e4ri: Keltainen<\/p>\n","protected":false},"excerpt":{"rendered":"<p>BOSCH Jarruneste 1 987 479 107<\/p>\n","protected":false},"featured_media":0,"template":"","meta":{"site-sidebar-layout":"default","site-content-layout":"default","ast-global-header-display":"","ast-main-header-display":"","ast-hfb-above-header-display":"","ast-hfb-below-header-display":"","ast-hfb-mobile-header-display":"","site-post-title":"","ast-breadcrumbs-content":"","ast-featured-img":"","footer-sml-layout":"","theme-transparent-header-meta":"","adv-header-id-meta":"","stick-header-meta":"","header-above-stick-meta":"","header-main-stick-meta":"","header-below-stick-meta":""},"pwb-brand":[534],"product_cat":[142],"product_tag":[],"class_list":{"0":"post-102393","1":"product","2":"type-product","3":"status-publish","5":"pwb-brand-bosch","6":"product_cat-jarruneste","7":"desktop-align-left","8":"tablet-align-left","9":"mobile-align-left","11":"first","12":"instock","13":"product-type-external"},"brands":[{"id":534,"name":"Bosch","slug":"bosch"}],"_links":{"self":[{"href":"https:\/\/www.autonvaraosahaku.fi\/index.php?rest_route=\/wp\/v2\/product\/102393","targetHints":{"allow":["GET"]}}],"collection":[{"href":"https:\/\/www.autonvaraosahaku.fi\/index.php?rest_route=\/wp\/v2\/product"}],"about":[{"href":"https:\/\/www.autonvaraosahaku.fi\/index.php?rest_route=\/wp\/v2\/types\/product"}],"wp:attachment":[{"href":"https:\/\/www.autonvaraosahaku.fi\/index.php?rest_route=%2Fwp%2Fv2%2Fmedia&parent=102393"}],"wp:term":[{"taxonomy":"pwb-brand","embeddable":true,"href":"https:\/\/www.autonvaraosahaku.fi\/index.php?rest_route=%2Fwp%2Fv2%2Fpwb-brand&post=102393"},{"taxonomy":"product_cat","embeddable":true,"href":"https:\/\/www.autonvaraosahaku.fi\/index.php?rest_route=%2Fwp%2Fv2%2Fproduct_cat&post=102393"},{"taxonomy":"product_tag","embeddable":true,"href":"https:\/\/www.autonvaraosahaku.fi\/index.php?rest_route=%2Fwp%2Fv2%2Fproduct_tag&post=102393"}],"curies":[{"name":"wp","href":"https:\/\/api.w.org\/{rel}","templated":true}]}}