{"id":102399,"date":"2021-02-21T22:49:33","date_gmt":"2021-02-21T22:49:33","guid":{"rendered":"https:\/\/www.autonvaraosahaku.fi\/?product=bosch-0-332-002-258-muut-luokat"},"modified":"2021-02-21T22:49:37","modified_gmt":"2021-02-21T22:49:37","slug":"bosch-0-332-002-258-muut-luokat","status":"publish","type":"product","link":"https:\/\/www.autonvaraosahaku.fi\/?product=bosch-0-332-002-258-muut-luokat","title":{"rendered":"Bosch 0 332 002 258 Muut luokat"},"content":{"rendered":"<p>Yhdistelm\u00e4kytkintoiminto: Korkeateho-suljin; Nimellisvirta [A]: 50; Nimellisj\u00e4nnite (V): 24; Reletoiminto: Ty\u00f6katkaisin; L\u00e4mp\u00f6alue alkaen [\u00b0C]: -40; L\u00e4mp\u00f6tila-alue korkeintaan [\u00b0C]: 100; V\u00e4ri: Musta, Musta; Vastus [Ohm]: 130; MERCEDES-BENZ: TRAVEGO (O 580); SETRA: Series 400; 1519519, 01181845, 07945150025, 50259020048, 0001539834, A0001539834, 532382000060<\/p>\n","protected":false},"excerpt":{"rendered":"<p>BOSCH Rele, Ty\u00f6virta 0 332 002 258  MERCEDES-BENZ,SETRA,TRAVEGO (O 580),Series 400<\/p>\n","protected":false},"featured_media":0,"template":"","meta":{"site-sidebar-layout":"default","site-content-layout":"default","ast-global-header-display":"","ast-main-header-display":"","ast-hfb-above-header-display":"","ast-hfb-below-header-display":"","ast-hfb-mobile-header-display":"","site-post-title":"","ast-breadcrumbs-content":"","ast-featured-img":"","footer-sml-layout":"","theme-transparent-header-meta":"","adv-header-id-meta":"","stick-header-meta":"","header-above-stick-meta":"","header-main-stick-meta":"","header-below-stick-meta":""},"pwb-brand":[534],"product_cat":[37],"product_tag":[],"class_list":{"0":"post-102399","1":"product","2":"type-product","3":"status-publish","5":"pwb-brand-bosch","6":"product_cat-muut-luokat","7":"desktop-align-left","8":"tablet-align-left","9":"mobile-align-left","11":"first","12":"instock","13":"product-type-external"},"brands":[{"id":534,"name":"Bosch","slug":"bosch"}],"_links":{"self":[{"href":"https:\/\/www.autonvaraosahaku.fi\/index.php?rest_route=\/wp\/v2\/product\/102399","targetHints":{"allow":["GET"]}}],"collection":[{"href":"https:\/\/www.autonvaraosahaku.fi\/index.php?rest_route=\/wp\/v2\/product"}],"about":[{"href":"https:\/\/www.autonvaraosahaku.fi\/index.php?rest_route=\/wp\/v2\/types\/product"}],"wp:attachment":[{"href":"https:\/\/www.autonvaraosahaku.fi\/index.php?rest_route=%2Fwp%2Fv2%2Fmedia&parent=102399"}],"wp:term":[{"taxonomy":"pwb-brand","embeddable":true,"href":"https:\/\/www.autonvaraosahaku.fi\/index.php?rest_route=%2Fwp%2Fv2%2Fpwb-brand&post=102399"},{"taxonomy":"product_cat","embeddable":true,"href":"https:\/\/www.autonvaraosahaku.fi\/index.php?rest_route=%2Fwp%2Fv2%2Fproduct_cat&post=102399"},{"taxonomy":"product_tag","embeddable":true,"href":"https:\/\/www.autonvaraosahaku.fi\/index.php?rest_route=%2Fwp%2Fv2%2Fproduct_tag&post=102399"}],"curies":[{"name":"wp","href":"https:\/\/api.w.org\/{rel}","templated":true}]}}