{"id":102406,"date":"2021-02-21T22:49:33","date_gmt":"2021-02-21T22:49:33","guid":{"rendered":"https:\/\/www.autonvaraosahaku.fi\/?product=bosch-1-987-947-715-kiilahihnat"},"modified":"2021-02-21T22:49:40","modified_gmt":"2021-02-21T22:49:40","slug":"bosch-1-987-947-715-kiilahihnat","status":"publish","type":"product","link":"https:\/\/www.autonvaraosahaku.fi\/?product=bosch-1-987-947-715-kiilahihnat","title":{"rendered":"Bosch 1 987 947 715 Kiilahihnat"},"content":{"rendered":"<p>Pituus (mm): 1225; Leveys (mm): 10; Hihna: sivusta-aukeava, Hammastettu; Valmistusvuosi alkaen: 08\/1985; VW: TRANSPORTER III Bus,TRANSPORTER III Kasten,TRANSPORTER III Pritsche\/Fahrgestell; VOLVO: 66,66 Kombi; LANCIA: BETA Coupe 828BC,BETA MONTE CARLO 137AS, 137BS,BETA  H.P.E. 828BF,BETA 828_B_,TREVI 828DB; DACIA: 1310 Stufenheck U, X,1300,1410 Kombi,PICK UP; PEUGEOT: 404,J9 Bus,404 Cabriolet,J9 Kasten,J9 Pritsche\/Fahrgestell; RENAULT: TRAFIC Kasten TXX,12,TRAFIC Kasten T1, T3, T4,TRAFIC Bus T5, T6, T7,12 Variable 117_,TRAFIC Pritsche\/Fahrgestell P6,15 130_; RENAULT TRUCKS: G,MIDLINER; NEOPLAN: Starliner,Tourliner; MAN: EL,HOCL,LION\u00b4S CITY,LION\u00b4S CLASSIC,LION\u00b4S COACH,LION\u00b4S COMFORT,LION\u00b4S STAR,NG,NL,N\u00dc,SG,S\u00dc,\u00dcL; 2696274, 2696275, 8835275, 8839164, 9966579, 9966580, 400735, 575015, 7700521502, 106920, 02128751, 02863564, 2128751, 2863564, 82336411, 11448389, 5012331, A840X8620FA, 82336411, 613602, 0029973292, A0029973292, 386061, 400735, 575015, 2128751, 539130, 5000041122, 5000048793, 5000048794, 5000049301, 5000133113, 7700549230, 7700664248, 611023, 51968206089, 51968206099; Laturin Hihna,Kiilahihna<\/p>\n","protected":false},"excerpt":{"rendered":"<p>BOSCH Kiilahihnat 1 987 947 715 Laturin Hihna,Kiilahihna VW,VOLVO,LANCIA,TRANSPORTER III Bus,TRANSPORTER III Kasten<\/p>\n","protected":false},"featured_media":0,"template":"","meta":{"site-sidebar-layout":"default","site-content-layout":"default","ast-global-header-display":"","ast-main-header-display":"","ast-hfb-above-header-display":"","ast-hfb-below-header-display":"","ast-hfb-mobile-header-display":"","site-post-title":"","ast-breadcrumbs-content":"","ast-featured-img":"","footer-sml-layout":"","theme-transparent-header-meta":"","adv-header-id-meta":"","stick-header-meta":"","header-above-stick-meta":"","header-main-stick-meta":"","header-below-stick-meta":""},"pwb-brand":[534],"product_cat":[222],"product_tag":[],"class_list":{"0":"post-102406","1":"product","2":"type-product","3":"status-publish","5":"pwb-brand-bosch","6":"product_cat-kiilahihnat","7":"desktop-align-left","8":"tablet-align-left","9":"mobile-align-left","11":"first","12":"instock","13":"product-type-external"},"brands":[{"id":534,"name":"Bosch","slug":"bosch"}],"_links":{"self":[{"href":"https:\/\/www.autonvaraosahaku.fi\/index.php?rest_route=\/wp\/v2\/product\/102406","targetHints":{"allow":["GET"]}}],"collection":[{"href":"https:\/\/www.autonvaraosahaku.fi\/index.php?rest_route=\/wp\/v2\/product"}],"about":[{"href":"https:\/\/www.autonvaraosahaku.fi\/index.php?rest_route=\/wp\/v2\/types\/product"}],"wp:attachment":[{"href":"https:\/\/www.autonvaraosahaku.fi\/index.php?rest_route=%2Fwp%2Fv2%2Fmedia&parent=102406"}],"wp:term":[{"taxonomy":"pwb-brand","embeddable":true,"href":"https:\/\/www.autonvaraosahaku.fi\/index.php?rest_route=%2Fwp%2Fv2%2Fpwb-brand&post=102406"},{"taxonomy":"product_cat","embeddable":true,"href":"https:\/\/www.autonvaraosahaku.fi\/index.php?rest_route=%2Fwp%2Fv2%2Fproduct_cat&post=102406"},{"taxonomy":"product_tag","embeddable":true,"href":"https:\/\/www.autonvaraosahaku.fi\/index.php?rest_route=%2Fwp%2Fv2%2Fproduct_tag&post=102406"}],"curies":[{"name":"wp","href":"https:\/\/api.w.org\/{rel}","templated":true}]}}