{"id":10244,"date":"2021-02-21T14:08:15","date_gmt":"2021-02-21T14:08:15","guid":{"rendered":"https:\/\/www.autonvaraosahaku.fi\/?product=master-sport-10028-pcs-ms-alapallonivel"},"modified":"2021-02-21T14:08:16","modified_gmt":"2021-02-21T14:08:16","slug":"master-sport-10028-pcs-ms-alapallonivel","status":"publish","type":"product","link":"https:\/\/www.autonvaraosahaku.fi\/?product=master-sport-10028-pcs-ms-alapallonivel","title":{"rendered":"MASTER-SPORT 10028-PCS-MS Alapallonivel"},"content":{"rendered":"<p>Asennuspuoli: Etuakseli, Alla, Vasen; Paksuus [mm]: 19; Laipan sis\u00e4l\u00e4pimitta [mm]: 8,0; Lukum\u00e4\u00e4r\u00e4 akselille: 1; parilliset tuotenumerot: 10041-PCS-MS; Nettopaino [kg]: 0,54; Bruttopaino [kg]: 0,58; Varusteet: f\u00fcr Fahrzeuge mit Servolenkung; AUDI: 80 89, 89Q, 8A, B3,COUPE 89, 8B,90 89, 89Q, 8A, B3; 893407365, 893407365F, 893407365, 893407365, 893407365; Pallonivel<\/p>\n","protected":false},"excerpt":{"rendered":"<p>MASTER-SPORT Alapallonivel 10028-PCS-MS Pallonivel AUDI,80 89, 89Q, 8A, B3,COUPE 89, 8B,90 89, 89Q, 8A, B3<\/p>\n","protected":false},"featured_media":0,"template":"","meta":{"site-sidebar-layout":"default","site-content-layout":"default","ast-global-header-display":"","ast-main-header-display":"","ast-hfb-above-header-display":"","ast-hfb-below-header-display":"","ast-hfb-mobile-header-display":"","site-post-title":"","ast-breadcrumbs-content":"","ast-featured-img":"","footer-sml-layout":"","theme-transparent-header-meta":"","adv-header-id-meta":"","stick-header-meta":"","header-above-stick-meta":"","header-main-stick-meta":"","header-below-stick-meta":""},"pwb-brand":[61],"product_cat":[93],"product_tag":[],"class_list":{"0":"post-10244","1":"product","2":"type-product","3":"status-publish","5":"pwb-brand-master-sport","6":"product_cat-alapallonivel","7":"desktop-align-left","8":"tablet-align-left","9":"mobile-align-left","11":"first","12":"instock","13":"product-type-external"},"brands":[{"id":61,"name":"MASTER-SPORT","slug":"master-sport"}],"_links":{"self":[{"href":"https:\/\/www.autonvaraosahaku.fi\/index.php?rest_route=\/wp\/v2\/product\/10244","targetHints":{"allow":["GET"]}}],"collection":[{"href":"https:\/\/www.autonvaraosahaku.fi\/index.php?rest_route=\/wp\/v2\/product"}],"about":[{"href":"https:\/\/www.autonvaraosahaku.fi\/index.php?rest_route=\/wp\/v2\/types\/product"}],"wp:attachment":[{"href":"https:\/\/www.autonvaraosahaku.fi\/index.php?rest_route=%2Fwp%2Fv2%2Fmedia&parent=10244"}],"wp:term":[{"taxonomy":"pwb-brand","embeddable":true,"href":"https:\/\/www.autonvaraosahaku.fi\/index.php?rest_route=%2Fwp%2Fv2%2Fpwb-brand&post=10244"},{"taxonomy":"product_cat","embeddable":true,"href":"https:\/\/www.autonvaraosahaku.fi\/index.php?rest_route=%2Fwp%2Fv2%2Fproduct_cat&post=10244"},{"taxonomy":"product_tag","embeddable":true,"href":"https:\/\/www.autonvaraosahaku.fi\/index.php?rest_route=%2Fwp%2Fv2%2Fproduct_tag&post=10244"}],"curies":[{"name":"wp","href":"https:\/\/api.w.org\/{rel}","templated":true}]}}