{"id":102472,"date":"2021-02-21T22:50:08","date_gmt":"2021-02-21T22:50:08","guid":{"rendered":"https:\/\/www.autonvaraosahaku.fi\/?product=bosch-0-258-005-726-lambda-anturi"},"modified":"2021-02-21T22:50:09","modified_gmt":"2021-02-21T22:50:09","slug":"bosch-0-258-005-726-lambda-anturi","status":"publish","type":"product","link":"https:\/\/www.autonvaraosahaku.fi\/?product=bosch-0-258-005-726-lambda-anturi","title":{"rendered":"Bosch 0 258 005 726 Lambda anturi"},"content":{"rendered":"<p>Johtojen lukum\u00e4\u00e4r\u00e4: 3; Suositeltu vaihtov\u00e4li [km]: 160000; Liitin\/puristin: Tarvittaessa sovita pistoliitin; Valmistusvuoteen: 08\/1989; MAZDA: MX-3 EC,626 III GD,626 III Hatchback GD,626 III Coupe GD,626 III Station Wagon GV,MPV I LV; CHEVROLET: BLAZER S10,S10 Pick-up,C1500 Pick-up,CAPRICE,S10 Pick Up,C1500 Standard Cab Pickup,S10 Standard Cab Pickup US; NISSAN: ALMERA TINO V10,ALMERA II Hatchback N16,PRIMERA P11,TERRANO II R20,PRIMERA Traveller WP11,PRIMERA Hatchback P11,ALMERA I Hatchback N15,PICK UP D22,NAVARA D22,PATHFINDER R50,ALMERA I N15,PICK UP D21,100 NX B13,200 SX S14,PRIMERA P10,MAXIMA QX A33,TERRANO I WD21,300 ZX Z32,MAXIMA QX A32,300 ZX Z31,SKYLINE Coupe R33,SKYLINE Coupe R34,NP300,SUNNY III N14,SUNNY III Liftback N14,PRIMERA Hatchback P10,NAVARA Pritsche\/Fahrgestell D22,SILVIA S12,SKYLINE R34,SKYLINE R33,SKYLINE Coupe R32,180 SX Coupe S13,NAVARA Pritsche\/Fahrgestell D21,200 SX S15,PATHFINDER,MAXIMA Station Wagon,SENTRA B13; FORD USA: PROBE II ECP; HYUNDAI: ACCENT I X-3,ACCENT Stufenheck X-3,S COUPE SLC; INFINITI: QX4; SUBARU: FORESTER SG,FORESTER SF,IMPREZA Stufenheck GD,IMPREZA Station Wagon GG,LEGACY III Station Wagon BE, BH,IMPREZA Stufenheck GC,LEGACY II Station Wagon BD, BG,IMPREZA Station Wagon GF,OUTBACK BE, BH,LEGACY III BE, BH,SVX CX,LEGACY I Station Wagon BC, BJF,LEGACY II BD, BG,IMPREZA Coupe GFC,LEGACY I BC,LEGACY OUTBACK BG; RENAULT: CLIO II BB0\/1\/2_, CB0\/1\/2_,SC\u00c9NIC II JM0\/1_,KANGOO KC0\/1_,SC\u00c9NIC I JA0\/1_,MEGANE I BA0\/1_,KANGOO Express FC0\/1_,MEGANE II Stufenheck LM0\/1_,MEGANE I Classic LA0\/1_,THALIA I LB0\/1\/2_; OLDSMOBILE: CUTLASS SUPREME Coupe; BUICK: PARK AVENUE,REGAL; F4XA9F472AC, F4XY9F472A, F5XA9F472AA, F5XZ9F472AA, XF529G444BA, XF529G444DA, XF5Z9G444BA, XF5Z9G444DA, 10096129, 10137641, 15637653, 19178938, 25108814, 25132169, 25132535, 25132789, 25133503, 25133505, 25161152, 25161530, 25165312, 25165314, 25176708, 25176709, 25178076, 25312179, 25312185, 8990793, 97018587, 97062292, 8970622920, 3921022010, 3921022015, 3921022040, 3921022115, MB6DC18861, MB6DC18861A, MBP3C18861, MB6DC18861, MB6DC18861A, B6DC18861, B6DC18861A, B6DC18861A9U, F8K118861, FE3N18861, FSD918861, FSD918861A, JE0818861B, JE1518861, JE1518861A, JE1518861A03, TA3618861A, TA3618861B, TA3618861B9U, TA3718861B, TA3718861C, TA3718861E, TA3718861E9U, 226900A510, 226900B710, 226900B711, 226900B712, 226900M210, 226900M211, 226900M220, 226900W700, 226900W702, 226900Z800, 226900Z801, 2269010Y00, 2269010Y01, 2269010Y10, 2269017Y00, 2269017Y01, 2269017Y10, 2269017Y11, 226901A100, 226901A101, 226901P105, 226901P106, 226901P115, 226901P116, 226901P600, 226901P601, 2269021U01, 2269024U00,&#8230;; Lambdatunnistin,Happianturi<\/p>\n","protected":false},"excerpt":{"rendered":"<p>BOSCH Lambda Anturi 0 258 005 726 Lambdatunnistin,Happianturi MAZDA,CHEVROLET,NISSAN,MX-3 EC,626 III GD,626 III Hatchback GD,626 III Coupe GD<\/p>\n","protected":false},"featured_media":0,"template":"","meta":{"site-sidebar-layout":"default","site-content-layout":"default","ast-global-header-display":"","ast-main-header-display":"","ast-hfb-above-header-display":"","ast-hfb-below-header-display":"","ast-hfb-mobile-header-display":"","site-post-title":"","ast-breadcrumbs-content":"","ast-featured-img":"","footer-sml-layout":"","theme-transparent-header-meta":"","adv-header-id-meta":"","stick-header-meta":"","header-above-stick-meta":"","header-main-stick-meta":"","header-below-stick-meta":""},"pwb-brand":[534],"product_cat":[264],"product_tag":[],"class_list":{"0":"post-102472","1":"product","2":"type-product","3":"status-publish","5":"pwb-brand-bosch","6":"product_cat-lambda-anturi","7":"desktop-align-left","8":"tablet-align-left","9":"mobile-align-left","11":"first","12":"instock","13":"product-type-external"},"brands":[{"id":534,"name":"Bosch","slug":"bosch"}],"_links":{"self":[{"href":"https:\/\/www.autonvaraosahaku.fi\/index.php?rest_route=\/wp\/v2\/product\/102472","targetHints":{"allow":["GET"]}}],"collection":[{"href":"https:\/\/www.autonvaraosahaku.fi\/index.php?rest_route=\/wp\/v2\/product"}],"about":[{"href":"https:\/\/www.autonvaraosahaku.fi\/index.php?rest_route=\/wp\/v2\/types\/product"}],"wp:attachment":[{"href":"https:\/\/www.autonvaraosahaku.fi\/index.php?rest_route=%2Fwp%2Fv2%2Fmedia&parent=102472"}],"wp:term":[{"taxonomy":"pwb-brand","embeddable":true,"href":"https:\/\/www.autonvaraosahaku.fi\/index.php?rest_route=%2Fwp%2Fv2%2Fpwb-brand&post=102472"},{"taxonomy":"product_cat","embeddable":true,"href":"https:\/\/www.autonvaraosahaku.fi\/index.php?rest_route=%2Fwp%2Fv2%2Fproduct_cat&post=102472"},{"taxonomy":"product_tag","embeddable":true,"href":"https:\/\/www.autonvaraosahaku.fi\/index.php?rest_route=%2Fwp%2Fv2%2Fproduct_tag&post=102472"}],"curies":[{"name":"wp","href":"https:\/\/api.w.org\/{rel}","templated":true}]}}