{"id":102475,"date":"2021-02-21T22:50:08","date_gmt":"2021-02-21T22:50:08","guid":{"rendered":"https:\/\/www.autonvaraosahaku.fi\/?product=bosch-0-250-212-010-hehkutulppa"},"modified":"2021-02-21T22:50:10","modified_gmt":"2021-02-21T22:50:10","slug":"bosch-0-250-212-010-hehkutulppa","status":"publish","type":"product","link":"https:\/\/www.autonvaraosahaku.fi\/?product=bosch-0-250-212-010-hehkutulppa","title":{"rendered":"Bosch 0 250 212 010 Hehkutulppa"},"content":{"rendered":"<p>Hehkutulppatyyppi: Hehkutulppa, puikko, j\u00e4lkihehkutuksenkest\u00e4v\u00e4; Pituus (mm): 96, 96; Kierre 1: M 10 x 1,25; Kartionousu: 93; Avainv\u00e4li: 12; Kiristysmomentti > [Nm]: 15; Kiristysmomentti enint\u00e4\u00e4n [Nm]: 20; Liittimet: M 4; Asennussyvyys (mm): 32; lis\u00e4tieto: Duraterm; Valmistusvuosi alkaen: 02\/1999; TOYOTA: HILUX VI Pick-up _N1_,HILUX V Pick-up LN_, KZN1_, VZN1_,HIACE IV Bus LH1_,HIACE IV Kasten LXH1_, RZH1_, LH1_,HIACE III Wagon LH1_, RZH1_,HILUX II Pritsche\/Fahrgestell LN6_, LN5_, YN6_, YN5_, VZN1_,HIACE III Kasten YH7_, LH6_, LH7_, LH5_, YH5_, YH6_,DYNA Pritsche\/Fahrgestell KD_, LY_, TRY2_, KDY2_, XZU4_, XZ,HILUX Gel\u00e4ndewagen geschlossen RZN1_, LN1_,DYNA 150 Pritsche\/Fahrgestell LY_,DYNA 100 Pritsche\/Fahrgestell LY1_, YY1_; 1985005010, 1985054120<\/p>\n","protected":false},"excerpt":{"rendered":"<p>BOSCH Hehkutulppa 0 250 212 010  TOYOTA,HILUX VI Pick-up _N1_,HILUX V Pick-up LN_, KZN1_, VZN1_,HIACE IV Bus LH1_,HIACE IV Kasten LXH1_, RZH1_, LH1_<\/p>\n","protected":false},"featured_media":0,"template":"","meta":{"site-sidebar-layout":"default","site-content-layout":"default","ast-global-header-display":"","ast-main-header-display":"","ast-hfb-above-header-display":"","ast-hfb-below-header-display":"","ast-hfb-mobile-header-display":"","site-post-title":"","ast-breadcrumbs-content":"","ast-featured-img":"","footer-sml-layout":"","theme-transparent-header-meta":"","adv-header-id-meta":"","stick-header-meta":"","header-above-stick-meta":"","header-main-stick-meta":"","header-below-stick-meta":""},"pwb-brand":[534],"product_cat":[52],"product_tag":[],"class_list":{"0":"post-102475","1":"product","2":"type-product","3":"status-publish","5":"pwb-brand-bosch","6":"product_cat-hehkutulppa","7":"desktop-align-left","8":"tablet-align-left","9":"mobile-align-left","11":"first","12":"instock","13":"product-type-external"},"brands":[{"id":534,"name":"Bosch","slug":"bosch"}],"_links":{"self":[{"href":"https:\/\/www.autonvaraosahaku.fi\/index.php?rest_route=\/wp\/v2\/product\/102475","targetHints":{"allow":["GET"]}}],"collection":[{"href":"https:\/\/www.autonvaraosahaku.fi\/index.php?rest_route=\/wp\/v2\/product"}],"about":[{"href":"https:\/\/www.autonvaraosahaku.fi\/index.php?rest_route=\/wp\/v2\/types\/product"}],"wp:attachment":[{"href":"https:\/\/www.autonvaraosahaku.fi\/index.php?rest_route=%2Fwp%2Fv2%2Fmedia&parent=102475"}],"wp:term":[{"taxonomy":"pwb-brand","embeddable":true,"href":"https:\/\/www.autonvaraosahaku.fi\/index.php?rest_route=%2Fwp%2Fv2%2Fpwb-brand&post=102475"},{"taxonomy":"product_cat","embeddable":true,"href":"https:\/\/www.autonvaraosahaku.fi\/index.php?rest_route=%2Fwp%2Fv2%2Fproduct_cat&post=102475"},{"taxonomy":"product_tag","embeddable":true,"href":"https:\/\/www.autonvaraosahaku.fi\/index.php?rest_route=%2Fwp%2Fv2%2Fproduct_tag&post=102475"}],"curies":[{"name":"wp","href":"https:\/\/api.w.org\/{rel}","templated":true}]}}