{"id":10248,"date":"2021-02-21T14:08:15","date_gmt":"2021-02-21T14:08:15","guid":{"rendered":"https:\/\/www.autonvaraosahaku.fi\/?product=master-sport-304596-set-ms-vetonivel"},"modified":"2021-02-21T14:08:16","modified_gmt":"2021-02-21T14:08:16","slug":"master-sport-304596-set-ms-vetonivel","status":"publish","type":"product","link":"https:\/\/www.autonvaraosahaku.fi\/?product=master-sport-304596-set-ms-vetonivel","title":{"rendered":"MASTER-SPORT 304596-SET-MS Vetonivel"},"content":{"rendered":"<p>Asennuspuoli: Py\u00f6r\u00e4n puoli; Hammasluku, ABS-keh\u00e4: 29; Ulkohammastus, py\u00f6r\u00e4npuoli: 22; Tiivisteen l\u00e4pimitta [mm]: 52; Sis\u00e4hammastus, py\u00f6r\u00e4npuoli: 28; Pituus (mm): 155; Nettopaino [kg]: 1,97; Bruttopaino [kg]: 2,05; Vaihteistomalli: Schaltgetriebe; OPEL: CORSA C F08, F68,MERIVA,CORSA B 73_, 78_, 79_,TIGRA TwinTop,COMBO Kasten\/Kombi,COMBO Tour,TIGRA 95_,CORSA C Kasten F08, W5L,COMBO 71_; VAUXHALL: CORSA Mk II C W5L, F08,CORSA Mk I B,MERIVA Mk I A,CORSAVAN Mk II C,TIGRA Convertible,COMBO Mk I B,TIGRA Mk I F07,COMBO Mk II C Kasten\/Kombi F25; 0374218, 0374377, 26032411, 26089775, 374218, 374221, 374377, 0374218, 26032411, 374377; Nivelsarja, Vetoakseli<\/p>\n","protected":false},"excerpt":{"rendered":"<p>MASTER-SPORT Vetonivel 304596-SET-MS Nivelsarja, Vetoakseli OPEL,VAUXHALL,CORSA C F08, F68,MERIVA,CORSA B 73_, 78_, 79_,TIGRA TwinTop<\/p>\n","protected":false},"featured_media":0,"template":"","meta":{"site-sidebar-layout":"default","site-content-layout":"default","ast-global-header-display":"","ast-main-header-display":"","ast-hfb-above-header-display":"","ast-hfb-below-header-display":"","ast-hfb-mobile-header-display":"","site-post-title":"","ast-breadcrumbs-content":"","ast-featured-img":"","footer-sml-layout":"","theme-transparent-header-meta":"","adv-header-id-meta":"","stick-header-meta":"","header-above-stick-meta":"","header-main-stick-meta":"","header-below-stick-meta":""},"pwb-brand":[61],"product_cat":[175],"product_tag":[],"class_list":{"0":"post-10248","1":"product","2":"type-product","3":"status-publish","5":"pwb-brand-master-sport","6":"product_cat-vetonivel","7":"desktop-align-left","8":"tablet-align-left","9":"mobile-align-left","11":"first","12":"instock","13":"product-type-external"},"brands":[{"id":61,"name":"MASTER-SPORT","slug":"master-sport"}],"_links":{"self":[{"href":"https:\/\/www.autonvaraosahaku.fi\/index.php?rest_route=\/wp\/v2\/product\/10248","targetHints":{"allow":["GET"]}}],"collection":[{"href":"https:\/\/www.autonvaraosahaku.fi\/index.php?rest_route=\/wp\/v2\/product"}],"about":[{"href":"https:\/\/www.autonvaraosahaku.fi\/index.php?rest_route=\/wp\/v2\/types\/product"}],"wp:attachment":[{"href":"https:\/\/www.autonvaraosahaku.fi\/index.php?rest_route=%2Fwp%2Fv2%2Fmedia&parent=10248"}],"wp:term":[{"taxonomy":"pwb-brand","embeddable":true,"href":"https:\/\/www.autonvaraosahaku.fi\/index.php?rest_route=%2Fwp%2Fv2%2Fpwb-brand&post=10248"},{"taxonomy":"product_cat","embeddable":true,"href":"https:\/\/www.autonvaraosahaku.fi\/index.php?rest_route=%2Fwp%2Fv2%2Fproduct_cat&post=10248"},{"taxonomy":"product_tag","embeddable":true,"href":"https:\/\/www.autonvaraosahaku.fi\/index.php?rest_route=%2Fwp%2Fv2%2Fproduct_tag&post=10248"}],"curies":[{"name":"wp","href":"https:\/\/api.w.org\/{rel}","templated":true}]}}