{"id":102481,"date":"2021-02-21T22:50:08","date_gmt":"2021-02-21T22:50:08","guid":{"rendered":"https:\/\/www.autonvaraosahaku.fi\/?product=bosch-0-204-114-678-jarrukengat"},"modified":"2021-02-21T22:50:13","modified_gmt":"2021-02-21T22:50:13","slug":"bosch-0-204-114-678-jarrukengat","status":"publish","type":"product","link":"https:\/\/www.autonvaraosahaku.fi\/?product=bosch-0-204-114-678-jarrukengat","title":{"rendered":"Bosch 0 204 114 678 Jarrukeng\u00e4t"},"content":{"rendered":"<p>Asennusmalli: Esiasennettu; J\u00e4lkis\u00e4\u00e4t\u00f6: Automaattisella s\u00e4\u00e4d\u00f6ll\u00e4; Lis\u00e4tarvike\/lis\u00e4tieto: Tarvikkeilla, Py\u00f6r\u00e4n jarrun sylinterill\u00e4; Jarrupala\/-hihna: P\u00e4\u00e4llysteell\u00e4; Jarrurummun sis\u00e4-\u00d8 [mm]: 220; Leveys (mm): 36; M\u00e4nn\u00e4n halkaisija mm: 19,05; Asennuspuoli: Hinterachse; SUZUKI: SX4 EY, GY; FIAT: SEDICI<\/p>\n","protected":false},"excerpt":{"rendered":"<p>BOSCH Jarrukenk\u00e4sarja, Rumpujarru 0 204 114 678  SUZUKI,FIAT,SX4 EY, GY,SEDICI<\/p>\n","protected":false},"featured_media":0,"template":"","meta":{"site-sidebar-layout":"default","site-content-layout":"default","ast-global-header-display":"","ast-main-header-display":"","ast-hfb-above-header-display":"","ast-hfb-below-header-display":"","ast-hfb-mobile-header-display":"","site-post-title":"","ast-breadcrumbs-content":"","ast-featured-img":"","footer-sml-layout":"","theme-transparent-header-meta":"","adv-header-id-meta":"","stick-header-meta":"","header-above-stick-meta":"","header-main-stick-meta":"","header-below-stick-meta":""},"pwb-brand":[534],"product_cat":[176],"product_tag":[],"class_list":{"0":"post-102481","1":"product","2":"type-product","3":"status-publish","5":"pwb-brand-bosch","6":"product_cat-jarrukengat","7":"desktop-align-left","8":"tablet-align-left","9":"mobile-align-left","11":"first","12":"instock","13":"product-type-external"},"brands":[{"id":534,"name":"Bosch","slug":"bosch"}],"_links":{"self":[{"href":"https:\/\/www.autonvaraosahaku.fi\/index.php?rest_route=\/wp\/v2\/product\/102481","targetHints":{"allow":["GET"]}}],"collection":[{"href":"https:\/\/www.autonvaraosahaku.fi\/index.php?rest_route=\/wp\/v2\/product"}],"about":[{"href":"https:\/\/www.autonvaraosahaku.fi\/index.php?rest_route=\/wp\/v2\/types\/product"}],"wp:attachment":[{"href":"https:\/\/www.autonvaraosahaku.fi\/index.php?rest_route=%2Fwp%2Fv2%2Fmedia&parent=102481"}],"wp:term":[{"taxonomy":"pwb-brand","embeddable":true,"href":"https:\/\/www.autonvaraosahaku.fi\/index.php?rest_route=%2Fwp%2Fv2%2Fpwb-brand&post=102481"},{"taxonomy":"product_cat","embeddable":true,"href":"https:\/\/www.autonvaraosahaku.fi\/index.php?rest_route=%2Fwp%2Fv2%2Fproduct_cat&post=102481"},{"taxonomy":"product_tag","embeddable":true,"href":"https:\/\/www.autonvaraosahaku.fi\/index.php?rest_route=%2Fwp%2Fv2%2Fproduct_tag&post=102481"}],"curies":[{"name":"wp","href":"https:\/\/api.w.org\/{rel}","templated":true}]}}