{"id":102511,"date":"2021-02-21T22:50:26","date_gmt":"2021-02-21T22:50:26","guid":{"rendered":"https:\/\/www.autonvaraosahaku.fi\/?product=bosch-0-986-479-b33-jarrulevyt"},"modified":"2021-02-21T22:50:27","modified_gmt":"2021-02-21T22:50:27","slug":"bosch-0-986-479-b33-jarrulevyt","status":"publish","type":"product","link":"https:\/\/www.autonvaraosahaku.fi\/?product=bosch-0-986-479-b33-jarrulevyt","title":{"rendered":"Bosch 0 986 479 B33 Jarrulevyt"},"content":{"rendered":"<p>Ulkol\u00e4pimitta [mm]: 272; Jarrulevyn paksuus (mm): 15,9; V\u00e4himm\u00e4ispaksuus (mm): 14; Korkeus (mm): 96,5; Reik\u00e4ympyr\u00e4-\u00d8 [mm]: 130; Jarrulevytyyppi: Vakiomalli; keskitt\u00e4misl\u00e4pimitta [mm]: 85; Reikien m\u00e4\u00e4r\u00e4: 5; Pinta: pinnoitettu; K\u00e4sittely: hiiliter\u00e4s; t\u00e4ytt\u00e4\u00e4 ECE-normin: ECE-R90; Porausreik\u00e4l\u00e4pimitta enint\u00e4\u00e4n [mm]: 14,8; Rakennemalli: ; VW: LT 28-46 II Kasten 2DA, 2DD, 2DH,LT 28-35 II Bus 2DB, 2DE, 2DK,LT 28-46 II Pritsche\/Fahrgestell 2DC, 2DF, 2DG, 2DL, 2DM; MERCEDES-BENZ: G-CLASS W463,SPRINTER 3-t Kasten 903,G-CLASS W461,SPRINTER 3-t Bus 903,SPRINTER 3-t Pritsche\/Fahrgestell 903,SPRINTER 4-t Pritsche\/Fahrgestell 904,SPRINTER CLASSIC 3,5-t Kasten 909,SPRINTER 4-t Kasten 904,G-CLASS Cabrio W463,SPRINTER CLASSIC 4,6-t Bus 909; PUCH: G-MODELL W 461,G-MODELL W 463; 9024230112, 9024230312, 9024230412, 9024230512, A9024230112, A9024230312, A9024230412, A9024230512, 9024230312, 2D0615601A, 2D0615601D; Jarrulevy<\/p>\n","protected":false},"excerpt":{"rendered":"<p>BOSCH Jarrulevyt 0 986 479 B33 Jarrulevy VW,MERCEDES-BENZ,PUCH,LT 28-46 II Kasten 2DA, 2DD, 2DH,LT 28-35 II Bus 2DB, 2DE, 2DK<\/p>\n","protected":false},"featured_media":0,"template":"","meta":{"site-sidebar-layout":"default","site-content-layout":"default","ast-global-header-display":"","ast-main-header-display":"","ast-hfb-above-header-display":"","ast-hfb-below-header-display":"","ast-hfb-mobile-header-display":"","site-post-title":"","ast-breadcrumbs-content":"","ast-featured-img":"","footer-sml-layout":"","theme-transparent-header-meta":"","adv-header-id-meta":"","stick-header-meta":"","header-above-stick-meta":"","header-main-stick-meta":"","header-below-stick-meta":""},"pwb-brand":[534],"product_cat":[66],"product_tag":[],"class_list":{"0":"post-102511","1":"product","2":"type-product","3":"status-publish","5":"pwb-brand-bosch","6":"product_cat-jarrulevyt","7":"desktop-align-left","8":"tablet-align-left","9":"mobile-align-left","11":"first","12":"instock","13":"product-type-external"},"brands":[{"id":534,"name":"Bosch","slug":"bosch"}],"_links":{"self":[{"href":"https:\/\/www.autonvaraosahaku.fi\/index.php?rest_route=\/wp\/v2\/product\/102511","targetHints":{"allow":["GET"]}}],"collection":[{"href":"https:\/\/www.autonvaraosahaku.fi\/index.php?rest_route=\/wp\/v2\/product"}],"about":[{"href":"https:\/\/www.autonvaraosahaku.fi\/index.php?rest_route=\/wp\/v2\/types\/product"}],"wp:attachment":[{"href":"https:\/\/www.autonvaraosahaku.fi\/index.php?rest_route=%2Fwp%2Fv2%2Fmedia&parent=102511"}],"wp:term":[{"taxonomy":"pwb-brand","embeddable":true,"href":"https:\/\/www.autonvaraosahaku.fi\/index.php?rest_route=%2Fwp%2Fv2%2Fpwb-brand&post=102511"},{"taxonomy":"product_cat","embeddable":true,"href":"https:\/\/www.autonvaraosahaku.fi\/index.php?rest_route=%2Fwp%2Fv2%2Fproduct_cat&post=102511"},{"taxonomy":"product_tag","embeddable":true,"href":"https:\/\/www.autonvaraosahaku.fi\/index.php?rest_route=%2Fwp%2Fv2%2Fproduct_tag&post=102511"}],"curies":[{"name":"wp","href":"https:\/\/api.w.org\/{rel}","templated":true}]}}